{"id":903,"date":"2019-04-26T14:03:32","date_gmt":"2019-04-26T12:03:32","guid":{"rendered":"https:\/\/ambrecardinal.com\/ambrecardinal-2\/?post_type=product&#038;p=903"},"modified":"2021-11-02T12:38:50","modified_gmt":"2021-11-02T11:38:50","slug":"only-me-earrings","status":"publish","type":"product","link":"https:\/\/ambrecardinal.com\/jewelry\/product\/only-me-earrings\/","title":{"rendered":"Boucle d&#8217;oreille Only Me"},"content":{"rendered":"<p>Emboss\u00e9s dans la mati\u00e8re, les mots en braille diffusent leur message comme un mantra secret. Au contact du corps, le bijou de pens\u00e9e lib\u00e8re l\u2019\u00e9nergie de la parole. Puissance du toucher\u00a0qui d\u2019un doigt effleure la ligne compos\u00e9e d\u2019une succession de points pour se reconnecter \u00e0 son propre corps dans une intense pr\u00e9sence \u00e0 soi.<\/p>\n<p><span class=\"Y2IQFc\" lang=\"fr\" style=\"font-family: 'Gowun Dodum';\">Ces boucles d&#8217;oreilles asym\u00e9triques et de forme compl\u00e9mentaires v\u00e9hiculent le mantra \u00ab I am the only&#8230;. Me \u00bb; c<\/span><span class=\"Y2IQFc\" lang=\"fr\" style=\"font-family: 'Gowun Dodum';\">e qui signifie &#8220;Je suis l&#8217;unique\u2026 Moi &#8220;.<\/span><\/p>\n<p><span class=\"Y2IQFc\" lang=\"fr\" style=\"font-family: 'Gowun Dodum';\">Chaque bijou est fabriqu\u00e9 \u00e0 la main et appara\u00eet unique.<\/span><\/p>\n","protected":false},"excerpt":{"rendered":"<ul>\n<li>Boucle d&#8217;oreille en braille \u201cI am the only &#8230; me\u201d<\/li>\n<li>Fabriqu\u00e9 en France<\/li>\n<li>Plaqu\u00e9 or 24 carats (3 microns)<\/li>\n<\/ul>\n","protected":false},"featured_media":858,"comment_status":"open","ping_status":"closed","template":"","meta":[],"product_cat":[19,23],"product_tag":[],"yoast_head":"<!-- This site is optimized with the Yoast SEO plugin v17.0 - https:\/\/yoast.com\/wordpress\/plugins\/seo\/ -->\n<title>Boucle d&#039;oreille Only Me - Boutique<\/title>\n<meta name=\"robots\" content=\"index, follow, max-snippet:-1, max-image-preview:large, max-video-preview:-1\" \/>\n<link rel=\"canonical\" href=\"https:\/\/ambrecardinal.com\/jewelry\/product\/only-me-earrings\/\" \/>\n<meta property=\"og:locale\" content=\"en_US\" \/>\n<meta property=\"og:type\" content=\"article\" \/>\n<meta property=\"og:title\" content=\"Boucle d&#039;oreille Only Me - Boutique\" \/>\n<meta property=\"og:description\" content=\"Boucle d&#039;oreille en braille \u201cI am the only ... me\u201d  Fabriqu\u00e9 en France  Plaqu\u00e9 or 24 carats (3 microns)\" \/>\n<meta property=\"og:url\" content=\"https:\/\/ambrecardinal.com\/jewelry\/product\/only-me-earrings\/\" \/>\n<meta property=\"og:site_name\" content=\"Boutique\" \/>\n<meta property=\"article:modified_time\" content=\"2021-11-02T11:38:50+00:00\" \/>\n<meta property=\"og:image\" content=\"https:\/\/ambrecardinal.com\/jewelry\/wp-content\/uploads\/sites\/11\/2019\/04\/only-me-earrings-Braille-bijou-jewelry-jewellery-hand-made-fait-main-createur-designer-ambre-cardinal-boucle-oreille.jpg\" \/>\n\t<meta property=\"og:image:width\" content=\"600\" \/>\n\t<meta property=\"og:image:height\" content=\"600\" \/>\n<meta name=\"twitter:card\" content=\"summary_large_image\" \/>\n<meta name=\"twitter:label1\" content=\"Est. reading time\" \/>\n\t<meta name=\"twitter:data1\" content=\"1 minute\" \/>\n<script type=\"application\/ld+json\" class=\"yoast-schema-graph\">{\"@context\":\"https:\/\/schema.org\",\"@graph\":[{\"@type\":\"WebSite\",\"@id\":\"https:\/\/ambrecardinal.com\/jewelry\/#website\",\"url\":\"https:\/\/ambrecardinal.com\/jewelry\/\",\"name\":\"Boutique\",\"description\":\"Film direction - Photography - Jewelry design\",\"potentialAction\":[{\"@type\":\"SearchAction\",\"target\":{\"@type\":\"EntryPoint\",\"urlTemplate\":\"https:\/\/ambrecardinal.com\/jewelry\/?s={search_term_string}\"},\"query-input\":\"required name=search_term_string\"}],\"inLanguage\":\"en-US\"},{\"@type\":\"ImageObject\",\"@id\":\"https:\/\/ambrecardinal.com\/jewelry\/product\/only-me-earrings\/#primaryimage\",\"inLanguage\":\"en-US\",\"url\":\"https:\/\/ambrecardinal.com\/jewelry\/wp-content\/uploads\/sites\/11\/2019\/04\/only-me-earrings-Braille-bijou-jewelry-jewellery-hand-made-fait-main-createur-designer-ambre-cardinal-boucle-oreille.jpg\",\"contentUrl\":\"https:\/\/ambrecardinal.com\/jewelry\/wp-content\/uploads\/sites\/11\/2019\/04\/only-me-earrings-Braille-bijou-jewelry-jewellery-hand-made-fait-main-createur-designer-ambre-cardinal-boucle-oreille.jpg\",\"width\":600,\"height\":600},{\"@type\":\"WebPage\",\"@id\":\"https:\/\/ambrecardinal.com\/jewelry\/product\/only-me-earrings\/#webpage\",\"url\":\"https:\/\/ambrecardinal.com\/jewelry\/product\/only-me-earrings\/\",\"name\":\"Boucle d'oreille Only Me - Boutique\",\"isPartOf\":{\"@id\":\"https:\/\/ambrecardinal.com\/jewelry\/#website\"},\"primaryImageOfPage\":{\"@id\":\"https:\/\/ambrecardinal.com\/jewelry\/product\/only-me-earrings\/#primaryimage\"},\"datePublished\":\"2019-04-26T12:03:32+00:00\",\"dateModified\":\"2021-11-02T11:38:50+00:00\",\"breadcrumb\":{\"@id\":\"https:\/\/ambrecardinal.com\/jewelry\/product\/only-me-earrings\/#breadcrumb\"},\"inLanguage\":\"en-US\",\"potentialAction\":[{\"@type\":\"ReadAction\",\"target\":[\"https:\/\/ambrecardinal.com\/jewelry\/product\/only-me-earrings\/\"]}]},{\"@type\":\"BreadcrumbList\",\"@id\":\"https:\/\/ambrecardinal.com\/jewelry\/product\/only-me-earrings\/#breadcrumb\",\"itemListElement\":[{\"@type\":\"ListItem\",\"position\":1,\"name\":\"Accueil\",\"item\":\"https:\/\/ambrecardinal.com\/jewelry\/\"},{\"@type\":\"ListItem\",\"position\":2,\"name\":\"A.C JEWELRY\",\"item\":\"https:\/\/ambrecardinal.com\/jewelry\/\"},{\"@type\":\"ListItem\",\"position\":3,\"name\":\"Boucle d&#8217;oreille Only Me\"}]}]}<\/script>\n<!-- \/ Yoast SEO plugin. -->","yoast_head_json":{"title":"Boucle d'oreille Only Me - Boutique","robots":{"index":"index","follow":"follow","max-snippet":"max-snippet:-1","max-image-preview":"max-image-preview:large","max-video-preview":"max-video-preview:-1"},"canonical":"https:\/\/ambrecardinal.com\/jewelry\/product\/only-me-earrings\/","og_locale":"en_US","og_type":"article","og_title":"Boucle d'oreille Only Me - Boutique","og_description":"Boucle d'oreille en braille \u201cI am the only ... me\u201d  Fabriqu\u00e9 en France  Plaqu\u00e9 or 24 carats (3 microns)","og_url":"https:\/\/ambrecardinal.com\/jewelry\/product\/only-me-earrings\/","og_site_name":"Boutique","article_modified_time":"2021-11-02T11:38:50+00:00","og_image":[{"width":600,"height":600,"url":"https:\/\/ambrecardinal.com\/jewelry\/wp-content\/uploads\/sites\/11\/2019\/04\/only-me-earrings-Braille-bijou-jewelry-jewellery-hand-made-fait-main-createur-designer-ambre-cardinal-boucle-oreille.jpg","path":"\/home\/ambrecarlm\/www\/wp-content\/uploads\/sites\/11\/2019\/04\/only-me-earrings-Braille-bijou-jewelry-jewellery-hand-made-fait-main-createur-designer-ambre-cardinal-boucle-oreille.jpg","size":"full","id":858,"alt":"","pixels":360000,"type":"image\/jpeg"}],"twitter_card":"summary_large_image","twitter_misc":{"Est. reading time":"1 minute"},"schema":{"@context":"https:\/\/schema.org","@graph":[{"@type":"WebSite","@id":"https:\/\/ambrecardinal.com\/jewelry\/#website","url":"https:\/\/ambrecardinal.com\/jewelry\/","name":"Boutique","description":"Film direction - Photography - Jewelry design","potentialAction":[{"@type":"SearchAction","target":{"@type":"EntryPoint","urlTemplate":"https:\/\/ambrecardinal.com\/jewelry\/?s={search_term_string}"},"query-input":"required name=search_term_string"}],"inLanguage":"en-US"},{"@type":"ImageObject","@id":"https:\/\/ambrecardinal.com\/jewelry\/product\/only-me-earrings\/#primaryimage","inLanguage":"en-US","url":"https:\/\/ambrecardinal.com\/jewelry\/wp-content\/uploads\/sites\/11\/2019\/04\/only-me-earrings-Braille-bijou-jewelry-jewellery-hand-made-fait-main-createur-designer-ambre-cardinal-boucle-oreille.jpg","contentUrl":"https:\/\/ambrecardinal.com\/jewelry\/wp-content\/uploads\/sites\/11\/2019\/04\/only-me-earrings-Braille-bijou-jewelry-jewellery-hand-made-fait-main-createur-designer-ambre-cardinal-boucle-oreille.jpg","width":600,"height":600},{"@type":"WebPage","@id":"https:\/\/ambrecardinal.com\/jewelry\/product\/only-me-earrings\/#webpage","url":"https:\/\/ambrecardinal.com\/jewelry\/product\/only-me-earrings\/","name":"Boucle d'oreille Only Me - Boutique","isPartOf":{"@id":"https:\/\/ambrecardinal.com\/jewelry\/#website"},"primaryImageOfPage":{"@id":"https:\/\/ambrecardinal.com\/jewelry\/product\/only-me-earrings\/#primaryimage"},"datePublished":"2019-04-26T12:03:32+00:00","dateModified":"2021-11-02T11:38:50+00:00","breadcrumb":{"@id":"https:\/\/ambrecardinal.com\/jewelry\/product\/only-me-earrings\/#breadcrumb"},"inLanguage":"en-US","potentialAction":[{"@type":"ReadAction","target":["https:\/\/ambrecardinal.com\/jewelry\/product\/only-me-earrings\/"]}]},{"@type":"BreadcrumbList","@id":"https:\/\/ambrecardinal.com\/jewelry\/product\/only-me-earrings\/#breadcrumb","itemListElement":[{"@type":"ListItem","position":1,"name":"Accueil","item":"https:\/\/ambrecardinal.com\/jewelry\/"},{"@type":"ListItem","position":2,"name":"A.C JEWELRY","item":"https:\/\/ambrecardinal.com\/jewelry\/"},{"@type":"ListItem","position":3,"name":"Boucle d&#8217;oreille Only Me"}]}]}},"_links":{"self":[{"href":"https:\/\/ambrecardinal.com\/jewelry\/wp-json\/wp\/v2\/product\/903"}],"collection":[{"href":"https:\/\/ambrecardinal.com\/jewelry\/wp-json\/wp\/v2\/product"}],"about":[{"href":"https:\/\/ambrecardinal.com\/jewelry\/wp-json\/wp\/v2\/types\/product"}],"replies":[{"embeddable":true,"href":"https:\/\/ambrecardinal.com\/jewelry\/wp-json\/wp\/v2\/comments?post=903"}],"version-history":[{"count":9,"href":"https:\/\/ambrecardinal.com\/jewelry\/wp-json\/wp\/v2\/product\/903\/revisions"}],"predecessor-version":[{"id":1883,"href":"https:\/\/ambrecardinal.com\/jewelry\/wp-json\/wp\/v2\/product\/903\/revisions\/1883"}],"wp:featuredmedia":[{"embeddable":true,"href":"https:\/\/ambrecardinal.com\/jewelry\/wp-json\/wp\/v2\/media\/858"}],"wp:attachment":[{"href":"https:\/\/ambrecardinal.com\/jewelry\/wp-json\/wp\/v2\/media?parent=903"}],"wp:term":[{"taxonomy":"product_cat","embeddable":true,"href":"https:\/\/ambrecardinal.com\/jewelry\/wp-json\/wp\/v2\/product_cat?post=903"},{"taxonomy":"product_tag","embeddable":true,"href":"https:\/\/ambrecardinal.com\/jewelry\/wp-json\/wp\/v2\/product_tag?post=903"}],"curies":[{"name":"wp","href":"https:\/\/api.w.org\/{rel}","templated":true}]}}