{"id":877,"date":"2019-04-26T13:27:15","date_gmt":"2019-04-26T11:27:15","guid":{"rendered":"https:\/\/ambrecardinal.com\/ambrecardinal-2\/?post_type=product&#038;p=877"},"modified":"2021-11-02T12:25:10","modified_gmt":"2021-11-02T11:25:10","slug":"planet-bracelet","status":"publish","type":"product","link":"https:\/\/ambrecardinal.com\/jewelry\/product\/planet-bracelet\/","title":{"rendered":"bracelet Planet"},"content":{"rendered":"<p>Emboss\u00e9s dans la mati\u00e8re, les mots en braille diffusent leur message comme un mantra secret. Au contact du corps, le bijou de pens\u00e9e lib\u00e8re l\u2019\u00e9nergie de la parole. Puissance du toucher\u00a0qui d\u2019un doigt effleure la ligne compos\u00e9e d\u2019une succession de points pour se reconnecter \u00e0 son propre corps dans une intense pr\u00e9sence \u00e0 soi.<\/p>\n<p><span class=\"Y2IQFc\" lang=\"fr\" style=\"font-family: 'Gowun Dodum';\">Ce bracelet circulaire v\u00e9hicule le mantra \u00ab A moi seule je suis une plan\u00e8te \u00bb.<\/span><\/p>\n<p><span class=\"Y2IQFc\" lang=\"fr\" style=\"font-family: 'Gowun Dodum';\">Chaque bijou est fabriqu\u00e9 \u00e0 la main et appara\u00eet donc unique.<\/span><\/p>\n","protected":false},"excerpt":{"rendered":"<ul>\n<li>Bracelet en braille \u201cA moi seule je suis une plan\u00e8te&#8221;<\/li>\n<li>Fabriqu\u00e9 en France<\/li>\n<li>Plaqu\u00e9 or 24 carats (3 microns)<\/li>\n<\/ul>\n","protected":false},"featured_media":859,"comment_status":"open","ping_status":"closed","template":"","meta":[],"product_cat":[19,26],"product_tag":[],"yoast_head":"<!-- This site is optimized with the Yoast SEO plugin v17.0 - https:\/\/yoast.com\/wordpress\/plugins\/seo\/ -->\n<title>bracelet Planet - Boutique<\/title>\n<meta name=\"robots\" content=\"index, follow, max-snippet:-1, max-image-preview:large, max-video-preview:-1\" \/>\n<link rel=\"canonical\" href=\"https:\/\/ambrecardinal.com\/jewelry\/product\/planet-bracelet\/\" \/>\n<meta property=\"og:locale\" content=\"en_US\" \/>\n<meta property=\"og:type\" content=\"article\" \/>\n<meta property=\"og:title\" content=\"bracelet Planet - Boutique\" \/>\n<meta property=\"og:description\" content=\"Bracelet en braille \u201cA moi seule je suis une plan\u00e8te&quot;  Fabriqu\u00e9 en France  Plaqu\u00e9 or 24 carats (3 microns)\" \/>\n<meta property=\"og:url\" content=\"https:\/\/ambrecardinal.com\/jewelry\/product\/planet-bracelet\/\" \/>\n<meta property=\"og:site_name\" content=\"Boutique\" \/>\n<meta property=\"article:modified_time\" content=\"2021-11-02T11:25:10+00:00\" \/>\n<meta property=\"og:image\" content=\"https:\/\/ambrecardinal.com\/jewelry\/wp-content\/uploads\/sites\/11\/2019\/04\/planete-bracelet-Braille-bijou-jewelry-jewellery-hand-made-fait-main-createur-designer-ambre-cardinal.jpg\" \/>\n\t<meta property=\"og:image:width\" content=\"600\" \/>\n\t<meta property=\"og:image:height\" content=\"600\" \/>\n<meta name=\"twitter:card\" content=\"summary_large_image\" \/>\n<meta name=\"twitter:label1\" content=\"Est. reading time\" \/>\n\t<meta name=\"twitter:data1\" content=\"1 minute\" \/>\n<script type=\"application\/ld+json\" class=\"yoast-schema-graph\">{\"@context\":\"https:\/\/schema.org\",\"@graph\":[{\"@type\":\"WebSite\",\"@id\":\"https:\/\/ambrecardinal.com\/jewelry\/#website\",\"url\":\"https:\/\/ambrecardinal.com\/jewelry\/\",\"name\":\"Boutique\",\"description\":\"Film direction - Photography - Jewelry design\",\"potentialAction\":[{\"@type\":\"SearchAction\",\"target\":{\"@type\":\"EntryPoint\",\"urlTemplate\":\"https:\/\/ambrecardinal.com\/jewelry\/?s={search_term_string}\"},\"query-input\":\"required name=search_term_string\"}],\"inLanguage\":\"en-US\"},{\"@type\":\"ImageObject\",\"@id\":\"https:\/\/ambrecardinal.com\/jewelry\/product\/planet-bracelet\/#primaryimage\",\"inLanguage\":\"en-US\",\"url\":\"https:\/\/ambrecardinal.com\/jewelry\/wp-content\/uploads\/sites\/11\/2019\/04\/planete-bracelet-Braille-bijou-jewelry-jewellery-hand-made-fait-main-createur-designer-ambre-cardinal.jpg\",\"contentUrl\":\"https:\/\/ambrecardinal.com\/jewelry\/wp-content\/uploads\/sites\/11\/2019\/04\/planete-bracelet-Braille-bijou-jewelry-jewellery-hand-made-fait-main-createur-designer-ambre-cardinal.jpg\",\"width\":600,\"height\":600},{\"@type\":\"WebPage\",\"@id\":\"https:\/\/ambrecardinal.com\/jewelry\/product\/planet-bracelet\/#webpage\",\"url\":\"https:\/\/ambrecardinal.com\/jewelry\/product\/planet-bracelet\/\",\"name\":\"bracelet Planet - Boutique\",\"isPartOf\":{\"@id\":\"https:\/\/ambrecardinal.com\/jewelry\/#website\"},\"primaryImageOfPage\":{\"@id\":\"https:\/\/ambrecardinal.com\/jewelry\/product\/planet-bracelet\/#primaryimage\"},\"datePublished\":\"2019-04-26T11:27:15+00:00\",\"dateModified\":\"2021-11-02T11:25:10+00:00\",\"breadcrumb\":{\"@id\":\"https:\/\/ambrecardinal.com\/jewelry\/product\/planet-bracelet\/#breadcrumb\"},\"inLanguage\":\"en-US\",\"potentialAction\":[{\"@type\":\"ReadAction\",\"target\":[\"https:\/\/ambrecardinal.com\/jewelry\/product\/planet-bracelet\/\"]}]},{\"@type\":\"BreadcrumbList\",\"@id\":\"https:\/\/ambrecardinal.com\/jewelry\/product\/planet-bracelet\/#breadcrumb\",\"itemListElement\":[{\"@type\":\"ListItem\",\"position\":1,\"name\":\"Accueil\",\"item\":\"https:\/\/ambrecardinal.com\/jewelry\/\"},{\"@type\":\"ListItem\",\"position\":2,\"name\":\"A.C JEWELRY\",\"item\":\"https:\/\/ambrecardinal.com\/jewelry\/\"},{\"@type\":\"ListItem\",\"position\":3,\"name\":\"bracelet Planet\"}]}]}<\/script>\n<!-- \/ Yoast SEO plugin. -->","yoast_head_json":{"title":"bracelet Planet - Boutique","robots":{"index":"index","follow":"follow","max-snippet":"max-snippet:-1","max-image-preview":"max-image-preview:large","max-video-preview":"max-video-preview:-1"},"canonical":"https:\/\/ambrecardinal.com\/jewelry\/product\/planet-bracelet\/","og_locale":"en_US","og_type":"article","og_title":"bracelet Planet - Boutique","og_description":"Bracelet en braille \u201cA moi seule je suis une plan\u00e8te\"  Fabriqu\u00e9 en France  Plaqu\u00e9 or 24 carats (3 microns)","og_url":"https:\/\/ambrecardinal.com\/jewelry\/product\/planet-bracelet\/","og_site_name":"Boutique","article_modified_time":"2021-11-02T11:25:10+00:00","og_image":[{"width":600,"height":600,"url":"https:\/\/ambrecardinal.com\/jewelry\/wp-content\/uploads\/sites\/11\/2019\/04\/planete-bracelet-Braille-bijou-jewelry-jewellery-hand-made-fait-main-createur-designer-ambre-cardinal.jpg","path":"\/home\/ambrecarlm\/www\/wp-content\/uploads\/sites\/11\/2019\/04\/planete-bracelet-Braille-bijou-jewelry-jewellery-hand-made-fait-main-createur-designer-ambre-cardinal.jpg","size":"full","id":859,"alt":"","pixels":360000,"type":"image\/jpeg"}],"twitter_card":"summary_large_image","twitter_misc":{"Est. reading time":"1 minute"},"schema":{"@context":"https:\/\/schema.org","@graph":[{"@type":"WebSite","@id":"https:\/\/ambrecardinal.com\/jewelry\/#website","url":"https:\/\/ambrecardinal.com\/jewelry\/","name":"Boutique","description":"Film direction - Photography - Jewelry design","potentialAction":[{"@type":"SearchAction","target":{"@type":"EntryPoint","urlTemplate":"https:\/\/ambrecardinal.com\/jewelry\/?s={search_term_string}"},"query-input":"required name=search_term_string"}],"inLanguage":"en-US"},{"@type":"ImageObject","@id":"https:\/\/ambrecardinal.com\/jewelry\/product\/planet-bracelet\/#primaryimage","inLanguage":"en-US","url":"https:\/\/ambrecardinal.com\/jewelry\/wp-content\/uploads\/sites\/11\/2019\/04\/planete-bracelet-Braille-bijou-jewelry-jewellery-hand-made-fait-main-createur-designer-ambre-cardinal.jpg","contentUrl":"https:\/\/ambrecardinal.com\/jewelry\/wp-content\/uploads\/sites\/11\/2019\/04\/planete-bracelet-Braille-bijou-jewelry-jewellery-hand-made-fait-main-createur-designer-ambre-cardinal.jpg","width":600,"height":600},{"@type":"WebPage","@id":"https:\/\/ambrecardinal.com\/jewelry\/product\/planet-bracelet\/#webpage","url":"https:\/\/ambrecardinal.com\/jewelry\/product\/planet-bracelet\/","name":"bracelet Planet - Boutique","isPartOf":{"@id":"https:\/\/ambrecardinal.com\/jewelry\/#website"},"primaryImageOfPage":{"@id":"https:\/\/ambrecardinal.com\/jewelry\/product\/planet-bracelet\/#primaryimage"},"datePublished":"2019-04-26T11:27:15+00:00","dateModified":"2021-11-02T11:25:10+00:00","breadcrumb":{"@id":"https:\/\/ambrecardinal.com\/jewelry\/product\/planet-bracelet\/#breadcrumb"},"inLanguage":"en-US","potentialAction":[{"@type":"ReadAction","target":["https:\/\/ambrecardinal.com\/jewelry\/product\/planet-bracelet\/"]}]},{"@type":"BreadcrumbList","@id":"https:\/\/ambrecardinal.com\/jewelry\/product\/planet-bracelet\/#breadcrumb","itemListElement":[{"@type":"ListItem","position":1,"name":"Accueil","item":"https:\/\/ambrecardinal.com\/jewelry\/"},{"@type":"ListItem","position":2,"name":"A.C JEWELRY","item":"https:\/\/ambrecardinal.com\/jewelry\/"},{"@type":"ListItem","position":3,"name":"bracelet Planet"}]}]}},"_links":{"self":[{"href":"https:\/\/ambrecardinal.com\/jewelry\/wp-json\/wp\/v2\/product\/877"}],"collection":[{"href":"https:\/\/ambrecardinal.com\/jewelry\/wp-json\/wp\/v2\/product"}],"about":[{"href":"https:\/\/ambrecardinal.com\/jewelry\/wp-json\/wp\/v2\/types\/product"}],"replies":[{"embeddable":true,"href":"https:\/\/ambrecardinal.com\/jewelry\/wp-json\/wp\/v2\/comments?post=877"}],"version-history":[{"count":6,"href":"https:\/\/ambrecardinal.com\/jewelry\/wp-json\/wp\/v2\/product\/877\/revisions"}],"predecessor-version":[{"id":1875,"href":"https:\/\/ambrecardinal.com\/jewelry\/wp-json\/wp\/v2\/product\/877\/revisions\/1875"}],"wp:featuredmedia":[{"embeddable":true,"href":"https:\/\/ambrecardinal.com\/jewelry\/wp-json\/wp\/v2\/media\/859"}],"wp:attachment":[{"href":"https:\/\/ambrecardinal.com\/jewelry\/wp-json\/wp\/v2\/media?parent=877"}],"wp:term":[{"taxonomy":"product_cat","embeddable":true,"href":"https:\/\/ambrecardinal.com\/jewelry\/wp-json\/wp\/v2\/product_cat?post=877"},{"taxonomy":"product_tag","embeddable":true,"href":"https:\/\/ambrecardinal.com\/jewelry\/wp-json\/wp\/v2\/product_tag?post=877"}],"curies":[{"name":"wp","href":"https:\/\/api.w.org\/{rel}","templated":true}]}}