{"id":823,"date":"2019-04-25T04:22:36","date_gmt":"2019-04-25T02:22:36","guid":{"rendered":"https:\/\/ambrecardinal.com\/ambrecardinal-2\/?post_type=product&#038;p=823"},"modified":"2021-11-09T15:05:14","modified_gmt":"2021-11-09T14:05:14","slug":"kidal-bracelet","status":"publish","type":"product","link":"https:\/\/ambrecardinal.com\/jewelry\/product\/kidal-bracelet\/","title":{"rendered":"Bracelet Kidal"},"content":{"rendered":"<div class=\"page\" title=\"Page 15\">\n<div class=\"layoutArea\">\n<div class=\"column\">\n<div class=\"page\" title=\"Page 21\">\n<div class=\"layoutArea\">\n<div class=\"column\">\n<div class=\"page\" title=\"Page 22\">\n<div class=\"layoutArea\">\n<div class=\"column\">\n<p>S\u2019inspirant de formes g\u00e9om\u00e9triques \u00e9l\u00e9mentaires issues de diverses cultures et des mobiles d\u2019Alexander Calder, Ambre sculpte le jonc en laiton \u00e0 m\u00eame la peau avant de le dorer \u00e0 l\u2019or fin 24 carats. Ces bijoux-sculptures rythment les silhouettes en soulignant les mouvements du corps avec \u00e9l\u00e9gance.<\/p>\n<p>Ce bracelet allie sa cha\u00eene serpent et son jonc carr\u00e9. Modulable, il se porte au gr\u00e9 de vos envies. Son fermoir aimant\u00e9 renforce l&#8217;approche ludique de l&#8217;objet.<\/p>\n<p>Chaque bijou est fabriqu\u00e9 \u00e0 la main et appara\u00eet unique.<\/p>\n<p>&nbsp;<\/p>\n<p>&nbsp;<\/p>\n<\/div>\n<\/div>\n<\/div>\n<\/div>\n<\/div>\n<\/div>\n<\/div>\n<\/div>\n<\/div>\n","protected":false},"excerpt":{"rendered":"<ul>\n<li>Bracelet cha\u00eene serpent et jonc carr\u00e9<\/li>\n<li>Fabriqu\u00e9 en France<\/li>\n<li>Bijou unisex<\/li>\n<li>Plaqu\u00e9 or 24 carats (3 microns)<\/li>\n<li>Disponible en plaqu\u00e9 or jaune, or rose et palladium<\/li>\n<\/ul>\n","protected":false},"featured_media":611,"comment_status":"open","ping_status":"closed","template":"","meta":[],"product_cat":[19,26],"product_tag":[],"yoast_head":"<!-- This site is optimized with the Yoast SEO plugin v17.0 - https:\/\/yoast.com\/wordpress\/plugins\/seo\/ -->\n<title>Bracelet Kidal - Boutique<\/title>\n<meta name=\"robots\" content=\"index, follow, max-snippet:-1, max-image-preview:large, max-video-preview:-1\" \/>\n<link rel=\"canonical\" href=\"https:\/\/ambrecardinal.com\/jewelry\/product\/kidal-bracelet\/\" \/>\n<meta property=\"og:locale\" content=\"en_US\" \/>\n<meta property=\"og:type\" content=\"article\" \/>\n<meta property=\"og:title\" content=\"Bracelet Kidal - Boutique\" \/>\n<meta property=\"og:description\" content=\"Bracelet cha\u00eene serpent et jonc carr\u00e9  Fabriqu\u00e9 en France  Bijou unisex  Plaqu\u00e9 or 24 carats (3 microns)  Disponible en plaqu\u00e9 or jaune, or rose et palladium\" \/>\n<meta property=\"og:url\" content=\"https:\/\/ambrecardinal.com\/jewelry\/product\/kidal-bracelet\/\" \/>\n<meta property=\"og:site_name\" content=\"Boutique\" \/>\n<meta property=\"article:modified_time\" content=\"2021-11-09T14:05:14+00:00\" \/>\n<meta property=\"og:image\" content=\"https:\/\/ambrecardinal.com\/jewelry\/wp-content\/uploads\/sites\/11\/2019\/04\/Kidal-bracelet-or-femme-homme.jpg\" \/>\n\t<meta property=\"og:image:width\" content=\"600\" \/>\n\t<meta property=\"og:image:height\" content=\"600\" \/>\n<meta name=\"twitter:card\" content=\"summary_large_image\" \/>\n<meta name=\"twitter:label1\" content=\"Est. reading time\" \/>\n\t<meta name=\"twitter:data1\" content=\"1 minute\" \/>\n<script type=\"application\/ld+json\" class=\"yoast-schema-graph\">{\"@context\":\"https:\/\/schema.org\",\"@graph\":[{\"@type\":\"WebSite\",\"@id\":\"https:\/\/ambrecardinal.com\/jewelry\/#website\",\"url\":\"https:\/\/ambrecardinal.com\/jewelry\/\",\"name\":\"Boutique\",\"description\":\"Film direction - Photography - Jewelry design\",\"potentialAction\":[{\"@type\":\"SearchAction\",\"target\":{\"@type\":\"EntryPoint\",\"urlTemplate\":\"https:\/\/ambrecardinal.com\/jewelry\/?s={search_term_string}\"},\"query-input\":\"required name=search_term_string\"}],\"inLanguage\":\"en-US\"},{\"@type\":\"ImageObject\",\"@id\":\"https:\/\/ambrecardinal.com\/jewelry\/product\/kidal-bracelet\/#primaryimage\",\"inLanguage\":\"en-US\",\"url\":\"https:\/\/ambrecardinal.com\/jewelry\/wp-content\/uploads\/sites\/11\/2019\/04\/Kidal-bracelet-or-femme-homme.jpg\",\"contentUrl\":\"https:\/\/ambrecardinal.com\/jewelry\/wp-content\/uploads\/sites\/11\/2019\/04\/Kidal-bracelet-or-femme-homme.jpg\",\"width\":600,\"height\":600},{\"@type\":\"WebPage\",\"@id\":\"https:\/\/ambrecardinal.com\/jewelry\/product\/kidal-bracelet\/#webpage\",\"url\":\"https:\/\/ambrecardinal.com\/jewelry\/product\/kidal-bracelet\/\",\"name\":\"Bracelet Kidal - Boutique\",\"isPartOf\":{\"@id\":\"https:\/\/ambrecardinal.com\/jewelry\/#website\"},\"primaryImageOfPage\":{\"@id\":\"https:\/\/ambrecardinal.com\/jewelry\/product\/kidal-bracelet\/#primaryimage\"},\"datePublished\":\"2019-04-25T02:22:36+00:00\",\"dateModified\":\"2021-11-09T14:05:14+00:00\",\"breadcrumb\":{\"@id\":\"https:\/\/ambrecardinal.com\/jewelry\/product\/kidal-bracelet\/#breadcrumb\"},\"inLanguage\":\"en-US\",\"potentialAction\":[{\"@type\":\"ReadAction\",\"target\":[\"https:\/\/ambrecardinal.com\/jewelry\/product\/kidal-bracelet\/\"]}]},{\"@type\":\"BreadcrumbList\",\"@id\":\"https:\/\/ambrecardinal.com\/jewelry\/product\/kidal-bracelet\/#breadcrumb\",\"itemListElement\":[{\"@type\":\"ListItem\",\"position\":1,\"name\":\"Accueil\",\"item\":\"https:\/\/ambrecardinal.com\/jewelry\/\"},{\"@type\":\"ListItem\",\"position\":2,\"name\":\"A.C JEWELRY\",\"item\":\"https:\/\/ambrecardinal.com\/jewelry\/\"},{\"@type\":\"ListItem\",\"position\":3,\"name\":\"Bracelet Kidal\"}]}]}<\/script>\n<!-- \/ Yoast SEO plugin. -->","yoast_head_json":{"title":"Bracelet Kidal - Boutique","robots":{"index":"index","follow":"follow","max-snippet":"max-snippet:-1","max-image-preview":"max-image-preview:large","max-video-preview":"max-video-preview:-1"},"canonical":"https:\/\/ambrecardinal.com\/jewelry\/product\/kidal-bracelet\/","og_locale":"en_US","og_type":"article","og_title":"Bracelet Kidal - Boutique","og_description":"Bracelet cha\u00eene serpent et jonc carr\u00e9  Fabriqu\u00e9 en France  Bijou unisex  Plaqu\u00e9 or 24 carats (3 microns)  Disponible en plaqu\u00e9 or jaune, or rose et palladium","og_url":"https:\/\/ambrecardinal.com\/jewelry\/product\/kidal-bracelet\/","og_site_name":"Boutique","article_modified_time":"2021-11-09T14:05:14+00:00","og_image":[{"width":600,"height":600,"url":"https:\/\/ambrecardinal.com\/jewelry\/wp-content\/uploads\/sites\/11\/2019\/04\/Kidal-bracelet-or-femme-homme.jpg","path":"\/home\/ambrecarlm\/www\/wp-content\/uploads\/sites\/11\/2019\/04\/Kidal-bracelet-or-femme-homme.jpg","size":"full","id":611,"alt":"","pixels":360000,"type":"image\/jpeg"}],"twitter_card":"summary_large_image","twitter_misc":{"Est. reading time":"1 minute"},"schema":{"@context":"https:\/\/schema.org","@graph":[{"@type":"WebSite","@id":"https:\/\/ambrecardinal.com\/jewelry\/#website","url":"https:\/\/ambrecardinal.com\/jewelry\/","name":"Boutique","description":"Film direction - Photography - Jewelry design","potentialAction":[{"@type":"SearchAction","target":{"@type":"EntryPoint","urlTemplate":"https:\/\/ambrecardinal.com\/jewelry\/?s={search_term_string}"},"query-input":"required name=search_term_string"}],"inLanguage":"en-US"},{"@type":"ImageObject","@id":"https:\/\/ambrecardinal.com\/jewelry\/product\/kidal-bracelet\/#primaryimage","inLanguage":"en-US","url":"https:\/\/ambrecardinal.com\/jewelry\/wp-content\/uploads\/sites\/11\/2019\/04\/Kidal-bracelet-or-femme-homme.jpg","contentUrl":"https:\/\/ambrecardinal.com\/jewelry\/wp-content\/uploads\/sites\/11\/2019\/04\/Kidal-bracelet-or-femme-homme.jpg","width":600,"height":600},{"@type":"WebPage","@id":"https:\/\/ambrecardinal.com\/jewelry\/product\/kidal-bracelet\/#webpage","url":"https:\/\/ambrecardinal.com\/jewelry\/product\/kidal-bracelet\/","name":"Bracelet Kidal - Boutique","isPartOf":{"@id":"https:\/\/ambrecardinal.com\/jewelry\/#website"},"primaryImageOfPage":{"@id":"https:\/\/ambrecardinal.com\/jewelry\/product\/kidal-bracelet\/#primaryimage"},"datePublished":"2019-04-25T02:22:36+00:00","dateModified":"2021-11-09T14:05:14+00:00","breadcrumb":{"@id":"https:\/\/ambrecardinal.com\/jewelry\/product\/kidal-bracelet\/#breadcrumb"},"inLanguage":"en-US","potentialAction":[{"@type":"ReadAction","target":["https:\/\/ambrecardinal.com\/jewelry\/product\/kidal-bracelet\/"]}]},{"@type":"BreadcrumbList","@id":"https:\/\/ambrecardinal.com\/jewelry\/product\/kidal-bracelet\/#breadcrumb","itemListElement":[{"@type":"ListItem","position":1,"name":"Accueil","item":"https:\/\/ambrecardinal.com\/jewelry\/"},{"@type":"ListItem","position":2,"name":"A.C JEWELRY","item":"https:\/\/ambrecardinal.com\/jewelry\/"},{"@type":"ListItem","position":3,"name":"Bracelet Kidal"}]}]}},"_links":{"self":[{"href":"https:\/\/ambrecardinal.com\/jewelry\/wp-json\/wp\/v2\/product\/823"}],"collection":[{"href":"https:\/\/ambrecardinal.com\/jewelry\/wp-json\/wp\/v2\/product"}],"about":[{"href":"https:\/\/ambrecardinal.com\/jewelry\/wp-json\/wp\/v2\/types\/product"}],"replies":[{"embeddable":true,"href":"https:\/\/ambrecardinal.com\/jewelry\/wp-json\/wp\/v2\/comments?post=823"}],"version-history":[{"count":5,"href":"https:\/\/ambrecardinal.com\/jewelry\/wp-json\/wp\/v2\/product\/823\/revisions"}],"predecessor-version":[{"id":1939,"href":"https:\/\/ambrecardinal.com\/jewelry\/wp-json\/wp\/v2\/product\/823\/revisions\/1939"}],"wp:featuredmedia":[{"embeddable":true,"href":"https:\/\/ambrecardinal.com\/jewelry\/wp-json\/wp\/v2\/media\/611"}],"wp:attachment":[{"href":"https:\/\/ambrecardinal.com\/jewelry\/wp-json\/wp\/v2\/media?parent=823"}],"wp:term":[{"taxonomy":"product_cat","embeddable":true,"href":"https:\/\/ambrecardinal.com\/jewelry\/wp-json\/wp\/v2\/product_cat?post=823"},{"taxonomy":"product_tag","embeddable":true,"href":"https:\/\/ambrecardinal.com\/jewelry\/wp-json\/wp\/v2\/product_tag?post=823"}],"curies":[{"name":"wp","href":"https:\/\/api.w.org\/{rel}","templated":true}]}}