{"id":813,"date":"2019-04-25T04:12:11","date_gmt":"2019-04-25T02:12:11","guid":{"rendered":"https:\/\/ambrecardinal.com\/ambrecardinal-2\/?post_type=product&#038;p=813"},"modified":"2021-11-09T10:42:55","modified_gmt":"2021-11-09T09:42:55","slug":"djene-hand-piece","status":"publish","type":"product","link":"https:\/\/ambrecardinal.com\/jewelry\/product\/djene-hand-piece\/","title":{"rendered":"Bijou de main Djene"},"content":{"rendered":"<div class=\"page\" title=\"Page 23\">\n<div class=\"layoutArea\">\n<div class=\"column\">\n<p>S\u2019inspirant de formes g\u00e9om\u00e9triques \u00e9l\u00e9mentaires issues de diverses cultures et des mobiles d\u2019Alexander Calder, Ambre sculpte le jonc en laiton \u00e0 m\u00eame la peau avant de le dorer \u00e0 l\u2019or fin 24 carats. Ces bijoux-sculptures rythment les silhouettes en soulignant les mouvements du corps avec \u00e9l\u00e9gance.<\/p>\n<p>Ce bijou de main rappelant la forme du soleil \u00e9pouse la ligne de la main.<\/p>\n<p>Chaque bijou est fabriqu\u00e9 \u00e0 la main et appara\u00eet unique.<\/p>\n<p>&nbsp;<\/p>\n<p>&nbsp;<\/p>\n<p>&nbsp;<\/p>\n<\/div>\n<\/div>\n<\/div>\n","protected":false},"excerpt":{"rendered":"<ul>\n<li>Bijou de main<\/li>\n<li>Fabriqu\u00e9 en France<\/li>\n<li>Plaqu\u00e9 or 24 carats (3 microns)<\/li>\n<li>Disponible en plaqu\u00e9 or jaune, or rose et palladium<\/li>\n<\/ul>\n","protected":false},"featured_media":596,"comment_status":"open","ping_status":"closed","template":"","meta":[],"product_cat":[19,26,34],"product_tag":[],"yoast_head":"<!-- This site is optimized with the Yoast SEO plugin v17.0 - https:\/\/yoast.com\/wordpress\/plugins\/seo\/ -->\n<title>Bijou de main Djene - Boutique<\/title>\n<meta name=\"robots\" content=\"index, follow, max-snippet:-1, max-image-preview:large, max-video-preview:-1\" \/>\n<link rel=\"canonical\" href=\"https:\/\/ambrecardinal.com\/jewelry\/product\/djene-hand-piece\/\" \/>\n<meta property=\"og:locale\" content=\"en_US\" \/>\n<meta property=\"og:type\" content=\"article\" \/>\n<meta property=\"og:title\" content=\"Bijou de main Djene - Boutique\" \/>\n<meta property=\"og:description\" content=\"Bijou de main  Fabriqu\u00e9 en France  Plaqu\u00e9 or 24 carats (3 microns)  Disponible en plaqu\u00e9 or jaune, or rose et palladium\" \/>\n<meta property=\"og:url\" content=\"https:\/\/ambrecardinal.com\/jewelry\/product\/djene-hand-piece\/\" \/>\n<meta property=\"og:site_name\" content=\"Boutique\" \/>\n<meta property=\"article:modified_time\" content=\"2021-11-09T09:42:55+00:00\" \/>\n<meta property=\"og:image\" content=\"https:\/\/ambrecardinal.com\/jewelry\/wp-content\/uploads\/sites\/11\/2019\/04\/Djene-hand-piece-or-bijou-main-design-jewellery-handmade-ambre-cardinal.jpg\" \/>\n\t<meta property=\"og:image:width\" content=\"600\" \/>\n\t<meta property=\"og:image:height\" content=\"600\" \/>\n<meta name=\"twitter:card\" content=\"summary_large_image\" \/>\n<meta name=\"twitter:label1\" content=\"Est. reading time\" \/>\n\t<meta name=\"twitter:data1\" content=\"1 minute\" \/>\n<script type=\"application\/ld+json\" class=\"yoast-schema-graph\">{\"@context\":\"https:\/\/schema.org\",\"@graph\":[{\"@type\":\"WebSite\",\"@id\":\"https:\/\/ambrecardinal.com\/jewelry\/#website\",\"url\":\"https:\/\/ambrecardinal.com\/jewelry\/\",\"name\":\"Boutique\",\"description\":\"Film direction - Photography - Jewelry design\",\"potentialAction\":[{\"@type\":\"SearchAction\",\"target\":{\"@type\":\"EntryPoint\",\"urlTemplate\":\"https:\/\/ambrecardinal.com\/jewelry\/?s={search_term_string}\"},\"query-input\":\"required name=search_term_string\"}],\"inLanguage\":\"en-US\"},{\"@type\":\"ImageObject\",\"@id\":\"https:\/\/ambrecardinal.com\/jewelry\/product\/djene-hand-piece\/#primaryimage\",\"inLanguage\":\"en-US\",\"url\":\"https:\/\/ambrecardinal.com\/jewelry\/wp-content\/uploads\/sites\/11\/2019\/04\/Djene-hand-piece-or-bijou-main-design-jewellery-handmade-ambre-cardinal.jpg\",\"contentUrl\":\"https:\/\/ambrecardinal.com\/jewelry\/wp-content\/uploads\/sites\/11\/2019\/04\/Djene-hand-piece-or-bijou-main-design-jewellery-handmade-ambre-cardinal.jpg\",\"width\":600,\"height\":600},{\"@type\":\"WebPage\",\"@id\":\"https:\/\/ambrecardinal.com\/jewelry\/product\/djene-hand-piece\/#webpage\",\"url\":\"https:\/\/ambrecardinal.com\/jewelry\/product\/djene-hand-piece\/\",\"name\":\"Bijou de main Djene - Boutique\",\"isPartOf\":{\"@id\":\"https:\/\/ambrecardinal.com\/jewelry\/#website\"},\"primaryImageOfPage\":{\"@id\":\"https:\/\/ambrecardinal.com\/jewelry\/product\/djene-hand-piece\/#primaryimage\"},\"datePublished\":\"2019-04-25T02:12:11+00:00\",\"dateModified\":\"2021-11-09T09:42:55+00:00\",\"breadcrumb\":{\"@id\":\"https:\/\/ambrecardinal.com\/jewelry\/product\/djene-hand-piece\/#breadcrumb\"},\"inLanguage\":\"en-US\",\"potentialAction\":[{\"@type\":\"ReadAction\",\"target\":[\"https:\/\/ambrecardinal.com\/jewelry\/product\/djene-hand-piece\/\"]}]},{\"@type\":\"BreadcrumbList\",\"@id\":\"https:\/\/ambrecardinal.com\/jewelry\/product\/djene-hand-piece\/#breadcrumb\",\"itemListElement\":[{\"@type\":\"ListItem\",\"position\":1,\"name\":\"Accueil\",\"item\":\"https:\/\/ambrecardinal.com\/jewelry\/\"},{\"@type\":\"ListItem\",\"position\":2,\"name\":\"A.C JEWELRY\",\"item\":\"https:\/\/ambrecardinal.com\/jewelry\/\"},{\"@type\":\"ListItem\",\"position\":3,\"name\":\"Bijou de main Djene\"}]}]}<\/script>\n<!-- \/ Yoast SEO plugin. -->","yoast_head_json":{"title":"Bijou de main Djene - Boutique","robots":{"index":"index","follow":"follow","max-snippet":"max-snippet:-1","max-image-preview":"max-image-preview:large","max-video-preview":"max-video-preview:-1"},"canonical":"https:\/\/ambrecardinal.com\/jewelry\/product\/djene-hand-piece\/","og_locale":"en_US","og_type":"article","og_title":"Bijou de main Djene - Boutique","og_description":"Bijou de main  Fabriqu\u00e9 en France  Plaqu\u00e9 or 24 carats (3 microns)  Disponible en plaqu\u00e9 or jaune, or rose et palladium","og_url":"https:\/\/ambrecardinal.com\/jewelry\/product\/djene-hand-piece\/","og_site_name":"Boutique","article_modified_time":"2021-11-09T09:42:55+00:00","og_image":[{"width":600,"height":600,"url":"https:\/\/ambrecardinal.com\/jewelry\/wp-content\/uploads\/sites\/11\/2019\/04\/Djene-hand-piece-or-bijou-main-design-jewellery-handmade-ambre-cardinal.jpg","path":"\/home\/ambrecarlm\/www\/wp-content\/uploads\/sites\/11\/2019\/04\/Djene-hand-piece-or-bijou-main-design-jewellery-handmade-ambre-cardinal.jpg","size":"full","id":596,"alt":"","pixels":360000,"type":"image\/jpeg"}],"twitter_card":"summary_large_image","twitter_misc":{"Est. reading time":"1 minute"},"schema":{"@context":"https:\/\/schema.org","@graph":[{"@type":"WebSite","@id":"https:\/\/ambrecardinal.com\/jewelry\/#website","url":"https:\/\/ambrecardinal.com\/jewelry\/","name":"Boutique","description":"Film direction - Photography - Jewelry design","potentialAction":[{"@type":"SearchAction","target":{"@type":"EntryPoint","urlTemplate":"https:\/\/ambrecardinal.com\/jewelry\/?s={search_term_string}"},"query-input":"required name=search_term_string"}],"inLanguage":"en-US"},{"@type":"ImageObject","@id":"https:\/\/ambrecardinal.com\/jewelry\/product\/djene-hand-piece\/#primaryimage","inLanguage":"en-US","url":"https:\/\/ambrecardinal.com\/jewelry\/wp-content\/uploads\/sites\/11\/2019\/04\/Djene-hand-piece-or-bijou-main-design-jewellery-handmade-ambre-cardinal.jpg","contentUrl":"https:\/\/ambrecardinal.com\/jewelry\/wp-content\/uploads\/sites\/11\/2019\/04\/Djene-hand-piece-or-bijou-main-design-jewellery-handmade-ambre-cardinal.jpg","width":600,"height":600},{"@type":"WebPage","@id":"https:\/\/ambrecardinal.com\/jewelry\/product\/djene-hand-piece\/#webpage","url":"https:\/\/ambrecardinal.com\/jewelry\/product\/djene-hand-piece\/","name":"Bijou de main Djene - Boutique","isPartOf":{"@id":"https:\/\/ambrecardinal.com\/jewelry\/#website"},"primaryImageOfPage":{"@id":"https:\/\/ambrecardinal.com\/jewelry\/product\/djene-hand-piece\/#primaryimage"},"datePublished":"2019-04-25T02:12:11+00:00","dateModified":"2021-11-09T09:42:55+00:00","breadcrumb":{"@id":"https:\/\/ambrecardinal.com\/jewelry\/product\/djene-hand-piece\/#breadcrumb"},"inLanguage":"en-US","potentialAction":[{"@type":"ReadAction","target":["https:\/\/ambrecardinal.com\/jewelry\/product\/djene-hand-piece\/"]}]},{"@type":"BreadcrumbList","@id":"https:\/\/ambrecardinal.com\/jewelry\/product\/djene-hand-piece\/#breadcrumb","itemListElement":[{"@type":"ListItem","position":1,"name":"Accueil","item":"https:\/\/ambrecardinal.com\/jewelry\/"},{"@type":"ListItem","position":2,"name":"A.C JEWELRY","item":"https:\/\/ambrecardinal.com\/jewelry\/"},{"@type":"ListItem","position":3,"name":"Bijou de main Djene"}]}]}},"_links":{"self":[{"href":"https:\/\/ambrecardinal.com\/jewelry\/wp-json\/wp\/v2\/product\/813"}],"collection":[{"href":"https:\/\/ambrecardinal.com\/jewelry\/wp-json\/wp\/v2\/product"}],"about":[{"href":"https:\/\/ambrecardinal.com\/jewelry\/wp-json\/wp\/v2\/types\/product"}],"replies":[{"embeddable":true,"href":"https:\/\/ambrecardinal.com\/jewelry\/wp-json\/wp\/v2\/comments?post=813"}],"version-history":[{"count":5,"href":"https:\/\/ambrecardinal.com\/jewelry\/wp-json\/wp\/v2\/product\/813\/revisions"}],"predecessor-version":[{"id":1904,"href":"https:\/\/ambrecardinal.com\/jewelry\/wp-json\/wp\/v2\/product\/813\/revisions\/1904"}],"wp:featuredmedia":[{"embeddable":true,"href":"https:\/\/ambrecardinal.com\/jewelry\/wp-json\/wp\/v2\/media\/596"}],"wp:attachment":[{"href":"https:\/\/ambrecardinal.com\/jewelry\/wp-json\/wp\/v2\/media?parent=813"}],"wp:term":[{"taxonomy":"product_cat","embeddable":true,"href":"https:\/\/ambrecardinal.com\/jewelry\/wp-json\/wp\/v2\/product_cat?post=813"},{"taxonomy":"product_tag","embeddable":true,"href":"https:\/\/ambrecardinal.com\/jewelry\/wp-json\/wp\/v2\/product_tag?post=813"}],"curies":[{"name":"wp","href":"https:\/\/api.w.org\/{rel}","templated":true}]}}