{"id":512,"date":"2019-04-16T07:40:21","date_gmt":"2019-04-16T05:40:21","guid":{"rendered":"https:\/\/ambrecardinal.com\/ambrecardinal-2\/?post_type=product&#038;p=512"},"modified":"2021-11-09T16:27:22","modified_gmt":"2021-11-09T15:27:22","slug":"wasilla-brooch","status":"publish","type":"product","link":"https:\/\/ambrecardinal.com\/jewelry\/product\/wasilla-brooch\/","title":{"rendered":"Broche Wasilla"},"content":{"rendered":"<p>S\u2019inspirant de formes g\u00e9om\u00e9triques \u00e9l\u00e9mentaires issues de diverses cultures et des mobiles d\u2019Alexander Calder, Ambre sculpte le jonc en laiton \u00e0 m\u00eame la peau avant de le dorer \u00e0 l\u2019or fin 24 carats. Ces bijoux-sculptures rythment les silhouettes en soulignant les mouvements du corps avec \u00e9l\u00e9gance.<\/p>\n<p>Cette broche drap\u00e9e et mobile s&#8217;accroche au gr\u00e9 de vos envies.<\/p>\n<p>Chaque bijou est fabriqu\u00e9 \u00e0 la main et appara\u00eet unique.<\/p>\n","protected":false},"excerpt":{"rendered":"<ul>\n<li>Broche Wasilla<\/li>\n<li>Fabriqu\u00e9 en France<\/li>\n<li>Plaqu\u00e9 or 24 carats (3 microns)<\/li>\n<li>Disponible en plaqu\u00e9 or jaune et or rose<\/li>\n<\/ul>\n","protected":false},"featured_media":311,"comment_status":"open","ping_status":"closed","template":"","meta":[],"product_cat":[19,24],"product_tag":[],"yoast_head":"<!-- This site is optimized with the Yoast SEO plugin v17.0 - https:\/\/yoast.com\/wordpress\/plugins\/seo\/ -->\n<title>Broche Wasilla - Boutique<\/title>\n<meta name=\"robots\" content=\"index, follow, max-snippet:-1, max-image-preview:large, max-video-preview:-1\" \/>\n<link rel=\"canonical\" href=\"https:\/\/ambrecardinal.com\/jewelry\/product\/wasilla-brooch\/\" \/>\n<meta property=\"og:locale\" content=\"en_US\" \/>\n<meta property=\"og:type\" content=\"article\" \/>\n<meta property=\"og:title\" content=\"Broche Wasilla - Boutique\" \/>\n<meta property=\"og:description\" content=\"Broche Wasilla  Fabriqu\u00e9 en France  Plaqu\u00e9 or 24 carats (3 microns)  Disponible en plaqu\u00e9 or jaune et or rose\" \/>\n<meta property=\"og:url\" content=\"https:\/\/ambrecardinal.com\/jewelry\/product\/wasilla-brooch\/\" \/>\n<meta property=\"og:site_name\" content=\"Boutique\" \/>\n<meta property=\"article:modified_time\" content=\"2021-11-09T15:27:22+00:00\" \/>\n<meta property=\"og:image\" content=\"https:\/\/ambrecardinal.com\/jewelry\/wp-content\/uploads\/sites\/11\/2019\/03\/wassila-brooch-or-broche-ambrecardinal-bijoux-bijou-.jpg\" \/>\n\t<meta property=\"og:image:width\" content=\"500\" \/>\n\t<meta property=\"og:image:height\" content=\"500\" \/>\n<meta name=\"twitter:card\" content=\"summary_large_image\" \/>\n<meta name=\"twitter:label1\" content=\"Est. reading time\" \/>\n\t<meta name=\"twitter:data1\" content=\"1 minute\" \/>\n<script type=\"application\/ld+json\" class=\"yoast-schema-graph\">{\"@context\":\"https:\/\/schema.org\",\"@graph\":[{\"@type\":\"WebSite\",\"@id\":\"https:\/\/ambrecardinal.com\/jewelry\/#website\",\"url\":\"https:\/\/ambrecardinal.com\/jewelry\/\",\"name\":\"Boutique\",\"description\":\"Film direction - Photography - Jewelry design\",\"potentialAction\":[{\"@type\":\"SearchAction\",\"target\":{\"@type\":\"EntryPoint\",\"urlTemplate\":\"https:\/\/ambrecardinal.com\/jewelry\/?s={search_term_string}\"},\"query-input\":\"required name=search_term_string\"}],\"inLanguage\":\"en-US\"},{\"@type\":\"ImageObject\",\"@id\":\"https:\/\/ambrecardinal.com\/jewelry\/product\/wasilla-brooch\/#primaryimage\",\"inLanguage\":\"en-US\",\"url\":\"https:\/\/ambrecardinal.com\/jewelry\/wp-content\/uploads\/sites\/11\/2019\/03\/wassila-brooch-or-broche-ambrecardinal-bijoux-bijou-.jpg\",\"contentUrl\":\"https:\/\/ambrecardinal.com\/jewelry\/wp-content\/uploads\/sites\/11\/2019\/03\/wassila-brooch-or-broche-ambrecardinal-bijoux-bijou-.jpg\",\"width\":500,\"height\":500},{\"@type\":\"WebPage\",\"@id\":\"https:\/\/ambrecardinal.com\/jewelry\/product\/wasilla-brooch\/#webpage\",\"url\":\"https:\/\/ambrecardinal.com\/jewelry\/product\/wasilla-brooch\/\",\"name\":\"Broche Wasilla - Boutique\",\"isPartOf\":{\"@id\":\"https:\/\/ambrecardinal.com\/jewelry\/#website\"},\"primaryImageOfPage\":{\"@id\":\"https:\/\/ambrecardinal.com\/jewelry\/product\/wasilla-brooch\/#primaryimage\"},\"datePublished\":\"2019-04-16T05:40:21+00:00\",\"dateModified\":\"2021-11-09T15:27:22+00:00\",\"breadcrumb\":{\"@id\":\"https:\/\/ambrecardinal.com\/jewelry\/product\/wasilla-brooch\/#breadcrumb\"},\"inLanguage\":\"en-US\",\"potentialAction\":[{\"@type\":\"ReadAction\",\"target\":[\"https:\/\/ambrecardinal.com\/jewelry\/product\/wasilla-brooch\/\"]}]},{\"@type\":\"BreadcrumbList\",\"@id\":\"https:\/\/ambrecardinal.com\/jewelry\/product\/wasilla-brooch\/#breadcrumb\",\"itemListElement\":[{\"@type\":\"ListItem\",\"position\":1,\"name\":\"Accueil\",\"item\":\"https:\/\/ambrecardinal.com\/jewelry\/\"},{\"@type\":\"ListItem\",\"position\":2,\"name\":\"A.C JEWELRY\",\"item\":\"https:\/\/ambrecardinal.com\/jewelry\/\"},{\"@type\":\"ListItem\",\"position\":3,\"name\":\"Broche Wasilla\"}]}]}<\/script>\n<!-- \/ Yoast SEO plugin. -->","yoast_head_json":{"title":"Broche Wasilla - Boutique","robots":{"index":"index","follow":"follow","max-snippet":"max-snippet:-1","max-image-preview":"max-image-preview:large","max-video-preview":"max-video-preview:-1"},"canonical":"https:\/\/ambrecardinal.com\/jewelry\/product\/wasilla-brooch\/","og_locale":"en_US","og_type":"article","og_title":"Broche Wasilla - Boutique","og_description":"Broche Wasilla  Fabriqu\u00e9 en France  Plaqu\u00e9 or 24 carats (3 microns)  Disponible en plaqu\u00e9 or jaune et or rose","og_url":"https:\/\/ambrecardinal.com\/jewelry\/product\/wasilla-brooch\/","og_site_name":"Boutique","article_modified_time":"2021-11-09T15:27:22+00:00","og_image":[{"width":500,"height":500,"url":"https:\/\/ambrecardinal.com\/jewelry\/wp-content\/uploads\/sites\/11\/2019\/03\/wassila-brooch-or-broche-ambrecardinal-bijoux-bijou-.jpg","path":"\/home\/ambrecarlm\/www\/wp-content\/uploads\/sites\/11\/2019\/03\/wassila-brooch-or-broche-ambrecardinal-bijoux-bijou-.jpg","size":"full","id":311,"alt":"","pixels":250000,"type":"image\/jpeg"}],"twitter_card":"summary_large_image","twitter_misc":{"Est. reading time":"1 minute"},"schema":{"@context":"https:\/\/schema.org","@graph":[{"@type":"WebSite","@id":"https:\/\/ambrecardinal.com\/jewelry\/#website","url":"https:\/\/ambrecardinal.com\/jewelry\/","name":"Boutique","description":"Film direction - Photography - Jewelry design","potentialAction":[{"@type":"SearchAction","target":{"@type":"EntryPoint","urlTemplate":"https:\/\/ambrecardinal.com\/jewelry\/?s={search_term_string}"},"query-input":"required name=search_term_string"}],"inLanguage":"en-US"},{"@type":"ImageObject","@id":"https:\/\/ambrecardinal.com\/jewelry\/product\/wasilla-brooch\/#primaryimage","inLanguage":"en-US","url":"https:\/\/ambrecardinal.com\/jewelry\/wp-content\/uploads\/sites\/11\/2019\/03\/wassila-brooch-or-broche-ambrecardinal-bijoux-bijou-.jpg","contentUrl":"https:\/\/ambrecardinal.com\/jewelry\/wp-content\/uploads\/sites\/11\/2019\/03\/wassila-brooch-or-broche-ambrecardinal-bijoux-bijou-.jpg","width":500,"height":500},{"@type":"WebPage","@id":"https:\/\/ambrecardinal.com\/jewelry\/product\/wasilla-brooch\/#webpage","url":"https:\/\/ambrecardinal.com\/jewelry\/product\/wasilla-brooch\/","name":"Broche Wasilla - Boutique","isPartOf":{"@id":"https:\/\/ambrecardinal.com\/jewelry\/#website"},"primaryImageOfPage":{"@id":"https:\/\/ambrecardinal.com\/jewelry\/product\/wasilla-brooch\/#primaryimage"},"datePublished":"2019-04-16T05:40:21+00:00","dateModified":"2021-11-09T15:27:22+00:00","breadcrumb":{"@id":"https:\/\/ambrecardinal.com\/jewelry\/product\/wasilla-brooch\/#breadcrumb"},"inLanguage":"en-US","potentialAction":[{"@type":"ReadAction","target":["https:\/\/ambrecardinal.com\/jewelry\/product\/wasilla-brooch\/"]}]},{"@type":"BreadcrumbList","@id":"https:\/\/ambrecardinal.com\/jewelry\/product\/wasilla-brooch\/#breadcrumb","itemListElement":[{"@type":"ListItem","position":1,"name":"Accueil","item":"https:\/\/ambrecardinal.com\/jewelry\/"},{"@type":"ListItem","position":2,"name":"A.C JEWELRY","item":"https:\/\/ambrecardinal.com\/jewelry\/"},{"@type":"ListItem","position":3,"name":"Broche Wasilla"}]}]}},"_links":{"self":[{"href":"https:\/\/ambrecardinal.com\/jewelry\/wp-json\/wp\/v2\/product\/512"}],"collection":[{"href":"https:\/\/ambrecardinal.com\/jewelry\/wp-json\/wp\/v2\/product"}],"about":[{"href":"https:\/\/ambrecardinal.com\/jewelry\/wp-json\/wp\/v2\/types\/product"}],"replies":[{"embeddable":true,"href":"https:\/\/ambrecardinal.com\/jewelry\/wp-json\/wp\/v2\/comments?post=512"}],"version-history":[{"count":3,"href":"https:\/\/ambrecardinal.com\/jewelry\/wp-json\/wp\/v2\/product\/512\/revisions"}],"predecessor-version":[{"id":1946,"href":"https:\/\/ambrecardinal.com\/jewelry\/wp-json\/wp\/v2\/product\/512\/revisions\/1946"}],"wp:featuredmedia":[{"embeddable":true,"href":"https:\/\/ambrecardinal.com\/jewelry\/wp-json\/wp\/v2\/media\/311"}],"wp:attachment":[{"href":"https:\/\/ambrecardinal.com\/jewelry\/wp-json\/wp\/v2\/media?parent=512"}],"wp:term":[{"taxonomy":"product_cat","embeddable":true,"href":"https:\/\/ambrecardinal.com\/jewelry\/wp-json\/wp\/v2\/product_cat?post=512"},{"taxonomy":"product_tag","embeddable":true,"href":"https:\/\/ambrecardinal.com\/jewelry\/wp-json\/wp\/v2\/product_tag?post=512"}],"curies":[{"name":"wp","href":"https:\/\/api.w.org\/{rel}","templated":true}]}}