{"id":1841,"date":"2018-09-09T14:53:27","date_gmt":"2018-09-09T12:53:27","guid":{"rendered":"https:\/\/ambrecardinal.com\/jewelry\/?post_type=product&#038;p=1841"},"modified":"2022-06-29T12:17:40","modified_gmt":"2022-06-29T10:17:40","slug":"mobile-ange","status":"publish","type":"product","link":"https:\/\/ambrecardinal.com\/jewelry\/product\/mobile-ange\/","title":{"rendered":"Mobile Ange"},"content":{"rendered":"<p>Ce mobile suspendu, cr\u00e9e pour votre maison se meut au gr\u00e9 du vent. Ludique et hypnotique il fera le bonheur de petits et grands. Chaque sculpture est fabriqu\u00e9 \u00e0 la main et appara\u00eet unique.<\/p>\n<p>&nbsp;<\/p>\n","protected":false},"excerpt":{"rendered":"<ul>\n<li>Mobile Ange<\/li>\n<li>Fabriqu\u00e9 en France<\/li>\n<li>Mat\u00e9riaux : Laiton, cuivre et perle<\/li>\n<li>Edition limit\u00e9e num\u00e9rot\u00e9, prix sur demande<\/li>\n<\/ul>\n","protected":false},"featured_media":1844,"comment_status":"open","ping_status":"closed","template":"","meta":[],"product_cat":[43],"product_tag":[],"yoast_head":"<!-- This site is optimized with the Yoast SEO plugin v17.0 - https:\/\/yoast.com\/wordpress\/plugins\/seo\/ -->\n<title>Mobile Ange - Boutique<\/title>\n<meta name=\"robots\" content=\"index, follow, max-snippet:-1, max-image-preview:large, max-video-preview:-1\" \/>\n<link rel=\"canonical\" href=\"https:\/\/ambrecardinal.com\/jewelry\/product\/mobile-ange\/\" \/>\n<meta property=\"og:locale\" content=\"en_US\" \/>\n<meta property=\"og:type\" content=\"article\" \/>\n<meta property=\"og:title\" content=\"Mobile Ange - Boutique\" \/>\n<meta property=\"og:description\" content=\"Mobile Ange  Fabriqu\u00e9 en France  Mat\u00e9riaux : Laiton, cuivre et perle  Edition limit\u00e9e num\u00e9rot\u00e9, prix sur demande\" \/>\n<meta property=\"og:url\" content=\"https:\/\/ambrecardinal.com\/jewelry\/product\/mobile-ange\/\" \/>\n<meta property=\"og:site_name\" content=\"Boutique\" \/>\n<meta property=\"article:modified_time\" content=\"2022-06-29T10:17:40+00:00\" \/>\n<meta property=\"og:image\" content=\"https:\/\/ambrecardinal.com\/jewelry\/wp-content\/uploads\/sites\/11\/2021\/09\/MOBile-ange-suspension-cadeau-naissance-bebe-eveil-sculpture-art-ambre-cardinal2-copie2.jpg\" \/>\n\t<meta property=\"og:image:width\" content=\"272\" \/>\n\t<meta property=\"og:image:height\" content=\"272\" \/>\n<meta name=\"twitter:card\" content=\"summary_large_image\" \/>\n<meta name=\"twitter:label1\" content=\"Est. reading time\" \/>\n\t<meta name=\"twitter:data1\" content=\"1 minute\" \/>\n<script type=\"application\/ld+json\" class=\"yoast-schema-graph\">{\"@context\":\"https:\/\/schema.org\",\"@graph\":[{\"@type\":\"WebSite\",\"@id\":\"https:\/\/ambrecardinal.com\/jewelry\/#website\",\"url\":\"https:\/\/ambrecardinal.com\/jewelry\/\",\"name\":\"Boutique\",\"description\":\"Film direction - Photography - Jewelry design\",\"potentialAction\":[{\"@type\":\"SearchAction\",\"target\":{\"@type\":\"EntryPoint\",\"urlTemplate\":\"https:\/\/ambrecardinal.com\/jewelry\/?s={search_term_string}\"},\"query-input\":\"required name=search_term_string\"}],\"inLanguage\":\"en-US\"},{\"@type\":\"ImageObject\",\"@id\":\"https:\/\/ambrecardinal.com\/jewelry\/product\/mobile-ange\/#primaryimage\",\"inLanguage\":\"en-US\",\"url\":\"https:\/\/ambrecardinal.com\/jewelry\/wp-content\/uploads\/sites\/11\/2021\/09\/MOBile-ange-suspension-cadeau-naissance-bebe-eveil-sculpture-art-ambre-cardinal2-copie2.jpg\",\"contentUrl\":\"https:\/\/ambrecardinal.com\/jewelry\/wp-content\/uploads\/sites\/11\/2021\/09\/MOBile-ange-suspension-cadeau-naissance-bebe-eveil-sculpture-art-ambre-cardinal2-copie2.jpg\",\"width\":272,\"height\":272},{\"@type\":\"WebPage\",\"@id\":\"https:\/\/ambrecardinal.com\/jewelry\/product\/mobile-ange\/#webpage\",\"url\":\"https:\/\/ambrecardinal.com\/jewelry\/product\/mobile-ange\/\",\"name\":\"Mobile Ange - Boutique\",\"isPartOf\":{\"@id\":\"https:\/\/ambrecardinal.com\/jewelry\/#website\"},\"primaryImageOfPage\":{\"@id\":\"https:\/\/ambrecardinal.com\/jewelry\/product\/mobile-ange\/#primaryimage\"},\"datePublished\":\"2018-09-09T12:53:27+00:00\",\"dateModified\":\"2022-06-29T10:17:40+00:00\",\"breadcrumb\":{\"@id\":\"https:\/\/ambrecardinal.com\/jewelry\/product\/mobile-ange\/#breadcrumb\"},\"inLanguage\":\"en-US\",\"potentialAction\":[{\"@type\":\"ReadAction\",\"target\":[\"https:\/\/ambrecardinal.com\/jewelry\/product\/mobile-ange\/\"]}]},{\"@type\":\"BreadcrumbList\",\"@id\":\"https:\/\/ambrecardinal.com\/jewelry\/product\/mobile-ange\/#breadcrumb\",\"itemListElement\":[{\"@type\":\"ListItem\",\"position\":1,\"name\":\"Accueil\",\"item\":\"https:\/\/ambrecardinal.com\/jewelry\/\"},{\"@type\":\"ListItem\",\"position\":2,\"name\":\"A.C JEWELRY\",\"item\":\"https:\/\/ambrecardinal.com\/jewelry\/\"},{\"@type\":\"ListItem\",\"position\":3,\"name\":\"Mobile Ange\"}]}]}<\/script>\n<!-- \/ Yoast SEO plugin. -->","yoast_head_json":{"title":"Mobile Ange - Boutique","robots":{"index":"index","follow":"follow","max-snippet":"max-snippet:-1","max-image-preview":"max-image-preview:large","max-video-preview":"max-video-preview:-1"},"canonical":"https:\/\/ambrecardinal.com\/jewelry\/product\/mobile-ange\/","og_locale":"en_US","og_type":"article","og_title":"Mobile Ange - Boutique","og_description":"Mobile Ange  Fabriqu\u00e9 en France  Mat\u00e9riaux : Laiton, cuivre et perle  Edition limit\u00e9e num\u00e9rot\u00e9, prix sur demande","og_url":"https:\/\/ambrecardinal.com\/jewelry\/product\/mobile-ange\/","og_site_name":"Boutique","article_modified_time":"2022-06-29T10:17:40+00:00","og_image":[{"width":272,"height":272,"url":"https:\/\/ambrecardinal.com\/jewelry\/wp-content\/uploads\/sites\/11\/2021\/09\/MOBile-ange-suspension-cadeau-naissance-bebe-eveil-sculpture-art-ambre-cardinal2-copie2.jpg","path":"\/home\/ambrecarlm\/www\/wp-content\/uploads\/sites\/11\/2021\/09\/MOBile-ange-suspension-cadeau-naissance-bebe-eveil-sculpture-art-ambre-cardinal2-copie2.jpg","size":"full","id":1844,"alt":"","pixels":73984,"type":"image\/jpeg"}],"twitter_card":"summary_large_image","twitter_misc":{"Est. reading time":"1 minute"},"schema":{"@context":"https:\/\/schema.org","@graph":[{"@type":"WebSite","@id":"https:\/\/ambrecardinal.com\/jewelry\/#website","url":"https:\/\/ambrecardinal.com\/jewelry\/","name":"Boutique","description":"Film direction - Photography - Jewelry design","potentialAction":[{"@type":"SearchAction","target":{"@type":"EntryPoint","urlTemplate":"https:\/\/ambrecardinal.com\/jewelry\/?s={search_term_string}"},"query-input":"required name=search_term_string"}],"inLanguage":"en-US"},{"@type":"ImageObject","@id":"https:\/\/ambrecardinal.com\/jewelry\/product\/mobile-ange\/#primaryimage","inLanguage":"en-US","url":"https:\/\/ambrecardinal.com\/jewelry\/wp-content\/uploads\/sites\/11\/2021\/09\/MOBile-ange-suspension-cadeau-naissance-bebe-eveil-sculpture-art-ambre-cardinal2-copie2.jpg","contentUrl":"https:\/\/ambrecardinal.com\/jewelry\/wp-content\/uploads\/sites\/11\/2021\/09\/MOBile-ange-suspension-cadeau-naissance-bebe-eveil-sculpture-art-ambre-cardinal2-copie2.jpg","width":272,"height":272},{"@type":"WebPage","@id":"https:\/\/ambrecardinal.com\/jewelry\/product\/mobile-ange\/#webpage","url":"https:\/\/ambrecardinal.com\/jewelry\/product\/mobile-ange\/","name":"Mobile Ange - Boutique","isPartOf":{"@id":"https:\/\/ambrecardinal.com\/jewelry\/#website"},"primaryImageOfPage":{"@id":"https:\/\/ambrecardinal.com\/jewelry\/product\/mobile-ange\/#primaryimage"},"datePublished":"2018-09-09T12:53:27+00:00","dateModified":"2022-06-29T10:17:40+00:00","breadcrumb":{"@id":"https:\/\/ambrecardinal.com\/jewelry\/product\/mobile-ange\/#breadcrumb"},"inLanguage":"en-US","potentialAction":[{"@type":"ReadAction","target":["https:\/\/ambrecardinal.com\/jewelry\/product\/mobile-ange\/"]}]},{"@type":"BreadcrumbList","@id":"https:\/\/ambrecardinal.com\/jewelry\/product\/mobile-ange\/#breadcrumb","itemListElement":[{"@type":"ListItem","position":1,"name":"Accueil","item":"https:\/\/ambrecardinal.com\/jewelry\/"},{"@type":"ListItem","position":2,"name":"A.C JEWELRY","item":"https:\/\/ambrecardinal.com\/jewelry\/"},{"@type":"ListItem","position":3,"name":"Mobile Ange"}]}]}},"_links":{"self":[{"href":"https:\/\/ambrecardinal.com\/jewelry\/wp-json\/wp\/v2\/product\/1841"}],"collection":[{"href":"https:\/\/ambrecardinal.com\/jewelry\/wp-json\/wp\/v2\/product"}],"about":[{"href":"https:\/\/ambrecardinal.com\/jewelry\/wp-json\/wp\/v2\/types\/product"}],"replies":[{"embeddable":true,"href":"https:\/\/ambrecardinal.com\/jewelry\/wp-json\/wp\/v2\/comments?post=1841"}],"version-history":[{"count":5,"href":"https:\/\/ambrecardinal.com\/jewelry\/wp-json\/wp\/v2\/product\/1841\/revisions"}],"predecessor-version":[{"id":1955,"href":"https:\/\/ambrecardinal.com\/jewelry\/wp-json\/wp\/v2\/product\/1841\/revisions\/1955"}],"wp:featuredmedia":[{"embeddable":true,"href":"https:\/\/ambrecardinal.com\/jewelry\/wp-json\/wp\/v2\/media\/1844"}],"wp:attachment":[{"href":"https:\/\/ambrecardinal.com\/jewelry\/wp-json\/wp\/v2\/media?parent=1841"}],"wp:term":[{"taxonomy":"product_cat","embeddable":true,"href":"https:\/\/ambrecardinal.com\/jewelry\/wp-json\/wp\/v2\/product_cat?post=1841"},{"taxonomy":"product_tag","embeddable":true,"href":"https:\/\/ambrecardinal.com\/jewelry\/wp-json\/wp\/v2\/product_tag?post=1841"}],"curies":[{"name":"wp","href":"https:\/\/api.w.org\/{rel}","templated":true}]}}