{"id":906,"date":"2019-04-26T14:05:28","date_gmt":"2019-04-26T12:05:28","guid":{"rendered":"https:\/\/ambrecardinal.com\/?post_type=product&#038;p=906"},"modified":"2023-02-28T22:03:55","modified_gmt":"2023-02-28T21:03:55","slug":"magic-head-piece","status":"publish","type":"product","link":"https:\/\/ambrecardinal.com\/fr\/product\/magic-head-piece\/","title":{"rendered":"Magic head piece"},"content":{"rendered":"\t\t<div data-elementor-type=\"wp-post\" data-elementor-id=\"906\" class=\"elementor elementor-906\" data-elementor-settings=\"[]\">\n\t\t\t\t\t\t<div class=\"elementor-inner\">\n\t\t\t\t\t\t\t<div class=\"elementor-section-wrap\">\n\t\t\t\t\t\t\t<section class=\"elementor-section elementor-top-section elementor-element elementor-element-6fbff6a6 elementor-section-boxed elementor-section-height-default elementor-section-height-default\" data-id=\"6fbff6a6\" data-element_type=\"section\">\n\t\t\t\t\t\t<div class=\"elementor-container elementor-column-gap-default\">\n\t\t\t\t\t\t\t<div class=\"elementor-row\">\n\t\t\t\t\t<div class=\"elementor-column elementor-col-100 elementor-top-column elementor-element elementor-element-4a98eb53\" data-id=\"4a98eb53\" data-element_type=\"column\">\n\t\t\t<div class=\"elementor-column-wrap elementor-element-populated\">\n\t\t\t\t\t\t\t<div class=\"elementor-widget-wrap\">\n\t\t\t\t\t\t<div class=\"elementor-element elementor-element-6c0637c6 elementor-widget elementor-widget-text-editor\" data-id=\"6c0637c6\" data-element_type=\"widget\" data-widget_type=\"text-editor.default\">\n\t\t\t\t<div class=\"elementor-widget-container\">\n\t\t\t\t\t\t\t\t<div class=\"elementor-text-editor elementor-clearfix\">\n\t\t\t\t<p class=\"p1\">Emboss\u00e9s dans la mati\u00e8re, les mots en braille diffusent leur message comme un mantra secret. Au contact du corps, le bijou de pens\u00e9e lib\u00e8re l\u2019\u00e9nergie de la parole. Puissance du toucher\u00a0qui d\u2019un doigt effleure la ligne compos\u00e9e d\u2019une succession de points pour se reconnecter \u00e0 son propre corps dans une intense pr\u00e9sence \u00e0 soi.<\/p><p class=\"p1\">Ce peigne-couronne v\u00e9hicule le mantra \u00ab Make yourself a favor, dont hide your magic \u00bb, ce qui signifie &#8220;Faites vous une faveur, ne cachez pas votre magie&#8221;<\/p><p class=\"p1\">Chaque bijou est fabriqu\u00e9 \u00e0 la main et appara\u00eet unique.<\/p>\t\t\t\t\t<\/div>\n\t\t\t\t\t\t<\/div>\n\t\t\t\t<\/div>\n\t\t\t\t\t\t<\/div>\n\t\t\t\t\t<\/div>\n\t\t<\/div>\n\t\t\t\t\t\t\t\t<\/div>\n\t\t\t\t\t<\/div>\n\t\t<\/section>\n\t\t\t\t\t\t<\/div>\n\t\t\t\t\t\t<\/div>\n\t\t\t\t\t<\/div>\n\t\t","protected":false},"excerpt":{"rendered":"<p>Bijou de t\u00eate en braille \u201cMake yourself a favor, don&#8217;t hide your magic&#8221;<\/p>\n<p>Fabriqu\u00e9 en France<\/p>\n<p>Plaqu\u00e9 or 24 carats ( 3 microns)<\/p>\n","protected":false},"featured_media":855,"comment_status":"open","ping_status":"closed","template":"","meta":[],"product_cat":[35,36],"product_tag":[],"yoast_head":"<!-- This site is optimized with the Yoast SEO plugin v17.0 - https:\/\/yoast.com\/wordpress\/plugins\/seo\/ -->\n<title>Magic head piece - Ambre Cardinal<\/title>\n<meta name=\"robots\" content=\"index, follow, max-snippet:-1, max-image-preview:large, max-video-preview:-1\" \/>\n<link rel=\"canonical\" href=\"https:\/\/ambrecardinal.com\/fr\/product\/magic-head-piece\/\" \/>\n<meta property=\"og:locale\" content=\"fr_FR\" \/>\n<meta property=\"og:type\" content=\"article\" \/>\n<meta property=\"og:title\" content=\"Magic head piece - Ambre Cardinal\" \/>\n<meta property=\"og:description\" content=\"Bijou de t\u00eate en braille \u201cMake yourself a favor, don&#039;t hide your magic&quot;  Fabriqu\u00e9 en France  Plaqu\u00e9 or 24 carats ( 3 microns)\" \/>\n<meta property=\"og:url\" content=\"https:\/\/ambrecardinal.com\/fr\/product\/magic-head-piece\/\" \/>\n<meta property=\"og:site_name\" content=\"Ambre Cardinal\" \/>\n<meta property=\"article:modified_time\" content=\"2023-02-28T21:03:55+00:00\" \/>\n<meta property=\"og:image\" content=\"https:\/\/ambrecardinal.com\/wp-content\/uploads\/2019\/04\/head-band-magic-Braille-bijou-jewelry-jewellery-hand-made-fait-main-createur-designer-ambre-cardinal-accessoire-cheveux-mariage-soiree-wedding.jpg\" \/>\n\t<meta property=\"og:image:width\" content=\"600\" \/>\n\t<meta property=\"og:image:height\" content=\"600\" \/>\n<meta name=\"twitter:card\" content=\"summary_large_image\" \/>\n<meta name=\"twitter:label1\" content=\"Dur\u00e9e de lecture est.\" \/>\n\t<meta name=\"twitter:data1\" content=\"1 minute\" \/>\n<script type=\"application\/ld+json\" class=\"yoast-schema-graph\">{\"@context\":\"https:\/\/schema.org\",\"@graph\":[{\"@type\":\"WebSite\",\"@id\":\"https:\/\/ambrecardinal.com\/#website\",\"url\":\"https:\/\/ambrecardinal.com\/\",\"name\":\"Ambre Cardinal\",\"description\":\"Sculpture - art - Jewelry  -design\",\"potentialAction\":[{\"@type\":\"SearchAction\",\"target\":{\"@type\":\"EntryPoint\",\"urlTemplate\":\"https:\/\/ambrecardinal.com\/?s={search_term_string}\"},\"query-input\":\"required name=search_term_string\"}],\"inLanguage\":\"fr-FR\"},{\"@type\":\"ImageObject\",\"@id\":\"https:\/\/ambrecardinal.com\/product\/magic-head-piece\/#primaryimage\",\"inLanguage\":\"fr-FR\",\"url\":\"https:\/\/ambrecardinal.com\/wp-content\/uploads\/2019\/04\/head-band-magic-Braille-bijou-jewelry-jewellery-hand-made-fait-main-createur-designer-ambre-cardinal-accessoire-cheveux-mariage-soiree-wedding.jpg\",\"contentUrl\":\"https:\/\/ambrecardinal.com\/wp-content\/uploads\/2019\/04\/head-band-magic-Braille-bijou-jewelry-jewellery-hand-made-fait-main-createur-designer-ambre-cardinal-accessoire-cheveux-mariage-soiree-wedding.jpg\",\"width\":600,\"height\":600},{\"@type\":\"WebPage\",\"@id\":\"https:\/\/ambrecardinal.com\/product\/magic-head-piece\/#webpage\",\"url\":\"https:\/\/ambrecardinal.com\/product\/magic-head-piece\/\",\"name\":\"Magic head piece - Ambre Cardinal\",\"isPartOf\":{\"@id\":\"https:\/\/ambrecardinal.com\/#website\"},\"primaryImageOfPage\":{\"@id\":\"https:\/\/ambrecardinal.com\/product\/magic-head-piece\/#primaryimage\"},\"datePublished\":\"2019-04-26T12:05:28+00:00\",\"dateModified\":\"2023-02-28T21:03:55+00:00\",\"breadcrumb\":{\"@id\":\"https:\/\/ambrecardinal.com\/product\/magic-head-piece\/#breadcrumb\"},\"inLanguage\":\"fr-FR\",\"potentialAction\":[{\"@type\":\"ReadAction\",\"target\":[\"https:\/\/ambrecardinal.com\/product\/magic-head-piece\/\"]}]},{\"@type\":\"BreadcrumbList\",\"@id\":\"https:\/\/ambrecardinal.com\/product\/magic-head-piece\/#breadcrumb\",\"itemListElement\":[{\"@type\":\"ListItem\",\"position\":1,\"name\":\"Accueil\",\"item\":\"https:\/\/ambrecardinal.com\/\"},{\"@type\":\"ListItem\",\"position\":2,\"name\":\"BIJOUX\",\"item\":\"https:\/\/ambrecardinal.com\/jewelry\/\"},{\"@type\":\"ListItem\",\"position\":3,\"name\":\"Magic head piece\"}]}]}<\/script>\n<!-- \/ Yoast SEO plugin. -->","yoast_head_json":{"title":"Magic head piece - Ambre Cardinal","robots":{"index":"index","follow":"follow","max-snippet":"max-snippet:-1","max-image-preview":"max-image-preview:large","max-video-preview":"max-video-preview:-1"},"canonical":"https:\/\/ambrecardinal.com\/fr\/product\/magic-head-piece\/","og_locale":"fr_FR","og_type":"article","og_title":"Magic head piece - Ambre Cardinal","og_description":"Bijou de t\u00eate en braille \u201cMake yourself a favor, don't hide your magic\"  Fabriqu\u00e9 en France  Plaqu\u00e9 or 24 carats ( 3 microns)","og_url":"https:\/\/ambrecardinal.com\/fr\/product\/magic-head-piece\/","og_site_name":"Ambre Cardinal","article_modified_time":"2023-02-28T21:03:55+00:00","og_image":[{"width":600,"height":600,"url":"https:\/\/ambrecardinal.com\/wp-content\/uploads\/2019\/04\/head-band-magic-Braille-bijou-jewelry-jewellery-hand-made-fait-main-createur-designer-ambre-cardinal-accessoire-cheveux-mariage-soiree-wedding.jpg","path":"\/home\/ambrecarlm\/www\/wp-content\/uploads\/2019\/04\/head-band-magic-Braille-bijou-jewelry-jewellery-hand-made-fait-main-createur-designer-ambre-cardinal-accessoire-cheveux-mariage-soiree-wedding.jpg","size":"full","id":855,"alt":"","pixels":360000,"type":"image\/jpeg"}],"twitter_card":"summary_large_image","twitter_misc":{"Dur\u00e9e de lecture est.":"1 minute"},"schema":{"@context":"https:\/\/schema.org","@graph":[{"@type":"WebSite","@id":"https:\/\/ambrecardinal.com\/#website","url":"https:\/\/ambrecardinal.com\/","name":"Ambre Cardinal","description":"Sculpture - art - Jewelry  -design","potentialAction":[{"@type":"SearchAction","target":{"@type":"EntryPoint","urlTemplate":"https:\/\/ambrecardinal.com\/?s={search_term_string}"},"query-input":"required name=search_term_string"}],"inLanguage":"fr-FR"},{"@type":"ImageObject","@id":"https:\/\/ambrecardinal.com\/product\/magic-head-piece\/#primaryimage","inLanguage":"fr-FR","url":"https:\/\/ambrecardinal.com\/wp-content\/uploads\/2019\/04\/head-band-magic-Braille-bijou-jewelry-jewellery-hand-made-fait-main-createur-designer-ambre-cardinal-accessoire-cheveux-mariage-soiree-wedding.jpg","contentUrl":"https:\/\/ambrecardinal.com\/wp-content\/uploads\/2019\/04\/head-band-magic-Braille-bijou-jewelry-jewellery-hand-made-fait-main-createur-designer-ambre-cardinal-accessoire-cheveux-mariage-soiree-wedding.jpg","width":600,"height":600},{"@type":"WebPage","@id":"https:\/\/ambrecardinal.com\/product\/magic-head-piece\/#webpage","url":"https:\/\/ambrecardinal.com\/product\/magic-head-piece\/","name":"Magic head piece - Ambre Cardinal","isPartOf":{"@id":"https:\/\/ambrecardinal.com\/#website"},"primaryImageOfPage":{"@id":"https:\/\/ambrecardinal.com\/product\/magic-head-piece\/#primaryimage"},"datePublished":"2019-04-26T12:05:28+00:00","dateModified":"2023-02-28T21:03:55+00:00","breadcrumb":{"@id":"https:\/\/ambrecardinal.com\/product\/magic-head-piece\/#breadcrumb"},"inLanguage":"fr-FR","potentialAction":[{"@type":"ReadAction","target":["https:\/\/ambrecardinal.com\/product\/magic-head-piece\/"]}]},{"@type":"BreadcrumbList","@id":"https:\/\/ambrecardinal.com\/product\/magic-head-piece\/#breadcrumb","itemListElement":[{"@type":"ListItem","position":1,"name":"Accueil","item":"https:\/\/ambrecardinal.com\/"},{"@type":"ListItem","position":2,"name":"BIJOUX","item":"https:\/\/ambrecardinal.com\/jewelry\/"},{"@type":"ListItem","position":3,"name":"Magic head piece"}]}]}},"_links":{"self":[{"href":"https:\/\/ambrecardinal.com\/fr\/wp-json\/wp\/v2\/product\/906"}],"collection":[{"href":"https:\/\/ambrecardinal.com\/fr\/wp-json\/wp\/v2\/product"}],"about":[{"href":"https:\/\/ambrecardinal.com\/fr\/wp-json\/wp\/v2\/types\/product"}],"replies":[{"embeddable":true,"href":"https:\/\/ambrecardinal.com\/fr\/wp-json\/wp\/v2\/comments?post=906"}],"version-history":[{"count":12,"href":"https:\/\/ambrecardinal.com\/fr\/wp-json\/wp\/v2\/product\/906\/revisions"}],"predecessor-version":[{"id":13666,"href":"https:\/\/ambrecardinal.com\/fr\/wp-json\/wp\/v2\/product\/906\/revisions\/13666"}],"wp:featuredmedia":[{"embeddable":true,"href":"https:\/\/ambrecardinal.com\/fr\/wp-json\/wp\/v2\/media\/855"}],"wp:attachment":[{"href":"https:\/\/ambrecardinal.com\/fr\/wp-json\/wp\/v2\/media?parent=906"}],"wp:term":[{"taxonomy":"product_cat","embeddable":true,"href":"https:\/\/ambrecardinal.com\/fr\/wp-json\/wp\/v2\/product_cat?post=906"},{"taxonomy":"product_tag","embeddable":true,"href":"https:\/\/ambrecardinal.com\/fr\/wp-json\/wp\/v2\/product_tag?post=906"}],"curies":[{"name":"wp","href":"https:\/\/api.w.org\/{rel}","templated":true}]}}