{"id":903,"date":"2019-04-26T14:03:32","date_gmt":"2019-04-26T12:03:32","guid":{"rendered":"https:\/\/ambrecardinal.com\/?post_type=product&#038;p=903"},"modified":"2023-02-12T12:02:26","modified_gmt":"2023-02-12T11:02:26","slug":"only-me-earrings","status":"publish","type":"product","link":"https:\/\/ambrecardinal.com\/fr\/product\/only-me-earrings\/","title":{"rendered":"Only me earrings"},"content":{"rendered":"\t\t<div data-elementor-type=\"wp-post\" data-elementor-id=\"903\" class=\"elementor elementor-903\" data-elementor-settings=\"[]\">\n\t\t\t\t\t\t<div class=\"elementor-inner\">\n\t\t\t\t\t\t\t<div class=\"elementor-section-wrap\">\n\t\t\t\t\t\t\t<section class=\"elementor-section elementor-top-section elementor-element elementor-element-5cc563b2 elementor-section-boxed elementor-section-height-default elementor-section-height-default\" data-id=\"5cc563b2\" data-element_type=\"section\">\n\t\t\t\t\t\t<div class=\"elementor-container elementor-column-gap-default\">\n\t\t\t\t\t\t\t<div class=\"elementor-row\">\n\t\t\t\t\t<div class=\"elementor-column elementor-col-100 elementor-top-column elementor-element elementor-element-46b949d0\" data-id=\"46b949d0\" data-element_type=\"column\">\n\t\t\t<div class=\"elementor-column-wrap elementor-element-populated\">\n\t\t\t\t\t\t\t<div class=\"elementor-widget-wrap\">\n\t\t\t\t\t\t<div class=\"elementor-element elementor-element-51e2553c elementor-widget elementor-widget-text-editor\" data-id=\"51e2553c\" data-element_type=\"widget\" data-widget_type=\"text-editor.default\">\n\t\t\t\t<div class=\"elementor-widget-container\">\n\t\t\t\t\t\t\t\t<div class=\"elementor-text-editor elementor-clearfix\">\n\t\t\t\t<p>Emboss\u00e9s dans la mati\u00e8re, les mots en braille diffusent leur message comme un mantra secret. Au contact du corps, le bijou de pens\u00e9e lib\u00e8re l\u2019\u00e9nergie de la parole. Puissance du toucher qui d\u2019un doigt effleure la ligne compos\u00e9e d\u2019une succession de points pour se reconnecter \u00e0 son propre corps dans une intense pr\u00e9sence \u00e0 soi.<\/p><p>Ces boucles d&#8217;oreilles asym\u00e9triques et de forme compl\u00e9mentaires v\u00e9hiculent le mantra \u00ab I am the only&#8230;. Me \u00bb; ce qui signifie &#8220;Je suis l&#8217;unique\u2026 Moi &#8220;.<\/p><p>Chaque bijou est fabriqu\u00e9 \u00e0 la main et appara\u00eet unique.<\/p>\t\t\t\t\t<\/div>\n\t\t\t\t\t\t<\/div>\n\t\t\t\t<\/div>\n\t\t\t\t\t\t<\/div>\n\t\t\t\t\t<\/div>\n\t\t<\/div>\n\t\t\t\t\t\t\t\t<\/div>\n\t\t\t\t\t<\/div>\n\t\t<\/section>\n\t\t\t\t\t\t<\/div>\n\t\t\t\t\t\t<\/div>\n\t\t\t\t\t<\/div>\n\t\t","protected":false},"excerpt":{"rendered":"<div class=\"s6\"><span class=\"s3\">\u2022<span class=\"Apple-converted-space\">\u00a0<\/span><\/span><span class=\"s5\">Boucle d&#8217;oreille en braille \u201cI<span class=\"Apple-converted-space\">\u00a0<\/span><\/span><span class=\"s5\">am<\/span><span class=\"s5\"><span class=\"Apple-converted-space\">\u00a0<\/span>the<span class=\"Apple-converted-space\">\u00a0<\/span><\/span><span class=\"s5\">only<\/span><span class=\"s5\"><span class=\"Apple-converted-space\">\u00a0<\/span>&#8230; me\u201d<\/span><\/div>\n<div class=\"s6\"><span class=\"s3\">\u2022<span class=\"Apple-converted-space\">\u00a0<\/span><\/span><span class=\"s5\">Fabriqu\u00e9 en France<\/span><\/div>\n<div class=\"s6\"><span class=\"s3\">\u2022<span class=\"Apple-converted-space\">\u00a0<\/span><\/span><span class=\"s5\">Plaqu\u00e9 or 24 carats (3 microns)<\/span><\/div>\n","protected":false},"featured_media":858,"comment_status":"open","ping_status":"closed","template":"","meta":[],"product_cat":[23,35],"product_tag":[],"yoast_head":"<!-- This site is optimized with the Yoast SEO plugin v17.0 - https:\/\/yoast.com\/wordpress\/plugins\/seo\/ -->\n<title>Only me earrings - Ambre Cardinal<\/title>\n<meta name=\"robots\" content=\"index, follow, max-snippet:-1, max-image-preview:large, max-video-preview:-1\" \/>\n<link rel=\"canonical\" href=\"https:\/\/ambrecardinal.com\/fr\/product\/only-me-earrings\/\" \/>\n<meta property=\"og:locale\" content=\"fr_FR\" \/>\n<meta property=\"og:type\" content=\"article\" \/>\n<meta property=\"og:title\" content=\"Only me earrings - Ambre Cardinal\" \/>\n<meta property=\"og:description\" content=\"\u2022\u00a0Boucle d&#039;oreille en braille \u201cI\u00a0am\u00a0the\u00a0only\u00a0... me\u201d \u2022\u00a0Fabriqu\u00e9 en France \u2022\u00a0Plaqu\u00e9 or 24 carats (3 microns)\" \/>\n<meta property=\"og:url\" content=\"https:\/\/ambrecardinal.com\/fr\/product\/only-me-earrings\/\" \/>\n<meta property=\"og:site_name\" content=\"Ambre Cardinal\" \/>\n<meta property=\"article:modified_time\" content=\"2023-02-12T11:02:26+00:00\" \/>\n<meta property=\"og:image\" content=\"https:\/\/ambrecardinal.com\/wp-content\/uploads\/2019\/04\/only-me-earrings-Braille-bijou-jewelry-jewellery-hand-made-fait-main-createur-designer-ambre-cardinal-boucle-oreille.jpg\" \/>\n\t<meta property=\"og:image:width\" content=\"600\" \/>\n\t<meta property=\"og:image:height\" content=\"600\" \/>\n<meta name=\"twitter:card\" content=\"summary_large_image\" \/>\n<meta name=\"twitter:label1\" content=\"Dur\u00e9e de lecture est.\" \/>\n\t<meta name=\"twitter:data1\" content=\"1 minute\" \/>\n<script type=\"application\/ld+json\" class=\"yoast-schema-graph\">{\"@context\":\"https:\/\/schema.org\",\"@graph\":[{\"@type\":\"WebSite\",\"@id\":\"https:\/\/ambrecardinal.com\/#website\",\"url\":\"https:\/\/ambrecardinal.com\/\",\"name\":\"Ambre Cardinal\",\"description\":\"Sculpture - art - Jewelry  -design\",\"potentialAction\":[{\"@type\":\"SearchAction\",\"target\":{\"@type\":\"EntryPoint\",\"urlTemplate\":\"https:\/\/ambrecardinal.com\/?s={search_term_string}\"},\"query-input\":\"required name=search_term_string\"}],\"inLanguage\":\"fr-FR\"},{\"@type\":\"ImageObject\",\"@id\":\"https:\/\/ambrecardinal.com\/fr\/product\/only-me-earrings\/#primaryimage\",\"inLanguage\":\"fr-FR\",\"url\":\"https:\/\/ambrecardinal.com\/wp-content\/uploads\/2019\/04\/only-me-earrings-Braille-bijou-jewelry-jewellery-hand-made-fait-main-createur-designer-ambre-cardinal-boucle-oreille.jpg\",\"contentUrl\":\"https:\/\/ambrecardinal.com\/wp-content\/uploads\/2019\/04\/only-me-earrings-Braille-bijou-jewelry-jewellery-hand-made-fait-main-createur-designer-ambre-cardinal-boucle-oreille.jpg\",\"width\":600,\"height\":600},{\"@type\":\"WebPage\",\"@id\":\"https:\/\/ambrecardinal.com\/fr\/product\/only-me-earrings\/#webpage\",\"url\":\"https:\/\/ambrecardinal.com\/fr\/product\/only-me-earrings\/\",\"name\":\"Only me earrings - Ambre Cardinal\",\"isPartOf\":{\"@id\":\"https:\/\/ambrecardinal.com\/#website\"},\"primaryImageOfPage\":{\"@id\":\"https:\/\/ambrecardinal.com\/fr\/product\/only-me-earrings\/#primaryimage\"},\"datePublished\":\"2019-04-26T12:03:32+00:00\",\"dateModified\":\"2023-02-12T11:02:26+00:00\",\"breadcrumb\":{\"@id\":\"https:\/\/ambrecardinal.com\/fr\/product\/only-me-earrings\/#breadcrumb\"},\"inLanguage\":\"fr-FR\",\"potentialAction\":[{\"@type\":\"ReadAction\",\"target\":[\"https:\/\/ambrecardinal.com\/fr\/product\/only-me-earrings\/\"]}]},{\"@type\":\"BreadcrumbList\",\"@id\":\"https:\/\/ambrecardinal.com\/fr\/product\/only-me-earrings\/#breadcrumb\",\"itemListElement\":[{\"@type\":\"ListItem\",\"position\":1,\"name\":\"Accueil\",\"item\":\"https:\/\/ambrecardinal.com\/\"},{\"@type\":\"ListItem\",\"position\":2,\"name\":\"BIJOUX\",\"item\":\"https:\/\/ambrecardinal.com\/jewelry\/\"},{\"@type\":\"ListItem\",\"position\":3,\"name\":\"Only me earrings\"}]}]}<\/script>\n<!-- \/ Yoast SEO plugin. -->","yoast_head_json":{"title":"Only me earrings - Ambre Cardinal","robots":{"index":"index","follow":"follow","max-snippet":"max-snippet:-1","max-image-preview":"max-image-preview:large","max-video-preview":"max-video-preview:-1"},"canonical":"https:\/\/ambrecardinal.com\/fr\/product\/only-me-earrings\/","og_locale":"fr_FR","og_type":"article","og_title":"Only me earrings - Ambre Cardinal","og_description":"\u2022\u00a0Boucle d'oreille en braille \u201cI\u00a0am\u00a0the\u00a0only\u00a0... me\u201d \u2022\u00a0Fabriqu\u00e9 en France \u2022\u00a0Plaqu\u00e9 or 24 carats (3 microns)","og_url":"https:\/\/ambrecardinal.com\/fr\/product\/only-me-earrings\/","og_site_name":"Ambre Cardinal","article_modified_time":"2023-02-12T11:02:26+00:00","og_image":[{"width":600,"height":600,"url":"https:\/\/ambrecardinal.com\/wp-content\/uploads\/2019\/04\/only-me-earrings-Braille-bijou-jewelry-jewellery-hand-made-fait-main-createur-designer-ambre-cardinal-boucle-oreille.jpg","path":"\/home\/ambrecarlm\/www\/wp-content\/uploads\/2019\/04\/only-me-earrings-Braille-bijou-jewelry-jewellery-hand-made-fait-main-createur-designer-ambre-cardinal-boucle-oreille.jpg","size":"full","id":858,"alt":"","pixels":360000,"type":"image\/jpeg"}],"twitter_card":"summary_large_image","twitter_misc":{"Dur\u00e9e de lecture est.":"1 minute"},"schema":{"@context":"https:\/\/schema.org","@graph":[{"@type":"WebSite","@id":"https:\/\/ambrecardinal.com\/#website","url":"https:\/\/ambrecardinal.com\/","name":"Ambre Cardinal","description":"Sculpture - art - Jewelry  -design","potentialAction":[{"@type":"SearchAction","target":{"@type":"EntryPoint","urlTemplate":"https:\/\/ambrecardinal.com\/?s={search_term_string}"},"query-input":"required name=search_term_string"}],"inLanguage":"fr-FR"},{"@type":"ImageObject","@id":"https:\/\/ambrecardinal.com\/fr\/product\/only-me-earrings\/#primaryimage","inLanguage":"fr-FR","url":"https:\/\/ambrecardinal.com\/wp-content\/uploads\/2019\/04\/only-me-earrings-Braille-bijou-jewelry-jewellery-hand-made-fait-main-createur-designer-ambre-cardinal-boucle-oreille.jpg","contentUrl":"https:\/\/ambrecardinal.com\/wp-content\/uploads\/2019\/04\/only-me-earrings-Braille-bijou-jewelry-jewellery-hand-made-fait-main-createur-designer-ambre-cardinal-boucle-oreille.jpg","width":600,"height":600},{"@type":"WebPage","@id":"https:\/\/ambrecardinal.com\/fr\/product\/only-me-earrings\/#webpage","url":"https:\/\/ambrecardinal.com\/fr\/product\/only-me-earrings\/","name":"Only me earrings - Ambre Cardinal","isPartOf":{"@id":"https:\/\/ambrecardinal.com\/#website"},"primaryImageOfPage":{"@id":"https:\/\/ambrecardinal.com\/fr\/product\/only-me-earrings\/#primaryimage"},"datePublished":"2019-04-26T12:03:32+00:00","dateModified":"2023-02-12T11:02:26+00:00","breadcrumb":{"@id":"https:\/\/ambrecardinal.com\/fr\/product\/only-me-earrings\/#breadcrumb"},"inLanguage":"fr-FR","potentialAction":[{"@type":"ReadAction","target":["https:\/\/ambrecardinal.com\/fr\/product\/only-me-earrings\/"]}]},{"@type":"BreadcrumbList","@id":"https:\/\/ambrecardinal.com\/fr\/product\/only-me-earrings\/#breadcrumb","itemListElement":[{"@type":"ListItem","position":1,"name":"Accueil","item":"https:\/\/ambrecardinal.com\/"},{"@type":"ListItem","position":2,"name":"BIJOUX","item":"https:\/\/ambrecardinal.com\/jewelry\/"},{"@type":"ListItem","position":3,"name":"Only me earrings"}]}]}},"_links":{"self":[{"href":"https:\/\/ambrecardinal.com\/fr\/wp-json\/wp\/v2\/product\/903"}],"collection":[{"href":"https:\/\/ambrecardinal.com\/fr\/wp-json\/wp\/v2\/product"}],"about":[{"href":"https:\/\/ambrecardinal.com\/fr\/wp-json\/wp\/v2\/types\/product"}],"replies":[{"embeddable":true,"href":"https:\/\/ambrecardinal.com\/fr\/wp-json\/wp\/v2\/comments?post=903"}],"version-history":[{"count":4,"href":"https:\/\/ambrecardinal.com\/fr\/wp-json\/wp\/v2\/product\/903\/revisions"}],"predecessor-version":[{"id":13658,"href":"https:\/\/ambrecardinal.com\/fr\/wp-json\/wp\/v2\/product\/903\/revisions\/13658"}],"wp:featuredmedia":[{"embeddable":true,"href":"https:\/\/ambrecardinal.com\/fr\/wp-json\/wp\/v2\/media\/858"}],"wp:attachment":[{"href":"https:\/\/ambrecardinal.com\/fr\/wp-json\/wp\/v2\/media?parent=903"}],"wp:term":[{"taxonomy":"product_cat","embeddable":true,"href":"https:\/\/ambrecardinal.com\/fr\/wp-json\/wp\/v2\/product_cat?post=903"},{"taxonomy":"product_tag","embeddable":true,"href":"https:\/\/ambrecardinal.com\/fr\/wp-json\/wp\/v2\/product_tag?post=903"}],"curies":[{"name":"wp","href":"https:\/\/api.w.org\/{rel}","templated":true}]}}