{"id":902,"date":"2019-04-26T14:01:31","date_gmt":"2019-04-26T12:01:31","guid":{"rendered":"https:\/\/ambrecardinal.com\/?post_type=product&#038;p=902"},"modified":"2023-03-14T18:00:10","modified_gmt":"2023-03-14T17:00:10","slug":"infinity-hair-clip","status":"publish","type":"product","link":"https:\/\/ambrecardinal.com\/fr\/product\/infinity-hair-clip\/","title":{"rendered":"Infinity hair clip"},"content":{"rendered":"<p class=\"p1\">Emboss\u00e9s dans la mati\u00e8re, les mots en braille diffusent leur message comme un mantra secret. Au contact du corps, le bijou de pens\u00e9e lib\u00e8re l\u2019\u00e9nergie de la parole. Puissance du toucher\u00a0qui d\u2019un doigt effleure la ligne compos\u00e9e d\u2019une succession de points pour se reconnecter \u00e0 son propre corps dans une intense pr\u00e9sence \u00e0 soi.<\/p>\n<p class=\"p1\">Cette barrette \u00e0 cheveux v\u00e9hicule le mantra \u00ab My\u00a0possibilites are infinite \u00bb; ce qui signifie &#8220;Mes possibilit\u00e9s sont infinis&#8221;.<\/p>\n<p class=\"p1\">Chaque bijou est fabriqu\u00e9 \u00e0 la main et appara\u00eet unique.<\/p>\n","protected":false},"excerpt":{"rendered":"<div class=\"s6\">\n<p class=\"p1\">\u2022 Barette en braille \u201cMy\u00a0possibilities are infinite&#8221;<\/p>\n<p class=\"p1\">\u2022 Fabriqu\u00e9 en France<\/p>\n<p class=\"p1\">\u2022 Plaqu\u00e9 or 24 carats (1 microns)<\/p>\n<\/div>\n","protected":false},"featured_media":856,"comment_status":"open","ping_status":"closed","template":"","meta":[],"product_cat":[35,36],"product_tag":[],"yoast_head":"<!-- This site is optimized with the Yoast SEO plugin v17.0 - https:\/\/yoast.com\/wordpress\/plugins\/seo\/ -->\n<title>Infinity hair clip - Ambre Cardinal<\/title>\n<meta name=\"robots\" content=\"index, follow, max-snippet:-1, max-image-preview:large, max-video-preview:-1\" \/>\n<link rel=\"canonical\" href=\"https:\/\/ambrecardinal.com\/fr\/product\/infinity-hair-clip\/\" \/>\n<meta property=\"og:locale\" content=\"fr_FR\" \/>\n<meta property=\"og:type\" content=\"article\" \/>\n<meta property=\"og:title\" content=\"Infinity hair clip - Ambre Cardinal\" \/>\n<meta property=\"og:description\" content=\"\u2022 Barette en braille \u201cMy\u00a0possibilities are infinite&quot; \u2022 Fabriqu\u00e9 en France \u2022 Plaqu\u00e9 or 24 carats (1 microns)\" \/>\n<meta property=\"og:url\" content=\"https:\/\/ambrecardinal.com\/fr\/product\/infinity-hair-clip\/\" \/>\n<meta property=\"og:site_name\" content=\"Ambre Cardinal\" \/>\n<meta property=\"article:modified_time\" content=\"2023-03-14T17:00:10+00:00\" \/>\n<meta property=\"og:image\" content=\"https:\/\/ambrecardinal.com\/wp-content\/uploads\/2019\/04\/infinity-hair-clip-accessoire-cheveux-Braille-bijou-jewelry-jewellery-hand-made-fait-main-createur-designer-ambre-cardinal.jpg\" \/>\n\t<meta property=\"og:image:width\" content=\"600\" \/>\n\t<meta property=\"og:image:height\" content=\"600\" \/>\n<meta name=\"twitter:card\" content=\"summary_large_image\" \/>\n<script type=\"application\/ld+json\" class=\"yoast-schema-graph\">{\"@context\":\"https:\/\/schema.org\",\"@graph\":[{\"@type\":\"WebSite\",\"@id\":\"https:\/\/ambrecardinal.com\/#website\",\"url\":\"https:\/\/ambrecardinal.com\/\",\"name\":\"Ambre Cardinal\",\"description\":\"Sculpture - art - Jewelry  -design\",\"potentialAction\":[{\"@type\":\"SearchAction\",\"target\":{\"@type\":\"EntryPoint\",\"urlTemplate\":\"https:\/\/ambrecardinal.com\/?s={search_term_string}\"},\"query-input\":\"required name=search_term_string\"}],\"inLanguage\":\"fr-FR\"},{\"@type\":\"ImageObject\",\"@id\":\"https:\/\/ambrecardinal.com\/product\/infinity-hair-clip\/#primaryimage\",\"inLanguage\":\"fr-FR\",\"url\":\"https:\/\/ambrecardinal.com\/wp-content\/uploads\/2019\/04\/infinity-hair-clip-accessoire-cheveux-Braille-bijou-jewelry-jewellery-hand-made-fait-main-createur-designer-ambre-cardinal.jpg\",\"contentUrl\":\"https:\/\/ambrecardinal.com\/wp-content\/uploads\/2019\/04\/infinity-hair-clip-accessoire-cheveux-Braille-bijou-jewelry-jewellery-hand-made-fait-main-createur-designer-ambre-cardinal.jpg\",\"width\":600,\"height\":600},{\"@type\":\"WebPage\",\"@id\":\"https:\/\/ambrecardinal.com\/product\/infinity-hair-clip\/#webpage\",\"url\":\"https:\/\/ambrecardinal.com\/product\/infinity-hair-clip\/\",\"name\":\"Infinity hair clip - Ambre Cardinal\",\"isPartOf\":{\"@id\":\"https:\/\/ambrecardinal.com\/#website\"},\"primaryImageOfPage\":{\"@id\":\"https:\/\/ambrecardinal.com\/product\/infinity-hair-clip\/#primaryimage\"},\"datePublished\":\"2019-04-26T12:01:31+00:00\",\"dateModified\":\"2023-03-14T17:00:10+00:00\",\"breadcrumb\":{\"@id\":\"https:\/\/ambrecardinal.com\/product\/infinity-hair-clip\/#breadcrumb\"},\"inLanguage\":\"fr-FR\",\"potentialAction\":[{\"@type\":\"ReadAction\",\"target\":[\"https:\/\/ambrecardinal.com\/product\/infinity-hair-clip\/\"]}]},{\"@type\":\"BreadcrumbList\",\"@id\":\"https:\/\/ambrecardinal.com\/product\/infinity-hair-clip\/#breadcrumb\",\"itemListElement\":[{\"@type\":\"ListItem\",\"position\":1,\"name\":\"Accueil\",\"item\":\"https:\/\/ambrecardinal.com\/\"},{\"@type\":\"ListItem\",\"position\":2,\"name\":\"BIJOUX\",\"item\":\"https:\/\/ambrecardinal.com\/jewelry\/\"},{\"@type\":\"ListItem\",\"position\":3,\"name\":\"Infinity hair clip\"}]}]}<\/script>\n<!-- \/ Yoast SEO plugin. -->","yoast_head_json":{"title":"Infinity hair clip - Ambre Cardinal","robots":{"index":"index","follow":"follow","max-snippet":"max-snippet:-1","max-image-preview":"max-image-preview:large","max-video-preview":"max-video-preview:-1"},"canonical":"https:\/\/ambrecardinal.com\/fr\/product\/infinity-hair-clip\/","og_locale":"fr_FR","og_type":"article","og_title":"Infinity hair clip - Ambre Cardinal","og_description":"\u2022 Barette en braille \u201cMy\u00a0possibilities are infinite\" \u2022 Fabriqu\u00e9 en France \u2022 Plaqu\u00e9 or 24 carats (1 microns)","og_url":"https:\/\/ambrecardinal.com\/fr\/product\/infinity-hair-clip\/","og_site_name":"Ambre Cardinal","article_modified_time":"2023-03-14T17:00:10+00:00","og_image":[{"width":600,"height":600,"url":"https:\/\/ambrecardinal.com\/wp-content\/uploads\/2019\/04\/infinity-hair-clip-accessoire-cheveux-Braille-bijou-jewelry-jewellery-hand-made-fait-main-createur-designer-ambre-cardinal.jpg","path":"\/home\/ambrecarlm\/www\/wp-content\/uploads\/2019\/04\/infinity-hair-clip-accessoire-cheveux-Braille-bijou-jewelry-jewellery-hand-made-fait-main-createur-designer-ambre-cardinal.jpg","size":"full","id":856,"alt":"","pixels":360000,"type":"image\/jpeg"}],"twitter_card":"summary_large_image","schema":{"@context":"https:\/\/schema.org","@graph":[{"@type":"WebSite","@id":"https:\/\/ambrecardinal.com\/#website","url":"https:\/\/ambrecardinal.com\/","name":"Ambre Cardinal","description":"Sculpture - art - Jewelry  -design","potentialAction":[{"@type":"SearchAction","target":{"@type":"EntryPoint","urlTemplate":"https:\/\/ambrecardinal.com\/?s={search_term_string}"},"query-input":"required name=search_term_string"}],"inLanguage":"fr-FR"},{"@type":"ImageObject","@id":"https:\/\/ambrecardinal.com\/product\/infinity-hair-clip\/#primaryimage","inLanguage":"fr-FR","url":"https:\/\/ambrecardinal.com\/wp-content\/uploads\/2019\/04\/infinity-hair-clip-accessoire-cheveux-Braille-bijou-jewelry-jewellery-hand-made-fait-main-createur-designer-ambre-cardinal.jpg","contentUrl":"https:\/\/ambrecardinal.com\/wp-content\/uploads\/2019\/04\/infinity-hair-clip-accessoire-cheveux-Braille-bijou-jewelry-jewellery-hand-made-fait-main-createur-designer-ambre-cardinal.jpg","width":600,"height":600},{"@type":"WebPage","@id":"https:\/\/ambrecardinal.com\/product\/infinity-hair-clip\/#webpage","url":"https:\/\/ambrecardinal.com\/product\/infinity-hair-clip\/","name":"Infinity hair clip - Ambre Cardinal","isPartOf":{"@id":"https:\/\/ambrecardinal.com\/#website"},"primaryImageOfPage":{"@id":"https:\/\/ambrecardinal.com\/product\/infinity-hair-clip\/#primaryimage"},"datePublished":"2019-04-26T12:01:31+00:00","dateModified":"2023-03-14T17:00:10+00:00","breadcrumb":{"@id":"https:\/\/ambrecardinal.com\/product\/infinity-hair-clip\/#breadcrumb"},"inLanguage":"fr-FR","potentialAction":[{"@type":"ReadAction","target":["https:\/\/ambrecardinal.com\/product\/infinity-hair-clip\/"]}]},{"@type":"BreadcrumbList","@id":"https:\/\/ambrecardinal.com\/product\/infinity-hair-clip\/#breadcrumb","itemListElement":[{"@type":"ListItem","position":1,"name":"Accueil","item":"https:\/\/ambrecardinal.com\/"},{"@type":"ListItem","position":2,"name":"BIJOUX","item":"https:\/\/ambrecardinal.com\/jewelry\/"},{"@type":"ListItem","position":3,"name":"Infinity hair clip"}]}]}},"_links":{"self":[{"href":"https:\/\/ambrecardinal.com\/fr\/wp-json\/wp\/v2\/product\/902"}],"collection":[{"href":"https:\/\/ambrecardinal.com\/fr\/wp-json\/wp\/v2\/product"}],"about":[{"href":"https:\/\/ambrecardinal.com\/fr\/wp-json\/wp\/v2\/types\/product"}],"replies":[{"embeddable":true,"href":"https:\/\/ambrecardinal.com\/fr\/wp-json\/wp\/v2\/comments?post=902"}],"version-history":[{"count":4,"href":"https:\/\/ambrecardinal.com\/fr\/wp-json\/wp\/v2\/product\/902\/revisions"}],"predecessor-version":[{"id":13668,"href":"https:\/\/ambrecardinal.com\/fr\/wp-json\/wp\/v2\/product\/902\/revisions\/13668"}],"wp:featuredmedia":[{"embeddable":true,"href":"https:\/\/ambrecardinal.com\/fr\/wp-json\/wp\/v2\/media\/856"}],"wp:attachment":[{"href":"https:\/\/ambrecardinal.com\/fr\/wp-json\/wp\/v2\/media?parent=902"}],"wp:term":[{"taxonomy":"product_cat","embeddable":true,"href":"https:\/\/ambrecardinal.com\/fr\/wp-json\/wp\/v2\/product_cat?post=902"},{"taxonomy":"product_tag","embeddable":true,"href":"https:\/\/ambrecardinal.com\/fr\/wp-json\/wp\/v2\/product_tag?post=902"}],"curies":[{"name":"wp","href":"https:\/\/api.w.org\/{rel}","templated":true}]}}