{"id":877,"date":"2019-04-26T13:27:15","date_gmt":"2019-04-26T11:27:15","guid":{"rendered":"https:\/\/ambrecardinal.com\/?post_type=product&#038;p=877"},"modified":"2023-03-14T18:14:27","modified_gmt":"2023-03-14T17:14:27","slug":"planet-bracelet","status":"publish","type":"product","link":"https:\/\/ambrecardinal.com\/fr\/product\/planet-bracelet\/","title":{"rendered":"Planet bracelet"},"content":{"rendered":"<p class=\"p1\">Emboss\u00e9s dans la mati\u00e8re, les mots en braille diffusent leur message comme un mantra secret. Au contact du corps, le bijou de pens\u00e9e lib\u00e8re l\u2019\u00e9nergie de la parole. Puissance du toucher\u00a0qui d\u2019un doigt effleure la ligne compos\u00e9e d\u2019une succession de points pour se reconnecter \u00e0 son propre corps dans une intense pr\u00e9sence \u00e0 soi.<\/p>\n<p class=\"p1\">Ce bracelet circulaire v\u00e9hicule le mantra \u00ab A moi seule je suis une plan\u00e8te \u00bb.<\/p>\n<p class=\"p1\">Chaque bijou est fabriqu\u00e9 \u00e0 la main et appara\u00eet unique.<\/p>\n","protected":false},"excerpt":{"rendered":"<p class=\"p1\">\u2022 Bracelet en braille \u201cA moi seule je suis une plan\u00e8te&#8221;<\/p>\n<p class=\"p1\">\u2022 Fabriqu\u00e9 en France<\/p>\n<p class=\"p1\">\u2022 Plaqu\u00e9 or 24 carats (3 microns)<\/p>\n","protected":false},"featured_media":859,"comment_status":"open","ping_status":"closed","template":"","meta":[],"product_cat":[19,26,35],"product_tag":[],"yoast_head":"<!-- This site is optimized with the Yoast SEO plugin v17.0 - https:\/\/yoast.com\/wordpress\/plugins\/seo\/ -->\n<title>Planet bracelet - Ambre Cardinal<\/title>\n<meta name=\"robots\" content=\"index, follow, max-snippet:-1, max-image-preview:large, max-video-preview:-1\" \/>\n<link rel=\"canonical\" href=\"https:\/\/ambrecardinal.com\/fr\/product\/planet-bracelet\/\" \/>\n<meta property=\"og:locale\" content=\"fr_FR\" \/>\n<meta property=\"og:type\" content=\"article\" \/>\n<meta property=\"og:title\" content=\"Planet bracelet - Ambre Cardinal\" \/>\n<meta property=\"og:description\" content=\"\u2022 Bracelet en braille \u201cA moi seule je suis une plan\u00e8te&quot; \u2022 Fabriqu\u00e9 en France \u2022 Plaqu\u00e9 or 24 carats (3 microns)\" \/>\n<meta property=\"og:url\" content=\"https:\/\/ambrecardinal.com\/fr\/product\/planet-bracelet\/\" \/>\n<meta property=\"og:site_name\" content=\"Ambre Cardinal\" \/>\n<meta property=\"article:modified_time\" content=\"2023-03-14T17:14:27+00:00\" \/>\n<meta property=\"og:image\" content=\"https:\/\/ambrecardinal.com\/wp-content\/uploads\/2019\/04\/planete-bracelet-Braille-bijou-jewelry-jewellery-hand-made-fait-main-createur-designer-ambre-cardinal.jpg\" \/>\n\t<meta property=\"og:image:width\" content=\"600\" \/>\n\t<meta property=\"og:image:height\" content=\"600\" \/>\n<meta name=\"twitter:card\" content=\"summary_large_image\" \/>\n<meta name=\"twitter:label1\" content=\"Dur\u00e9e de lecture est.\" \/>\n\t<meta name=\"twitter:data1\" content=\"1 minute\" \/>\n<script type=\"application\/ld+json\" class=\"yoast-schema-graph\">{\"@context\":\"https:\/\/schema.org\",\"@graph\":[{\"@type\":\"WebSite\",\"@id\":\"https:\/\/ambrecardinal.com\/#website\",\"url\":\"https:\/\/ambrecardinal.com\/\",\"name\":\"Ambre Cardinal\",\"description\":\"Sculpture - art - Jewelry  -design\",\"potentialAction\":[{\"@type\":\"SearchAction\",\"target\":{\"@type\":\"EntryPoint\",\"urlTemplate\":\"https:\/\/ambrecardinal.com\/?s={search_term_string}\"},\"query-input\":\"required name=search_term_string\"}],\"inLanguage\":\"fr-FR\"},{\"@type\":\"ImageObject\",\"@id\":\"https:\/\/ambrecardinal.com\/product\/planet-bracelet\/#primaryimage\",\"inLanguage\":\"fr-FR\",\"url\":\"https:\/\/ambrecardinal.com\/wp-content\/uploads\/2019\/04\/planete-bracelet-Braille-bijou-jewelry-jewellery-hand-made-fait-main-createur-designer-ambre-cardinal.jpg\",\"contentUrl\":\"https:\/\/ambrecardinal.com\/wp-content\/uploads\/2019\/04\/planete-bracelet-Braille-bijou-jewelry-jewellery-hand-made-fait-main-createur-designer-ambre-cardinal.jpg\",\"width\":600,\"height\":600},{\"@type\":\"WebPage\",\"@id\":\"https:\/\/ambrecardinal.com\/product\/planet-bracelet\/#webpage\",\"url\":\"https:\/\/ambrecardinal.com\/product\/planet-bracelet\/\",\"name\":\"Planet bracelet - Ambre Cardinal\",\"isPartOf\":{\"@id\":\"https:\/\/ambrecardinal.com\/#website\"},\"primaryImageOfPage\":{\"@id\":\"https:\/\/ambrecardinal.com\/product\/planet-bracelet\/#primaryimage\"},\"datePublished\":\"2019-04-26T11:27:15+00:00\",\"dateModified\":\"2023-03-14T17:14:27+00:00\",\"breadcrumb\":{\"@id\":\"https:\/\/ambrecardinal.com\/product\/planet-bracelet\/#breadcrumb\"},\"inLanguage\":\"fr-FR\",\"potentialAction\":[{\"@type\":\"ReadAction\",\"target\":[\"https:\/\/ambrecardinal.com\/product\/planet-bracelet\/\"]}]},{\"@type\":\"BreadcrumbList\",\"@id\":\"https:\/\/ambrecardinal.com\/product\/planet-bracelet\/#breadcrumb\",\"itemListElement\":[{\"@type\":\"ListItem\",\"position\":1,\"name\":\"Accueil\",\"item\":\"https:\/\/ambrecardinal.com\/\"},{\"@type\":\"ListItem\",\"position\":2,\"name\":\"BIJOUX\",\"item\":\"https:\/\/ambrecardinal.com\/jewelry\/\"},{\"@type\":\"ListItem\",\"position\":3,\"name\":\"Planet bracelet\"}]}]}<\/script>\n<!-- \/ Yoast SEO plugin. -->","yoast_head_json":{"title":"Planet bracelet - Ambre Cardinal","robots":{"index":"index","follow":"follow","max-snippet":"max-snippet:-1","max-image-preview":"max-image-preview:large","max-video-preview":"max-video-preview:-1"},"canonical":"https:\/\/ambrecardinal.com\/fr\/product\/planet-bracelet\/","og_locale":"fr_FR","og_type":"article","og_title":"Planet bracelet - Ambre Cardinal","og_description":"\u2022 Bracelet en braille \u201cA moi seule je suis une plan\u00e8te\" \u2022 Fabriqu\u00e9 en France \u2022 Plaqu\u00e9 or 24 carats (3 microns)","og_url":"https:\/\/ambrecardinal.com\/fr\/product\/planet-bracelet\/","og_site_name":"Ambre Cardinal","article_modified_time":"2023-03-14T17:14:27+00:00","og_image":[{"width":600,"height":600,"url":"https:\/\/ambrecardinal.com\/wp-content\/uploads\/2019\/04\/planete-bracelet-Braille-bijou-jewelry-jewellery-hand-made-fait-main-createur-designer-ambre-cardinal.jpg","path":"\/home\/ambrecarlm\/www\/wp-content\/uploads\/2019\/04\/planete-bracelet-Braille-bijou-jewelry-jewellery-hand-made-fait-main-createur-designer-ambre-cardinal.jpg","size":"full","id":859,"alt":"","pixels":360000,"type":"image\/jpeg"}],"twitter_card":"summary_large_image","twitter_misc":{"Dur\u00e9e de lecture est.":"1 minute"},"schema":{"@context":"https:\/\/schema.org","@graph":[{"@type":"WebSite","@id":"https:\/\/ambrecardinal.com\/#website","url":"https:\/\/ambrecardinal.com\/","name":"Ambre Cardinal","description":"Sculpture - art - Jewelry  -design","potentialAction":[{"@type":"SearchAction","target":{"@type":"EntryPoint","urlTemplate":"https:\/\/ambrecardinal.com\/?s={search_term_string}"},"query-input":"required name=search_term_string"}],"inLanguage":"fr-FR"},{"@type":"ImageObject","@id":"https:\/\/ambrecardinal.com\/product\/planet-bracelet\/#primaryimage","inLanguage":"fr-FR","url":"https:\/\/ambrecardinal.com\/wp-content\/uploads\/2019\/04\/planete-bracelet-Braille-bijou-jewelry-jewellery-hand-made-fait-main-createur-designer-ambre-cardinal.jpg","contentUrl":"https:\/\/ambrecardinal.com\/wp-content\/uploads\/2019\/04\/planete-bracelet-Braille-bijou-jewelry-jewellery-hand-made-fait-main-createur-designer-ambre-cardinal.jpg","width":600,"height":600},{"@type":"WebPage","@id":"https:\/\/ambrecardinal.com\/product\/planet-bracelet\/#webpage","url":"https:\/\/ambrecardinal.com\/product\/planet-bracelet\/","name":"Planet bracelet - Ambre Cardinal","isPartOf":{"@id":"https:\/\/ambrecardinal.com\/#website"},"primaryImageOfPage":{"@id":"https:\/\/ambrecardinal.com\/product\/planet-bracelet\/#primaryimage"},"datePublished":"2019-04-26T11:27:15+00:00","dateModified":"2023-03-14T17:14:27+00:00","breadcrumb":{"@id":"https:\/\/ambrecardinal.com\/product\/planet-bracelet\/#breadcrumb"},"inLanguage":"fr-FR","potentialAction":[{"@type":"ReadAction","target":["https:\/\/ambrecardinal.com\/product\/planet-bracelet\/"]}]},{"@type":"BreadcrumbList","@id":"https:\/\/ambrecardinal.com\/product\/planet-bracelet\/#breadcrumb","itemListElement":[{"@type":"ListItem","position":1,"name":"Accueil","item":"https:\/\/ambrecardinal.com\/"},{"@type":"ListItem","position":2,"name":"BIJOUX","item":"https:\/\/ambrecardinal.com\/jewelry\/"},{"@type":"ListItem","position":3,"name":"Planet bracelet"}]}]}},"_links":{"self":[{"href":"https:\/\/ambrecardinal.com\/fr\/wp-json\/wp\/v2\/product\/877"}],"collection":[{"href":"https:\/\/ambrecardinal.com\/fr\/wp-json\/wp\/v2\/product"}],"about":[{"href":"https:\/\/ambrecardinal.com\/fr\/wp-json\/wp\/v2\/types\/product"}],"replies":[{"embeddable":true,"href":"https:\/\/ambrecardinal.com\/fr\/wp-json\/wp\/v2\/comments?post=877"}],"version-history":[{"count":1,"href":"https:\/\/ambrecardinal.com\/fr\/wp-json\/wp\/v2\/product\/877\/revisions"}],"predecessor-version":[{"id":13675,"href":"https:\/\/ambrecardinal.com\/fr\/wp-json\/wp\/v2\/product\/877\/revisions\/13675"}],"wp:featuredmedia":[{"embeddable":true,"href":"https:\/\/ambrecardinal.com\/fr\/wp-json\/wp\/v2\/media\/859"}],"wp:attachment":[{"href":"https:\/\/ambrecardinal.com\/fr\/wp-json\/wp\/v2\/media?parent=877"}],"wp:term":[{"taxonomy":"product_cat","embeddable":true,"href":"https:\/\/ambrecardinal.com\/fr\/wp-json\/wp\/v2\/product_cat?post=877"},{"taxonomy":"product_tag","embeddable":true,"href":"https:\/\/ambrecardinal.com\/fr\/wp-json\/wp\/v2\/product_tag?post=877"}],"curies":[{"name":"wp","href":"https:\/\/api.w.org\/{rel}","templated":true}]}}