{"id":754,"date":"2019-04-24T13:34:26","date_gmt":"2019-04-24T11:34:26","guid":{"rendered":"https:\/\/ambrecardinal.com\/?post_type=product&#038;p=754"},"modified":"2023-03-15T11:35:38","modified_gmt":"2023-03-15T10:35:38","slug":"kundan-ring","status":"publish","type":"product","link":"https:\/\/ambrecardinal.com\/fr\/product\/kundan-ring\/","title":{"rendered":"Kundan ring"},"content":{"rendered":"<div class=\"page\" title=\"Page 15\">\n<div class=\"layoutArea\">\n<div class=\"column\">\n<p class=\"s7\"><span class=\"s5\">S\u2019inspirant de formes g\u00e9om\u00e9triques \u00e9l\u00e9mentaires issues de diverses cultures et des mobiles d\u2019Alexander Calder, Ambre sculpte le jonc en laiton \u00e0 m\u00eame la peau avant de le dorer \u00e0 l\u2019or fin 24 carats. Ces bijoux-sculptures rythment les silhouettes en soulignant les mouvements du corps avec \u00e9l\u00e9gance.<\/span><\/p>\n<p class=\"s7\"><span class=\"s5\">Cette bague en forme de goutte se love deux fois autour du doigt et aime se mouvoir en m\u00eame temps que celui-ci.<\/span><\/p>\n<p class=\"s7\"><span class=\"s5\">Chaque bijou est fabriqu\u00e9 \u00e0 la main et appara\u00eet unique.<\/span><\/p>\n<\/div>\n<\/div>\n<\/div>\n","protected":false},"excerpt":{"rendered":"<p class=\"p1\">\u2022 Bague double en forme de goutte<\/p>\n<p class=\"p1\">\u2022 Fabriqu\u00e9 en France<\/p>\n<p class=\"p1\">\u2022 Plaqu\u00e9 or 24 carats (3 microns)<\/p>\n<p class=\"p1\">\u2022 Disponible en plaqu\u00e9 or jaune et or rose<\/p>\n","protected":false},"featured_media":598,"comment_status":"open","ping_status":"closed","template":"","meta":[],"product_cat":[19,27],"product_tag":[],"yoast_head":"<!-- This site is optimized with the Yoast SEO plugin v17.0 - https:\/\/yoast.com\/wordpress\/plugins\/seo\/ -->\n<title>Kundan ring - Ambre Cardinal<\/title>\n<meta name=\"robots\" content=\"index, follow, max-snippet:-1, max-image-preview:large, max-video-preview:-1\" \/>\n<link rel=\"canonical\" href=\"https:\/\/ambrecardinal.com\/fr\/product\/kundan-ring\/\" \/>\n<meta property=\"og:locale\" content=\"fr_FR\" \/>\n<meta property=\"og:type\" content=\"article\" \/>\n<meta property=\"og:title\" content=\"Kundan ring - Ambre Cardinal\" \/>\n<meta property=\"og:description\" content=\"\u2022 Bague double en forme de goutte \u2022 Fabriqu\u00e9 en France \u2022 Plaqu\u00e9 or 24 carats (3 microns) \u2022 Disponible en plaqu\u00e9 or jaune et or rose\" \/>\n<meta property=\"og:url\" content=\"https:\/\/ambrecardinal.com\/fr\/product\/kundan-ring\/\" \/>\n<meta property=\"og:site_name\" content=\"Ambre Cardinal\" \/>\n<meta property=\"article:modified_time\" content=\"2023-03-15T10:35:38+00:00\" \/>\n<meta property=\"og:image\" content=\"https:\/\/ambrecardinal.com\/wp-content\/uploads\/2019\/04\/double-drop-ring-bague-mouvement-or-design-designer-ambre-cardinal-bijou-bijoux-jewelry-jewellery.jpg\" \/>\n\t<meta property=\"og:image:width\" content=\"600\" \/>\n\t<meta property=\"og:image:height\" content=\"600\" \/>\n<meta name=\"twitter:card\" content=\"summary_large_image\" \/>\n<script type=\"application\/ld+json\" class=\"yoast-schema-graph\">{\"@context\":\"https:\/\/schema.org\",\"@graph\":[{\"@type\":\"WebSite\",\"@id\":\"https:\/\/ambrecardinal.com\/#website\",\"url\":\"https:\/\/ambrecardinal.com\/\",\"name\":\"Ambre Cardinal\",\"description\":\"Sculpture - art - Jewelry  -design\",\"potentialAction\":[{\"@type\":\"SearchAction\",\"target\":{\"@type\":\"EntryPoint\",\"urlTemplate\":\"https:\/\/ambrecardinal.com\/?s={search_term_string}\"},\"query-input\":\"required name=search_term_string\"}],\"inLanguage\":\"fr-FR\"},{\"@type\":\"ImageObject\",\"@id\":\"https:\/\/ambrecardinal.com\/product\/kundan-ring\/#primaryimage\",\"inLanguage\":\"fr-FR\",\"url\":\"https:\/\/ambrecardinal.com\/wp-content\/uploads\/2019\/04\/double-drop-ring-bague-mouvement-or-design-designer-ambre-cardinal-bijou-bijoux-jewelry-jewellery.jpg\",\"contentUrl\":\"https:\/\/ambrecardinal.com\/wp-content\/uploads\/2019\/04\/double-drop-ring-bague-mouvement-or-design-designer-ambre-cardinal-bijou-bijoux-jewelry-jewellery.jpg\",\"width\":600,\"height\":600},{\"@type\":\"WebPage\",\"@id\":\"https:\/\/ambrecardinal.com\/product\/kundan-ring\/#webpage\",\"url\":\"https:\/\/ambrecardinal.com\/product\/kundan-ring\/\",\"name\":\"Kundan ring - Ambre Cardinal\",\"isPartOf\":{\"@id\":\"https:\/\/ambrecardinal.com\/#website\"},\"primaryImageOfPage\":{\"@id\":\"https:\/\/ambrecardinal.com\/product\/kundan-ring\/#primaryimage\"},\"datePublished\":\"2019-04-24T11:34:26+00:00\",\"dateModified\":\"2023-03-15T10:35:38+00:00\",\"breadcrumb\":{\"@id\":\"https:\/\/ambrecardinal.com\/product\/kundan-ring\/#breadcrumb\"},\"inLanguage\":\"fr-FR\",\"potentialAction\":[{\"@type\":\"ReadAction\",\"target\":[\"https:\/\/ambrecardinal.com\/product\/kundan-ring\/\"]}]},{\"@type\":\"BreadcrumbList\",\"@id\":\"https:\/\/ambrecardinal.com\/product\/kundan-ring\/#breadcrumb\",\"itemListElement\":[{\"@type\":\"ListItem\",\"position\":1,\"name\":\"Accueil\",\"item\":\"https:\/\/ambrecardinal.com\/\"},{\"@type\":\"ListItem\",\"position\":2,\"name\":\"BIJOUX\",\"item\":\"https:\/\/ambrecardinal.com\/jewelry\/\"},{\"@type\":\"ListItem\",\"position\":3,\"name\":\"Kundan ring\"}]}]}<\/script>\n<!-- \/ Yoast SEO plugin. -->","yoast_head_json":{"title":"Kundan ring - Ambre Cardinal","robots":{"index":"index","follow":"follow","max-snippet":"max-snippet:-1","max-image-preview":"max-image-preview:large","max-video-preview":"max-video-preview:-1"},"canonical":"https:\/\/ambrecardinal.com\/fr\/product\/kundan-ring\/","og_locale":"fr_FR","og_type":"article","og_title":"Kundan ring - Ambre Cardinal","og_description":"\u2022 Bague double en forme de goutte \u2022 Fabriqu\u00e9 en France \u2022 Plaqu\u00e9 or 24 carats (3 microns) \u2022 Disponible en plaqu\u00e9 or jaune et or rose","og_url":"https:\/\/ambrecardinal.com\/fr\/product\/kundan-ring\/","og_site_name":"Ambre Cardinal","article_modified_time":"2023-03-15T10:35:38+00:00","og_image":[{"width":600,"height":600,"url":"https:\/\/ambrecardinal.com\/wp-content\/uploads\/2019\/04\/double-drop-ring-bague-mouvement-or-design-designer-ambre-cardinal-bijou-bijoux-jewelry-jewellery.jpg","path":"\/home\/ambrecarlm\/www\/wp-content\/uploads\/2019\/04\/double-drop-ring-bague-mouvement-or-design-designer-ambre-cardinal-bijou-bijoux-jewelry-jewellery.jpg","size":"full","id":598,"alt":"","pixels":360000,"type":"image\/jpeg"}],"twitter_card":"summary_large_image","schema":{"@context":"https:\/\/schema.org","@graph":[{"@type":"WebSite","@id":"https:\/\/ambrecardinal.com\/#website","url":"https:\/\/ambrecardinal.com\/","name":"Ambre Cardinal","description":"Sculpture - art - Jewelry  -design","potentialAction":[{"@type":"SearchAction","target":{"@type":"EntryPoint","urlTemplate":"https:\/\/ambrecardinal.com\/?s={search_term_string}"},"query-input":"required name=search_term_string"}],"inLanguage":"fr-FR"},{"@type":"ImageObject","@id":"https:\/\/ambrecardinal.com\/product\/kundan-ring\/#primaryimage","inLanguage":"fr-FR","url":"https:\/\/ambrecardinal.com\/wp-content\/uploads\/2019\/04\/double-drop-ring-bague-mouvement-or-design-designer-ambre-cardinal-bijou-bijoux-jewelry-jewellery.jpg","contentUrl":"https:\/\/ambrecardinal.com\/wp-content\/uploads\/2019\/04\/double-drop-ring-bague-mouvement-or-design-designer-ambre-cardinal-bijou-bijoux-jewelry-jewellery.jpg","width":600,"height":600},{"@type":"WebPage","@id":"https:\/\/ambrecardinal.com\/product\/kundan-ring\/#webpage","url":"https:\/\/ambrecardinal.com\/product\/kundan-ring\/","name":"Kundan ring - Ambre Cardinal","isPartOf":{"@id":"https:\/\/ambrecardinal.com\/#website"},"primaryImageOfPage":{"@id":"https:\/\/ambrecardinal.com\/product\/kundan-ring\/#primaryimage"},"datePublished":"2019-04-24T11:34:26+00:00","dateModified":"2023-03-15T10:35:38+00:00","breadcrumb":{"@id":"https:\/\/ambrecardinal.com\/product\/kundan-ring\/#breadcrumb"},"inLanguage":"fr-FR","potentialAction":[{"@type":"ReadAction","target":["https:\/\/ambrecardinal.com\/product\/kundan-ring\/"]}]},{"@type":"BreadcrumbList","@id":"https:\/\/ambrecardinal.com\/product\/kundan-ring\/#breadcrumb","itemListElement":[{"@type":"ListItem","position":1,"name":"Accueil","item":"https:\/\/ambrecardinal.com\/"},{"@type":"ListItem","position":2,"name":"BIJOUX","item":"https:\/\/ambrecardinal.com\/jewelry\/"},{"@type":"ListItem","position":3,"name":"Kundan ring"}]}]}},"_links":{"self":[{"href":"https:\/\/ambrecardinal.com\/fr\/wp-json\/wp\/v2\/product\/754"}],"collection":[{"href":"https:\/\/ambrecardinal.com\/fr\/wp-json\/wp\/v2\/product"}],"about":[{"href":"https:\/\/ambrecardinal.com\/fr\/wp-json\/wp\/v2\/types\/product"}],"replies":[{"embeddable":true,"href":"https:\/\/ambrecardinal.com\/fr\/wp-json\/wp\/v2\/comments?post=754"}],"version-history":[{"count":3,"href":"https:\/\/ambrecardinal.com\/fr\/wp-json\/wp\/v2\/product\/754\/revisions"}],"predecessor-version":[{"id":13697,"href":"https:\/\/ambrecardinal.com\/fr\/wp-json\/wp\/v2\/product\/754\/revisions\/13697"}],"wp:featuredmedia":[{"embeddable":true,"href":"https:\/\/ambrecardinal.com\/fr\/wp-json\/wp\/v2\/media\/598"}],"wp:attachment":[{"href":"https:\/\/ambrecardinal.com\/fr\/wp-json\/wp\/v2\/media?parent=754"}],"wp:term":[{"taxonomy":"product_cat","embeddable":true,"href":"https:\/\/ambrecardinal.com\/fr\/wp-json\/wp\/v2\/product_cat?post=754"},{"taxonomy":"product_tag","embeddable":true,"href":"https:\/\/ambrecardinal.com\/fr\/wp-json\/wp\/v2\/product_tag?post=754"}],"curies":[{"name":"wp","href":"https:\/\/api.w.org\/{rel}","templated":true}]}}