{"id":649,"date":"2019-04-23T11:23:14","date_gmt":"2019-04-23T09:23:14","guid":{"rendered":"https:\/\/ambrecardinal.com\/?post_type=product&#038;p=649"},"modified":"2023-03-15T12:11:22","modified_gmt":"2023-03-15T11:11:22","slug":"jaipur-pendant","status":"publish","type":"product","link":"https:\/\/ambrecardinal.com\/fr\/product\/jaipur-pendant\/","title":{"rendered":"Pendentif Jaipur"},"content":{"rendered":"<p class=\"p1\">S\u2019inspirant de formes g\u00e9om\u00e9triques \u00e9l\u00e9mentaires issues de diverses cultures et des mobiles d\u2019Alexander Calder, Ambre sculpte le jonc en laiton \u00e0 m\u00eame la peau avant de le dorer \u00e0 l\u2019or fin 24 carats. Ces bijoux-sculptures rythment les silhouettes en soulignant les mouvements du corps avec \u00e9l\u00e9gance.<\/p>\n<p class=\"p1\">Ce pendentif mobile orn\u00e9 de pompons se balance avec vos mouvements.<\/p>\n<p class=\"p1\">Chaque bijou est fabriqu\u00e9 \u00e0 la main et appara\u00eet unique.<\/p>\n","protected":false},"excerpt":{"rendered":"<p class=\"p1\">\u2022 Pendentif Jaipur<\/p>\n<p class=\"p1\">\u2022 Longueur de la cha\u00eene : 90 cm<\/p>\n<p class=\"p1\">\u2022 Fabriqu\u00e9 en France<\/p>\n<p class=\"p1\">\u2022 Plaqu\u00e9 or 24 carats (3 microns)<\/p>\n","protected":false},"featured_media":610,"comment_status":"open","ping_status":"closed","template":"","meta":[],"product_cat":[19,25],"product_tag":[],"yoast_head":"<!-- This site is optimized with the Yoast SEO plugin v17.0 - https:\/\/yoast.com\/wordpress\/plugins\/seo\/ -->\n<title>Pendentif Jaipur - Ambre Cardinal<\/title>\n<meta name=\"robots\" content=\"index, follow, max-snippet:-1, max-image-preview:large, max-video-preview:-1\" \/>\n<link rel=\"canonical\" href=\"https:\/\/ambrecardinal.com\/fr\/product\/jaipur-pendant\/\" \/>\n<meta property=\"og:locale\" content=\"fr_FR\" \/>\n<meta property=\"og:type\" content=\"article\" \/>\n<meta property=\"og:title\" content=\"Pendentif Jaipur - Ambre Cardinal\" \/>\n<meta property=\"og:description\" content=\"\u2022 Pendentif Jaipur \u2022 Longueur de la cha\u00eene : 90 cm \u2022 Fabriqu\u00e9 en France \u2022 Plaqu\u00e9 or 24 carats (3 microns)\" \/>\n<meta property=\"og:url\" content=\"https:\/\/ambrecardinal.com\/fr\/product\/jaipur-pendant\/\" \/>\n<meta property=\"og:site_name\" content=\"Ambre Cardinal\" \/>\n<meta property=\"article:modified_time\" content=\"2023-03-15T11:11:22+00:00\" \/>\n<meta property=\"og:image\" content=\"https:\/\/ambrecardinal.com\/wp-content\/uploads\/2019\/04\/jaipur-pendent-bijou-bijoux-jewelry-pendentif-mobi-pompom-accessoire.jpg\" \/>\n\t<meta property=\"og:image:width\" content=\"600\" \/>\n\t<meta property=\"og:image:height\" content=\"600\" \/>\n<meta name=\"twitter:card\" content=\"summary_large_image\" \/>\n<meta name=\"twitter:label1\" content=\"Dur\u00e9e de lecture est.\" \/>\n\t<meta name=\"twitter:data1\" content=\"1 minute\" \/>\n<script type=\"application\/ld+json\" class=\"yoast-schema-graph\">{\"@context\":\"https:\/\/schema.org\",\"@graph\":[{\"@type\":\"WebSite\",\"@id\":\"https:\/\/ambrecardinal.com\/#website\",\"url\":\"https:\/\/ambrecardinal.com\/\",\"name\":\"Ambre Cardinal\",\"description\":\"Sculpture - art - Jewelry  -design\",\"potentialAction\":[{\"@type\":\"SearchAction\",\"target\":{\"@type\":\"EntryPoint\",\"urlTemplate\":\"https:\/\/ambrecardinal.com\/?s={search_term_string}\"},\"query-input\":\"required name=search_term_string\"}],\"inLanguage\":\"fr-FR\"},{\"@type\":\"ImageObject\",\"@id\":\"https:\/\/ambrecardinal.com\/product\/jaipur-pendant\/#primaryimage\",\"inLanguage\":\"fr-FR\",\"url\":\"https:\/\/ambrecardinal.com\/wp-content\/uploads\/2019\/04\/jaipur-pendent-bijou-bijoux-jewelry-pendentif-mobi-pompom-accessoire.jpg\",\"contentUrl\":\"https:\/\/ambrecardinal.com\/wp-content\/uploads\/2019\/04\/jaipur-pendent-bijou-bijoux-jewelry-pendentif-mobi-pompom-accessoire.jpg\",\"width\":600,\"height\":600},{\"@type\":\"WebPage\",\"@id\":\"https:\/\/ambrecardinal.com\/product\/jaipur-pendant\/#webpage\",\"url\":\"https:\/\/ambrecardinal.com\/product\/jaipur-pendant\/\",\"name\":\"Pendentif Jaipur - Ambre Cardinal\",\"isPartOf\":{\"@id\":\"https:\/\/ambrecardinal.com\/#website\"},\"primaryImageOfPage\":{\"@id\":\"https:\/\/ambrecardinal.com\/product\/jaipur-pendant\/#primaryimage\"},\"datePublished\":\"2019-04-23T09:23:14+00:00\",\"dateModified\":\"2023-03-15T11:11:22+00:00\",\"breadcrumb\":{\"@id\":\"https:\/\/ambrecardinal.com\/product\/jaipur-pendant\/#breadcrumb\"},\"inLanguage\":\"fr-FR\",\"potentialAction\":[{\"@type\":\"ReadAction\",\"target\":[\"https:\/\/ambrecardinal.com\/product\/jaipur-pendant\/\"]}]},{\"@type\":\"BreadcrumbList\",\"@id\":\"https:\/\/ambrecardinal.com\/product\/jaipur-pendant\/#breadcrumb\",\"itemListElement\":[{\"@type\":\"ListItem\",\"position\":1,\"name\":\"Accueil\",\"item\":\"https:\/\/ambrecardinal.com\/\"},{\"@type\":\"ListItem\",\"position\":2,\"name\":\"BIJOUX\",\"item\":\"https:\/\/ambrecardinal.com\/jewelry\/\"},{\"@type\":\"ListItem\",\"position\":3,\"name\":\"Pendentif Jaipur\"}]}]}<\/script>\n<!-- \/ Yoast SEO plugin. -->","yoast_head_json":{"title":"Pendentif Jaipur - Ambre Cardinal","robots":{"index":"index","follow":"follow","max-snippet":"max-snippet:-1","max-image-preview":"max-image-preview:large","max-video-preview":"max-video-preview:-1"},"canonical":"https:\/\/ambrecardinal.com\/fr\/product\/jaipur-pendant\/","og_locale":"fr_FR","og_type":"article","og_title":"Pendentif Jaipur - Ambre Cardinal","og_description":"\u2022 Pendentif Jaipur \u2022 Longueur de la cha\u00eene : 90 cm \u2022 Fabriqu\u00e9 en France \u2022 Plaqu\u00e9 or 24 carats (3 microns)","og_url":"https:\/\/ambrecardinal.com\/fr\/product\/jaipur-pendant\/","og_site_name":"Ambre Cardinal","article_modified_time":"2023-03-15T11:11:22+00:00","og_image":[{"width":600,"height":600,"url":"https:\/\/ambrecardinal.com\/wp-content\/uploads\/2019\/04\/jaipur-pendent-bijou-bijoux-jewelry-pendentif-mobi-pompom-accessoire.jpg","path":"\/home\/ambrecarlm\/www\/wp-content\/uploads\/2019\/04\/jaipur-pendent-bijou-bijoux-jewelry-pendentif-mobi-pompom-accessoire.jpg","size":"full","id":610,"alt":"","pixels":360000,"type":"image\/jpeg"}],"twitter_card":"summary_large_image","twitter_misc":{"Dur\u00e9e de lecture est.":"1 minute"},"schema":{"@context":"https:\/\/schema.org","@graph":[{"@type":"WebSite","@id":"https:\/\/ambrecardinal.com\/#website","url":"https:\/\/ambrecardinal.com\/","name":"Ambre Cardinal","description":"Sculpture - art - Jewelry  -design","potentialAction":[{"@type":"SearchAction","target":{"@type":"EntryPoint","urlTemplate":"https:\/\/ambrecardinal.com\/?s={search_term_string}"},"query-input":"required name=search_term_string"}],"inLanguage":"fr-FR"},{"@type":"ImageObject","@id":"https:\/\/ambrecardinal.com\/product\/jaipur-pendant\/#primaryimage","inLanguage":"fr-FR","url":"https:\/\/ambrecardinal.com\/wp-content\/uploads\/2019\/04\/jaipur-pendent-bijou-bijoux-jewelry-pendentif-mobi-pompom-accessoire.jpg","contentUrl":"https:\/\/ambrecardinal.com\/wp-content\/uploads\/2019\/04\/jaipur-pendent-bijou-bijoux-jewelry-pendentif-mobi-pompom-accessoire.jpg","width":600,"height":600},{"@type":"WebPage","@id":"https:\/\/ambrecardinal.com\/product\/jaipur-pendant\/#webpage","url":"https:\/\/ambrecardinal.com\/product\/jaipur-pendant\/","name":"Pendentif Jaipur - Ambre Cardinal","isPartOf":{"@id":"https:\/\/ambrecardinal.com\/#website"},"primaryImageOfPage":{"@id":"https:\/\/ambrecardinal.com\/product\/jaipur-pendant\/#primaryimage"},"datePublished":"2019-04-23T09:23:14+00:00","dateModified":"2023-03-15T11:11:22+00:00","breadcrumb":{"@id":"https:\/\/ambrecardinal.com\/product\/jaipur-pendant\/#breadcrumb"},"inLanguage":"fr-FR","potentialAction":[{"@type":"ReadAction","target":["https:\/\/ambrecardinal.com\/product\/jaipur-pendant\/"]}]},{"@type":"BreadcrumbList","@id":"https:\/\/ambrecardinal.com\/product\/jaipur-pendant\/#breadcrumb","itemListElement":[{"@type":"ListItem","position":1,"name":"Accueil","item":"https:\/\/ambrecardinal.com\/"},{"@type":"ListItem","position":2,"name":"BIJOUX","item":"https:\/\/ambrecardinal.com\/jewelry\/"},{"@type":"ListItem","position":3,"name":"Pendentif Jaipur"}]}]}},"_links":{"self":[{"href":"https:\/\/ambrecardinal.com\/fr\/wp-json\/wp\/v2\/product\/649"}],"collection":[{"href":"https:\/\/ambrecardinal.com\/fr\/wp-json\/wp\/v2\/product"}],"about":[{"href":"https:\/\/ambrecardinal.com\/fr\/wp-json\/wp\/v2\/types\/product"}],"replies":[{"embeddable":true,"href":"https:\/\/ambrecardinal.com\/fr\/wp-json\/wp\/v2\/comments?post=649"}],"version-history":[{"count":3,"href":"https:\/\/ambrecardinal.com\/fr\/wp-json\/wp\/v2\/product\/649\/revisions"}],"predecessor-version":[{"id":13706,"href":"https:\/\/ambrecardinal.com\/fr\/wp-json\/wp\/v2\/product\/649\/revisions\/13706"}],"wp:featuredmedia":[{"embeddable":true,"href":"https:\/\/ambrecardinal.com\/fr\/wp-json\/wp\/v2\/media\/610"}],"wp:attachment":[{"href":"https:\/\/ambrecardinal.com\/fr\/wp-json\/wp\/v2\/media?parent=649"}],"wp:term":[{"taxonomy":"product_cat","embeddable":true,"href":"https:\/\/ambrecardinal.com\/fr\/wp-json\/wp\/v2\/product_cat?post=649"},{"taxonomy":"product_tag","embeddable":true,"href":"https:\/\/ambrecardinal.com\/fr\/wp-json\/wp\/v2\/product_tag?post=649"}],"curies":[{"name":"wp","href":"https:\/\/api.w.org\/{rel}","templated":true}]}}