{"id":638,"date":"2019-04-23T10:44:55","date_gmt":"2019-04-23T08:44:55","guid":{"rendered":"https:\/\/ambrecardinal.com\/?post_type=product&#038;p=638"},"modified":"2023-03-15T12:35:32","modified_gmt":"2023-03-15T11:35:32","slug":"saturn-ring","status":"publish","type":"product","link":"https:\/\/ambrecardinal.com\/fr\/product\/saturn-ring\/","title":{"rendered":"Bague Saturne"},"content":{"rendered":"<p class=\"p1\">S\u2019inspirant de formes g\u00e9om\u00e9triques \u00e9l\u00e9mentaires issues de diverses cultures et des mobiles d\u2019Alexander Calder, Ambre sculpte le jonc en laiton \u00e0 m\u00eame la peau avant de le dorer \u00e0 l\u2019or fin 24 carats. Ces bijoux-sculptures rythment les silhouettes en soulignant les mouvements du corps avec \u00e9l\u00e9gance.<\/p>\n<p class=\"p1\">Cette bague \u00e0 trois doigts se faufille entre vos doigts.<\/p>\n<p class=\"p1\">Chaque bijou est fabriqu\u00e9 \u00e0 la main et appara\u00eet unique.<\/p>\n","protected":false},"excerpt":{"rendered":"<div class=\"page\" title=\"Page 13\">\n<div class=\"layoutArea\">\n<div class=\"column\">\n<div class=\"s6\">\n<p class=\"p1\">\u2022 Bague trois doigts<\/p>\n<p class=\"p1\">\u2022 Fabriqu\u00e9 en France<\/p>\n<p class=\"p1\">\u2022 Plaqu\u00e9 or 24 carats (3 microns)<\/p>\n<p class=\"p1\">\u2022 Disponible en plaqu\u00e9 or jaune et or rose<\/p>\n<\/div>\n<\/div>\n<\/div>\n<\/div>\n","protected":false},"featured_media":639,"comment_status":"open","ping_status":"closed","template":"","meta":[],"product_cat":[19,27],"product_tag":[],"yoast_head":"<!-- This site is optimized with the Yoast SEO plugin v17.0 - https:\/\/yoast.com\/wordpress\/plugins\/seo\/ -->\n<title>Bague Saturne - Ambre Cardinal<\/title>\n<meta name=\"robots\" content=\"index, follow, max-snippet:-1, max-image-preview:large, max-video-preview:-1\" \/>\n<link rel=\"canonical\" href=\"https:\/\/ambrecardinal.com\/fr\/product\/saturn-ring\/\" \/>\n<meta property=\"og:locale\" content=\"fr_FR\" \/>\n<meta property=\"og:type\" content=\"article\" \/>\n<meta property=\"og:title\" content=\"Bague Saturne - Ambre Cardinal\" \/>\n<meta property=\"og:description\" content=\"\u2022 Bague trois doigts \u2022 Fabriqu\u00e9 en France \u2022 Plaqu\u00e9 or 24 carats (3 microns) \u2022 Disponible en plaqu\u00e9 or jaune et or rose\" \/>\n<meta property=\"og:url\" content=\"https:\/\/ambrecardinal.com\/fr\/product\/saturn-ring\/\" \/>\n<meta property=\"og:site_name\" content=\"Ambre Cardinal\" \/>\n<meta property=\"article:modified_time\" content=\"2023-03-15T11:35:32+00:00\" \/>\n<meta property=\"og:image\" content=\"https:\/\/ambrecardinal.com\/wp-content\/uploads\/2019\/04\/saturn-ring-or-carre.jpg\" \/>\n\t<meta property=\"og:image:width\" content=\"600\" \/>\n\t<meta property=\"og:image:height\" content=\"591\" \/>\n<meta name=\"twitter:card\" content=\"summary_large_image\" \/>\n<meta name=\"twitter:label1\" content=\"Dur\u00e9e de lecture est.\" \/>\n\t<meta name=\"twitter:data1\" content=\"1 minute\" \/>\n<script type=\"application\/ld+json\" class=\"yoast-schema-graph\">{\"@context\":\"https:\/\/schema.org\",\"@graph\":[{\"@type\":\"WebSite\",\"@id\":\"https:\/\/ambrecardinal.com\/#website\",\"url\":\"https:\/\/ambrecardinal.com\/\",\"name\":\"Ambre Cardinal\",\"description\":\"Sculpture - art - Jewelry  -design\",\"potentialAction\":[{\"@type\":\"SearchAction\",\"target\":{\"@type\":\"EntryPoint\",\"urlTemplate\":\"https:\/\/ambrecardinal.com\/?s={search_term_string}\"},\"query-input\":\"required name=search_term_string\"}],\"inLanguage\":\"fr-FR\"},{\"@type\":\"ImageObject\",\"@id\":\"https:\/\/ambrecardinal.com\/product\/saturn-ring\/#primaryimage\",\"inLanguage\":\"fr-FR\",\"url\":\"https:\/\/ambrecardinal.com\/wp-content\/uploads\/2019\/04\/saturn-ring-or-carre.jpg\",\"contentUrl\":\"https:\/\/ambrecardinal.com\/wp-content\/uploads\/2019\/04\/saturn-ring-or-carre.jpg\",\"width\":600,\"height\":591},{\"@type\":\"WebPage\",\"@id\":\"https:\/\/ambrecardinal.com\/product\/saturn-ring\/#webpage\",\"url\":\"https:\/\/ambrecardinal.com\/product\/saturn-ring\/\",\"name\":\"Bague Saturne - Ambre Cardinal\",\"isPartOf\":{\"@id\":\"https:\/\/ambrecardinal.com\/#website\"},\"primaryImageOfPage\":{\"@id\":\"https:\/\/ambrecardinal.com\/product\/saturn-ring\/#primaryimage\"},\"datePublished\":\"2019-04-23T08:44:55+00:00\",\"dateModified\":\"2023-03-15T11:35:32+00:00\",\"breadcrumb\":{\"@id\":\"https:\/\/ambrecardinal.com\/product\/saturn-ring\/#breadcrumb\"},\"inLanguage\":\"fr-FR\",\"potentialAction\":[{\"@type\":\"ReadAction\",\"target\":[\"https:\/\/ambrecardinal.com\/product\/saturn-ring\/\"]}]},{\"@type\":\"BreadcrumbList\",\"@id\":\"https:\/\/ambrecardinal.com\/product\/saturn-ring\/#breadcrumb\",\"itemListElement\":[{\"@type\":\"ListItem\",\"position\":1,\"name\":\"Accueil\",\"item\":\"https:\/\/ambrecardinal.com\/\"},{\"@type\":\"ListItem\",\"position\":2,\"name\":\"BIJOUX\",\"item\":\"https:\/\/ambrecardinal.com\/jewelry\/\"},{\"@type\":\"ListItem\",\"position\":3,\"name\":\"Bague Saturne\"}]}]}<\/script>\n<!-- \/ Yoast SEO plugin. -->","yoast_head_json":{"title":"Bague Saturne - Ambre Cardinal","robots":{"index":"index","follow":"follow","max-snippet":"max-snippet:-1","max-image-preview":"max-image-preview:large","max-video-preview":"max-video-preview:-1"},"canonical":"https:\/\/ambrecardinal.com\/fr\/product\/saturn-ring\/","og_locale":"fr_FR","og_type":"article","og_title":"Bague Saturne - Ambre Cardinal","og_description":"\u2022 Bague trois doigts \u2022 Fabriqu\u00e9 en France \u2022 Plaqu\u00e9 or 24 carats (3 microns) \u2022 Disponible en plaqu\u00e9 or jaune et or rose","og_url":"https:\/\/ambrecardinal.com\/fr\/product\/saturn-ring\/","og_site_name":"Ambre Cardinal","article_modified_time":"2023-03-15T11:35:32+00:00","og_image":[{"width":600,"height":591,"url":"https:\/\/ambrecardinal.com\/wp-content\/uploads\/2019\/04\/saturn-ring-or-carre.jpg","path":"\/home\/ambrecarlm\/www\/wp-content\/uploads\/2019\/04\/saturn-ring-or-carre.jpg","size":"full","id":639,"alt":"","pixels":354600,"type":"image\/jpeg"}],"twitter_card":"summary_large_image","twitter_misc":{"Dur\u00e9e de lecture est.":"1 minute"},"schema":{"@context":"https:\/\/schema.org","@graph":[{"@type":"WebSite","@id":"https:\/\/ambrecardinal.com\/#website","url":"https:\/\/ambrecardinal.com\/","name":"Ambre Cardinal","description":"Sculpture - art - Jewelry  -design","potentialAction":[{"@type":"SearchAction","target":{"@type":"EntryPoint","urlTemplate":"https:\/\/ambrecardinal.com\/?s={search_term_string}"},"query-input":"required name=search_term_string"}],"inLanguage":"fr-FR"},{"@type":"ImageObject","@id":"https:\/\/ambrecardinal.com\/product\/saturn-ring\/#primaryimage","inLanguage":"fr-FR","url":"https:\/\/ambrecardinal.com\/wp-content\/uploads\/2019\/04\/saturn-ring-or-carre.jpg","contentUrl":"https:\/\/ambrecardinal.com\/wp-content\/uploads\/2019\/04\/saturn-ring-or-carre.jpg","width":600,"height":591},{"@type":"WebPage","@id":"https:\/\/ambrecardinal.com\/product\/saturn-ring\/#webpage","url":"https:\/\/ambrecardinal.com\/product\/saturn-ring\/","name":"Bague Saturne - Ambre Cardinal","isPartOf":{"@id":"https:\/\/ambrecardinal.com\/#website"},"primaryImageOfPage":{"@id":"https:\/\/ambrecardinal.com\/product\/saturn-ring\/#primaryimage"},"datePublished":"2019-04-23T08:44:55+00:00","dateModified":"2023-03-15T11:35:32+00:00","breadcrumb":{"@id":"https:\/\/ambrecardinal.com\/product\/saturn-ring\/#breadcrumb"},"inLanguage":"fr-FR","potentialAction":[{"@type":"ReadAction","target":["https:\/\/ambrecardinal.com\/product\/saturn-ring\/"]}]},{"@type":"BreadcrumbList","@id":"https:\/\/ambrecardinal.com\/product\/saturn-ring\/#breadcrumb","itemListElement":[{"@type":"ListItem","position":1,"name":"Accueil","item":"https:\/\/ambrecardinal.com\/"},{"@type":"ListItem","position":2,"name":"BIJOUX","item":"https:\/\/ambrecardinal.com\/jewelry\/"},{"@type":"ListItem","position":3,"name":"Bague Saturne"}]}]}},"_links":{"self":[{"href":"https:\/\/ambrecardinal.com\/fr\/wp-json\/wp\/v2\/product\/638"}],"collection":[{"href":"https:\/\/ambrecardinal.com\/fr\/wp-json\/wp\/v2\/product"}],"about":[{"href":"https:\/\/ambrecardinal.com\/fr\/wp-json\/wp\/v2\/types\/product"}],"replies":[{"embeddable":true,"href":"https:\/\/ambrecardinal.com\/fr\/wp-json\/wp\/v2\/comments?post=638"}],"version-history":[{"count":3,"href":"https:\/\/ambrecardinal.com\/fr\/wp-json\/wp\/v2\/product\/638\/revisions"}],"predecessor-version":[{"id":13711,"href":"https:\/\/ambrecardinal.com\/fr\/wp-json\/wp\/v2\/product\/638\/revisions\/13711"}],"wp:featuredmedia":[{"embeddable":true,"href":"https:\/\/ambrecardinal.com\/fr\/wp-json\/wp\/v2\/media\/639"}],"wp:attachment":[{"href":"https:\/\/ambrecardinal.com\/fr\/wp-json\/wp\/v2\/media?parent=638"}],"wp:term":[{"taxonomy":"product_cat","embeddable":true,"href":"https:\/\/ambrecardinal.com\/fr\/wp-json\/wp\/v2\/product_cat?post=638"},{"taxonomy":"product_tag","embeddable":true,"href":"https:\/\/ambrecardinal.com\/fr\/wp-json\/wp\/v2\/product_tag?post=638"}],"curies":[{"name":"wp","href":"https:\/\/api.w.org\/{rel}","templated":true}]}}