{"id":560,"date":"2019-04-16T10:28:39","date_gmt":"2019-04-16T08:28:39","guid":{"rendered":"https:\/\/ambrecardinal.com\/?page_id=560"},"modified":"2022-04-07T20:59:03","modified_gmt":"2022-04-07T18:59:03","slug":"bijoux-senses","status":"publish","type":"page","link":"https:\/\/ambrecardinal.com\/fr\/bijoux-senses\/","title":{"rendered":"BIJOUX SENSES"},"content":{"rendered":"\t\t<div data-elementor-type=\"wp-post\" data-elementor-id=\"560\" class=\"elementor elementor-560\" data-elementor-settings=\"[]\">\n\t\t\t\t\t\t<div class=\"elementor-inner\">\n\t\t\t\t\t\t\t<div class=\"elementor-section-wrap\">\n\t\t\t\t\t\t\t<section class=\"elementor-section elementor-top-section elementor-element elementor-element-1121ae1 elementor-hidden-desktop elementor-section-boxed elementor-section-height-default elementor-section-height-default\" data-id=\"1121ae1\" data-element_type=\"section\">\n\t\t\t\t\t\t<div class=\"elementor-container elementor-column-gap-default\">\n\t\t\t\t\t\t\t<div class=\"elementor-row\">\n\t\t\t\t\t<div class=\"elementor-column elementor-col-100 elementor-top-column elementor-element elementor-element-64d1192\" data-id=\"64d1192\" data-element_type=\"column\">\n\t\t\t<div class=\"elementor-column-wrap elementor-element-populated\">\n\t\t\t\t\t\t\t<div class=\"elementor-widget-wrap\">\n\t\t\t\t\t\t<div class=\"elementor-element elementor-element-5992485 elementor-widget elementor-widget-image\" data-id=\"5992485\" data-element_type=\"widget\" data-widget_type=\"image.default\">\n\t\t\t\t<div class=\"elementor-widget-container\">\n\t\t\t\t\t\t\t\t<div class=\"elementor-image\">\n\t\t\t\t\t\t\t\t\t\t\t\t<img width=\"462\" height=\"1024\" src=\"https:\/\/ambrecardinal.com\/wp-content\/uploads\/2021\/08\/bijoux-braille-senses-accessoires-fait-main-designer-creatrice-ambre-cardinal-artiste2-462x1024.jpg\" class=\"attachment-large size-large\" alt=\"\" loading=\"lazy\" srcset=\"https:\/\/ambrecardinal.com\/wp-content\/uploads\/2021\/08\/bijoux-braille-senses-accessoires-fait-main-designer-creatrice-ambre-cardinal-artiste2-462x1024.jpg 462w, https:\/\/ambrecardinal.com\/wp-content\/uploads\/2021\/08\/bijoux-braille-senses-accessoires-fait-main-designer-creatrice-ambre-cardinal-artiste2-135x300.jpg 135w, https:\/\/ambrecardinal.com\/wp-content\/uploads\/2021\/08\/bijoux-braille-senses-accessoires-fait-main-designer-creatrice-ambre-cardinal-artiste2-768x1703.jpg 768w, https:\/\/ambrecardinal.com\/wp-content\/uploads\/2021\/08\/bijoux-braille-senses-accessoires-fait-main-designer-creatrice-ambre-cardinal-artiste2-693x1536.jpg 693w, https:\/\/ambrecardinal.com\/wp-content\/uploads\/2021\/08\/bijoux-braille-senses-accessoires-fait-main-designer-creatrice-ambre-cardinal-artiste2-11x24.jpg 11w, https:\/\/ambrecardinal.com\/wp-content\/uploads\/2021\/08\/bijoux-braille-senses-accessoires-fait-main-designer-creatrice-ambre-cardinal-artiste2-16x36.jpg 16w, https:\/\/ambrecardinal.com\/wp-content\/uploads\/2021\/08\/bijoux-braille-senses-accessoires-fait-main-designer-creatrice-ambre-cardinal-artiste2-22x48.jpg 22w, https:\/\/ambrecardinal.com\/wp-content\/uploads\/2021\/08\/bijoux-braille-senses-accessoires-fait-main-designer-creatrice-ambre-cardinal-artiste2-350x776.jpg 350w, https:\/\/ambrecardinal.com\/wp-content\/uploads\/2021\/08\/bijoux-braille-senses-accessoires-fait-main-designer-creatrice-ambre-cardinal-artiste2-680x1508.jpg 680w, https:\/\/ambrecardinal.com\/wp-content\/uploads\/2021\/08\/bijoux-braille-senses-accessoires-fait-main-designer-creatrice-ambre-cardinal-artiste2.jpg 902w\" sizes=\"(max-width: 462px) 100vw, 462px\" \/>\t\t\t\t\t\t\t\t\t\t\t\t\t\t<\/div>\n\t\t\t\t\t\t<\/div>\n\t\t\t\t<\/div>\n\t\t\t\t\t\t<\/div>\n\t\t\t\t\t<\/div>\n\t\t<\/div>\n\t\t\t\t\t\t\t\t<\/div>\n\t\t\t\t\t<\/div>\n\t\t<\/section>\n\t\t\t\t<section class=\"elementor-section elementor-top-section elementor-element elementor-element-f92f0b9 elementor-hidden-tablet elementor-hidden-mobile elementor-section-boxed elementor-section-height-default elementor-section-height-default\" data-id=\"f92f0b9\" data-element_type=\"section\">\n\t\t\t\t\t\t<div class=\"elementor-container elementor-column-gap-default\">\n\t\t\t\t\t\t\t<div class=\"elementor-row\">\n\t\t\t\t\t<div class=\"elementor-column elementor-col-100 elementor-top-column elementor-element elementor-element-23b25c1\" data-id=\"23b25c1\" data-element_type=\"column\">\n\t\t\t<div class=\"elementor-column-wrap elementor-element-populated\">\n\t\t\t\t\t\t\t<div class=\"elementor-widget-wrap\">\n\t\t\t\t\t\t<div class=\"elementor-element elementor-element-5c62ad0 elementor-widget elementor-widget-image\" data-id=\"5c62ad0\" data-element_type=\"widget\" data-widget_type=\"image.default\">\n\t\t\t\t<div class=\"elementor-widget-container\">\n\t\t\t\t\t\t\t\t<div class=\"elementor-image\">\n\t\t\t\t\t\t\t\t\t\t\t\t<img width=\"902\" height=\"2000\" src=\"https:\/\/ambrecardinal.com\/wp-content\/uploads\/2021\/08\/bijoux-braille-senses-accessoires-fait-main-designer-creatrice-ambre-cardinal-artiste2.jpg\" class=\"attachment-full size-full\" alt=\"\" loading=\"lazy\" srcset=\"https:\/\/ambrecardinal.com\/wp-content\/uploads\/2021\/08\/bijoux-braille-senses-accessoires-fait-main-designer-creatrice-ambre-cardinal-artiste2.jpg 902w, https:\/\/ambrecardinal.com\/wp-content\/uploads\/2021\/08\/bijoux-braille-senses-accessoires-fait-main-designer-creatrice-ambre-cardinal-artiste2-135x300.jpg 135w, https:\/\/ambrecardinal.com\/wp-content\/uploads\/2021\/08\/bijoux-braille-senses-accessoires-fait-main-designer-creatrice-ambre-cardinal-artiste2-462x1024.jpg 462w, https:\/\/ambrecardinal.com\/wp-content\/uploads\/2021\/08\/bijoux-braille-senses-accessoires-fait-main-designer-creatrice-ambre-cardinal-artiste2-768x1703.jpg 768w, https:\/\/ambrecardinal.com\/wp-content\/uploads\/2021\/08\/bijoux-braille-senses-accessoires-fait-main-designer-creatrice-ambre-cardinal-artiste2-693x1536.jpg 693w, https:\/\/ambrecardinal.com\/wp-content\/uploads\/2021\/08\/bijoux-braille-senses-accessoires-fait-main-designer-creatrice-ambre-cardinal-artiste2-11x24.jpg 11w, https:\/\/ambrecardinal.com\/wp-content\/uploads\/2021\/08\/bijoux-braille-senses-accessoires-fait-main-designer-creatrice-ambre-cardinal-artiste2-16x36.jpg 16w, https:\/\/ambrecardinal.com\/wp-content\/uploads\/2021\/08\/bijoux-braille-senses-accessoires-fait-main-designer-creatrice-ambre-cardinal-artiste2-22x48.jpg 22w, https:\/\/ambrecardinal.com\/wp-content\/uploads\/2021\/08\/bijoux-braille-senses-accessoires-fait-main-designer-creatrice-ambre-cardinal-artiste2-350x776.jpg 350w, https:\/\/ambrecardinal.com\/wp-content\/uploads\/2021\/08\/bijoux-braille-senses-accessoires-fait-main-designer-creatrice-ambre-cardinal-artiste2-680x1508.jpg 680w\" sizes=\"(max-width: 902px) 100vw, 902px\" \/>\t\t\t\t\t\t\t\t\t\t\t\t\t\t<\/div>\n\t\t\t\t\t\t<\/div>\n\t\t\t\t<\/div>\n\t\t\t\t<div class=\"elementor-element elementor-element-1be15c4 elementor-align-center elementor-widget elementor-widget-button\" data-id=\"1be15c4\" data-element_type=\"widget\" data-widget_type=\"button.default\">\n\t\t\t\t<div class=\"elementor-widget-container\">\n\t\t\t\t\t<div class=\"elementor-button-wrapper\">\n\t\t\t<a href=\"https:\/\/ambrecardinal.com\/jewelry\/\" class=\"elementor-button-link elementor-button elementor-size-sm\" role=\"button\">\n\t\t\t\t\t\t<span class=\"elementor-button-content-wrapper\">\n\t\t\t\t\t\t<span class=\"elementor-button-text\">SHOP NOW<\/span>\n\t\t<\/span>\n\t\t\t\t\t<\/a>\n\t\t<\/div>\n\t\t\t\t<\/div>\n\t\t\t\t<\/div>\n\t\t\t\t<div class=\"elementor-element elementor-element-47a741f elementor-widget elementor-widget-spacer\" data-id=\"47a741f\" data-element_type=\"widget\" data-widget_type=\"spacer.default\">\n\t\t\t\t<div class=\"elementor-widget-container\">\n\t\t\t\t\t<div class=\"elementor-spacer\">\n\t\t\t<div class=\"elementor-spacer-inner\"><\/div>\n\t\t<\/div>\n\t\t\t\t<\/div>\n\t\t\t\t<\/div>\n\t\t\t\t\t\t<\/div>\n\t\t\t\t\t<\/div>\n\t\t<\/div>\n\t\t\t\t\t\t\t\t<\/div>\n\t\t\t\t\t<\/div>\n\t\t<\/section>\n\t\t\t\t<section class=\"elementor-section elementor-top-section elementor-element elementor-element-5a021f0 elementor-section-boxed elementor-section-height-default elementor-section-height-default\" data-id=\"5a021f0\" data-element_type=\"section\">\n\t\t\t\t\t\t<div class=\"elementor-container elementor-column-gap-default\">\n\t\t\t\t\t\t\t<div class=\"elementor-row\">\n\t\t\t\t\t<div class=\"elementor-column elementor-col-100 elementor-top-column elementor-element elementor-element-5d7fb98\" data-id=\"5d7fb98\" data-element_type=\"column\">\n\t\t\t<div class=\"elementor-column-wrap elementor-element-populated\">\n\t\t\t\t\t\t\t<div class=\"elementor-widget-wrap\">\n\t\t\t\t\t\t<div class=\"elementor-element elementor-element-17851e2 elementor-widget-divider--view-line elementor-widget elementor-widget-divider\" data-id=\"17851e2\" data-element_type=\"widget\" data-widget_type=\"divider.default\">\n\t\t\t\t<div class=\"elementor-widget-container\">\n\t\t\t\t\t<div class=\"elementor-divider\">\n\t\t\t<span class=\"elementor-divider-separator\">\n\t\t\t\t\t\t<\/span>\n\t\t<\/div>\n\t\t\t\t<\/div>\n\t\t\t\t<\/div>\n\t\t\t\t\t\t<\/div>\n\t\t\t\t\t<\/div>\n\t\t<\/div>\n\t\t\t\t\t\t\t\t<\/div>\n\t\t\t\t\t<\/div>\n\t\t<\/section>\n\t\t\t\t<section class=\"elementor-section elementor-top-section elementor-element elementor-element-83b39db elementor-section-boxed elementor-section-height-default elementor-section-height-default\" data-id=\"83b39db\" data-element_type=\"section\">\n\t\t\t\t\t\t<div class=\"elementor-container elementor-column-gap-default\">\n\t\t\t\t\t\t\t<div class=\"elementor-row\">\n\t\t\t\t\t<div class=\"elementor-column elementor-col-100 elementor-top-column elementor-element elementor-element-19c5c77\" data-id=\"19c5c77\" data-element_type=\"column\">\n\t\t\t<div class=\"elementor-column-wrap elementor-element-populated\">\n\t\t\t\t\t\t\t<div class=\"elementor-widget-wrap\">\n\t\t\t\t\t\t<div class=\"elementor-element elementor-element-fcf170c elementor-widget elementor-widget-text-editor\" data-id=\"fcf170c\" data-element_type=\"widget\" data-widget_type=\"text-editor.default\">\n\t\t\t\t<div class=\"elementor-widget-container\">\n\t\t\t\t\t\t\t\t<div class=\"elementor-text-editor elementor-clearfix\">\n\t\t\t\t<p><span style=\"font-size: 14pt;\">Emboss\u00e9s dans la mati\u00e8re, les mots en braille diffusent leur message comme un mantra secret. Au contact du corps, le bijou de pens\u00e9e lib\u00e8re l\u2019\u00e9nergie de la parole. Puissance du toucher\u00a0qui d\u2019un doigt effleure la ligne compos\u00e9e d\u2019une succession de points pour se reconnecter \u00e0 son propre corps dans une intense pr\u00e9sence \u00e0 soi.<\/span><\/p><p><span style=\"font-size: 14pt;\">\u00ab\u00a0J\u2019ai pens\u00e9 le braille comme point de d\u00e9part \u00e0 un contact charnel.\u00a0\u00bb<\/span><\/p><p style=\"text-align: right;\"><span style=\"font-size: 14pt;\">\u00ab L\u2019essentiel est invisible pour les yeux.\u00bb Antoine de Saint-Exup\u00e9ry<\/span><\/p>\t\t\t\t\t<\/div>\n\t\t\t\t\t\t<\/div>\n\t\t\t\t<\/div>\n\t\t\t\t\t\t<\/div>\n\t\t\t\t\t<\/div>\n\t\t<\/div>\n\t\t\t\t\t\t\t\t<\/div>\n\t\t\t\t\t<\/div>\n\t\t<\/section>\n\t\t\t\t<section class=\"elementor-section elementor-top-section elementor-element elementor-element-75f7752 elementor-section-boxed elementor-section-height-default elementor-section-height-default\" data-id=\"75f7752\" data-element_type=\"section\">\n\t\t\t\t\t\t<div class=\"elementor-container elementor-column-gap-default\">\n\t\t\t\t\t\t\t<div class=\"elementor-row\">\n\t\t\t\t\t<div class=\"elementor-column elementor-col-100 elementor-top-column elementor-element elementor-element-b9ece46\" data-id=\"b9ece46\" data-element_type=\"column\">\n\t\t\t<div class=\"elementor-column-wrap elementor-element-populated\">\n\t\t\t\t\t\t\t<div class=\"elementor-widget-wrap\">\n\t\t\t\t\t\t<div class=\"elementor-element elementor-element-d1af663 elementor-widget-divider--view-line elementor-widget elementor-widget-divider\" data-id=\"d1af663\" data-element_type=\"widget\" data-widget_type=\"divider.default\">\n\t\t\t\t<div class=\"elementor-widget-container\">\n\t\t\t\t\t<div class=\"elementor-divider\">\n\t\t\t<span class=\"elementor-divider-separator\">\n\t\t\t\t\t\t<\/span>\n\t\t<\/div>\n\t\t\t\t<\/div>\n\t\t\t\t<\/div>\n\t\t\t\t\t\t<\/div>\n\t\t\t\t\t<\/div>\n\t\t<\/div>\n\t\t\t\t\t\t\t\t<\/div>\n\t\t\t\t\t<\/div>\n\t\t<\/section>\n\t\t\t\t<section class=\"elementor-section elementor-top-section elementor-element elementor-element-7370661 elementor-section-boxed elementor-section-height-default elementor-section-height-default\" data-id=\"7370661\" data-element_type=\"section\">\n\t\t\t\t\t\t<div class=\"elementor-container elementor-column-gap-default\">\n\t\t\t\t\t\t\t<div class=\"elementor-row\">\n\t\t\t\t\t<div class=\"elementor-column elementor-col-100 elementor-top-column elementor-element elementor-element-4e63185\" data-id=\"4e63185\" data-element_type=\"column\">\n\t\t\t<div class=\"elementor-column-wrap elementor-element-populated\">\n\t\t\t\t\t\t\t<div class=\"elementor-widget-wrap\">\n\t\t\t\t\t\t<div class=\"elementor-element elementor-element-72317ae elementor-widget elementor-widget-spacer\" data-id=\"72317ae\" data-element_type=\"widget\" data-widget_type=\"spacer.default\">\n\t\t\t\t<div class=\"elementor-widget-container\">\n\t\t\t\t\t<div class=\"elementor-spacer\">\n\t\t\t<div class=\"elementor-spacer-inner\"><\/div>\n\t\t<\/div>\n\t\t\t\t<\/div>\n\t\t\t\t<\/div>\n\t\t\t\t\t\t<\/div>\n\t\t\t\t\t<\/div>\n\t\t<\/div>\n\t\t\t\t\t\t\t\t<\/div>\n\t\t\t\t\t<\/div>\n\t\t<\/section>\n\t\t\t\t<section class=\"elementor-section elementor-top-section elementor-element elementor-element-d5667fd elementor-section-boxed elementor-section-height-default elementor-section-height-default\" data-id=\"d5667fd\" data-element_type=\"section\">\n\t\t\t\t\t\t<div class=\"elementor-container elementor-column-gap-default\">\n\t\t\t\t\t\t\t<div class=\"elementor-row\">\n\t\t\t\t\t<div class=\"elementor-column elementor-col-100 elementor-top-column elementor-element elementor-element-d8199e8\" data-id=\"d8199e8\" data-element_type=\"column\">\n\t\t\t<div class=\"elementor-column-wrap elementor-element-populated\">\n\t\t\t\t\t\t\t<div class=\"elementor-widget-wrap\">\n\t\t\t\t\t\t<div class=\"elementor-element elementor-element-796a5ae elementor-widget-divider--view-line elementor-widget elementor-widget-divider\" data-id=\"796a5ae\" data-element_type=\"widget\" data-widget_type=\"divider.default\">\n\t\t\t\t<div class=\"elementor-widget-container\">\n\t\t\t\t\t<div class=\"elementor-divider\">\n\t\t\t<span class=\"elementor-divider-separator\">\n\t\t\t\t\t\t<\/span>\n\t\t<\/div>\n\t\t\t\t<\/div>\n\t\t\t\t<\/div>\n\t\t\t\t\t\t<\/div>\n\t\t\t\t\t<\/div>\n\t\t<\/div>\n\t\t\t\t\t\t\t\t<\/div>\n\t\t\t\t\t<\/div>\n\t\t<\/section>\n\t\t\t\t<section class=\"elementor-section elementor-top-section elementor-element elementor-element-525d9d9 elementor-section-boxed elementor-section-height-default elementor-section-height-default\" data-id=\"525d9d9\" data-element_type=\"section\">\n\t\t\t\t\t\t<div class=\"elementor-container elementor-column-gap-default\">\n\t\t\t\t\t\t\t<div class=\"elementor-row\">\n\t\t\t\t\t<div class=\"elementor-column elementor-col-100 elementor-top-column elementor-element elementor-element-0f14a22\" data-id=\"0f14a22\" data-element_type=\"column\">\n\t\t\t<div class=\"elementor-column-wrap elementor-element-populated\">\n\t\t\t\t\t\t\t<div class=\"elementor-widget-wrap\">\n\t\t\t\t\t\t<div class=\"elementor-element elementor-element-dc43550 elementor-widget elementor-widget-text-editor\" data-id=\"dc43550\" data-element_type=\"widget\" data-widget_type=\"text-editor.default\">\n\t\t\t\t<div class=\"elementor-widget-container\">\n\t\t\t\t\t\t\t\t<div class=\"elementor-text-editor elementor-clearfix\">\n\t\t\t\t<p><span style=\"font-size: 16px;\">Me\u0301dium : laiton plaqu\u00e9 or 24 carats<\/span><br \/><span style=\"font-size: 16px;\">Dimension: Divers<\/span><br \/><span style=\"font-size: 16px;\">Ann\u00e9e : 2018<\/span><\/p>\t\t\t\t\t<\/div>\n\t\t\t\t\t\t<\/div>\n\t\t\t\t<\/div>\n\t\t\t\t\t\t<\/div>\n\t\t\t\t\t<\/div>\n\t\t<\/div>\n\t\t\t\t\t\t\t\t<\/div>\n\t\t\t\t\t<\/div>\n\t\t<\/section>\n\t\t\t\t<section class=\"elementor-section elementor-top-section elementor-element elementor-element-f1e6a83 elementor-section-boxed elementor-section-height-default elementor-section-height-default\" data-id=\"f1e6a83\" data-element_type=\"section\">\n\t\t\t\t\t\t<div class=\"elementor-container elementor-column-gap-default\">\n\t\t\t\t\t\t\t<div class=\"elementor-row\">\n\t\t\t\t\t<div class=\"elementor-column elementor-col-100 elementor-top-column elementor-element elementor-element-4b8d0b7\" data-id=\"4b8d0b7\" data-element_type=\"column\">\n\t\t\t<div class=\"elementor-column-wrap elementor-element-populated\">\n\t\t\t\t\t\t\t<div class=\"elementor-widget-wrap\">\n\t\t\t\t\t\t<div class=\"elementor-element elementor-element-aa98924 elementor-align-center elementor-widget elementor-widget-button\" data-id=\"aa98924\" data-element_type=\"widget\" data-widget_type=\"button.default\">\n\t\t\t\t<div class=\"elementor-widget-container\">\n\t\t\t\t\t<div class=\"elementor-button-wrapper\">\n\t\t\t<a href=\"\/sculpture-de-corps\/\" class=\"elementor-button-link elementor-button elementor-size-sm\" role=\"button\">\n\t\t\t\t\t\t<span class=\"elementor-button-content-wrapper\">\n\t\t\t\t\t\t<span class=\"elementor-button-text\">Retour<\/span>\n\t\t<\/span>\n\t\t\t\t\t<\/a>\n\t\t<\/div>\n\t\t\t\t<\/div>\n\t\t\t\t<\/div>\n\t\t\t\t\t\t<\/div>\n\t\t\t\t\t<\/div>\n\t\t<\/div>\n\t\t\t\t\t\t\t\t<\/div>\n\t\t\t\t\t<\/div>\n\t\t<\/section>\n\t\t\t\t\t\t<\/div>\n\t\t\t\t\t\t<\/div>\n\t\t\t\t\t<\/div>\n\t\t","protected":false},"excerpt":{"rendered":"<p>SHOP NOW Emboss\u00e9s dans la mati\u00e8re, les mots en braille diffusent leur message comme un mantra secret. Au contact du corps, le bijou de pens\u00e9e lib\u00e8re l\u2019\u00e9nergie de la parole. Puissance du toucher\u00a0qui d\u2019un doigt effleure la ligne compos\u00e9e d\u2019une succession de points pour se reconnecter \u00e0 son propre corps dans une intense pr\u00e9sence \u00e0 &hellip;<\/p>\n","protected":false},"author":1,"featured_media":1448,"parent":0,"menu_order":0,"comment_status":"closed","ping_status":"closed","template":"","meta":[],"yoast_head":"<!-- This site is optimized with the Yoast SEO plugin v17.0 - https:\/\/yoast.com\/wordpress\/plugins\/seo\/ -->\n<title>BIJOUX SENSES - Ambre Cardinal<\/title>\n<meta name=\"robots\" content=\"index, follow, max-snippet:-1, max-image-preview:large, max-video-preview:-1\" \/>\n<link rel=\"canonical\" href=\"https:\/\/ambrecardinal.com\/fr\/bijoux-senses\/\" \/>\n<meta property=\"og:locale\" content=\"fr_FR\" \/>\n<meta property=\"og:type\" content=\"article\" \/>\n<meta property=\"og:title\" content=\"BIJOUX SENSES - Ambre Cardinal\" \/>\n<meta property=\"og:description\" content=\"SHOP NOW Emboss\u00e9s dans la mati\u00e8re, les mots en braille diffusent leur message comme un mantra secret. Au contact du corps, le bijou de pens\u00e9e lib\u00e8re l\u2019\u00e9nergie de la parole. Puissance du toucher\u00a0qui d\u2019un doigt effleure la ligne compos\u00e9e d\u2019une succession de points pour se reconnecter \u00e0 son propre corps dans une intense pr\u00e9sence \u00e0 &hellip;\" \/>\n<meta property=\"og:url\" content=\"https:\/\/ambrecardinal.com\/fr\/bijoux-senses\/\" \/>\n<meta property=\"og:site_name\" content=\"Ambre Cardinal\" \/>\n<meta property=\"article:modified_time\" content=\"2022-04-07T18:59:03+00:00\" \/>\n<meta property=\"og:image\" content=\"https:\/\/ambrecardinal.com\/wp-content\/uploads\/2019\/06\/bijoux-art-direction-shooting-beaute\u0301-photographie-photograhy.jpg\" \/>\n\t<meta property=\"og:image:width\" content=\"600\" \/>\n\t<meta property=\"og:image:height\" content=\"900\" \/>\n<meta name=\"twitter:card\" content=\"summary_large_image\" \/>\n<meta name=\"twitter:label1\" content=\"Dur\u00e9e de lecture est.\" \/>\n\t<meta name=\"twitter:data1\" content=\"1 minute\" \/>\n<script type=\"application\/ld+json\" class=\"yoast-schema-graph\">{\"@context\":\"https:\/\/schema.org\",\"@graph\":[{\"@type\":\"WebSite\",\"@id\":\"https:\/\/ambrecardinal.com\/#website\",\"url\":\"https:\/\/ambrecardinal.com\/\",\"name\":\"Ambre Cardinal\",\"description\":\"Sculpture - art - Jewelry  -design\",\"potentialAction\":[{\"@type\":\"SearchAction\",\"target\":{\"@type\":\"EntryPoint\",\"urlTemplate\":\"https:\/\/ambrecardinal.com\/?s={search_term_string}\"},\"query-input\":\"required name=search_term_string\"}],\"inLanguage\":\"fr-FR\"},{\"@type\":\"ImageObject\",\"@id\":\"https:\/\/ambrecardinal.com\/bijoux-senses\/#primaryimage\",\"inLanguage\":\"fr-FR\",\"url\":\"https:\/\/ambrecardinal.com\/wp-content\/uploads\/2019\/06\/bijoux-art-direction-shooting-beaute\\u0301-photographie-photograhy.jpg\",\"contentUrl\":\"https:\/\/ambrecardinal.com\/wp-content\/uploads\/2019\/06\/bijoux-art-direction-shooting-beaute\\u0301-photographie-photograhy.jpg\",\"width\":600,\"height\":900,\"caption\":\"bijoux-art-direction-shooting-beaute\\u0301-photographie-photograhy\"},{\"@type\":\"WebPage\",\"@id\":\"https:\/\/ambrecardinal.com\/bijoux-senses\/#webpage\",\"url\":\"https:\/\/ambrecardinal.com\/bijoux-senses\/\",\"name\":\"BIJOUX SENSES - Ambre Cardinal\",\"isPartOf\":{\"@id\":\"https:\/\/ambrecardinal.com\/#website\"},\"primaryImageOfPage\":{\"@id\":\"https:\/\/ambrecardinal.com\/bijoux-senses\/#primaryimage\"},\"datePublished\":\"2019-04-16T08:28:39+00:00\",\"dateModified\":\"2022-04-07T18:59:03+00:00\",\"breadcrumb\":{\"@id\":\"https:\/\/ambrecardinal.com\/bijoux-senses\/#breadcrumb\"},\"inLanguage\":\"fr-FR\",\"potentialAction\":[{\"@type\":\"ReadAction\",\"target\":[\"https:\/\/ambrecardinal.com\/bijoux-senses\/\"]}]},{\"@type\":\"BreadcrumbList\",\"@id\":\"https:\/\/ambrecardinal.com\/bijoux-senses\/#breadcrumb\",\"itemListElement\":[{\"@type\":\"ListItem\",\"position\":1,\"name\":\"Accueil\",\"item\":\"https:\/\/ambrecardinal.com\/\"},{\"@type\":\"ListItem\",\"position\":2,\"name\":\"BIJOUX SENSES\"}]}]}<\/script>\n<!-- \/ Yoast SEO plugin. -->","yoast_head_json":{"title":"BIJOUX SENSES - Ambre Cardinal","robots":{"index":"index","follow":"follow","max-snippet":"max-snippet:-1","max-image-preview":"max-image-preview:large","max-video-preview":"max-video-preview:-1"},"canonical":"https:\/\/ambrecardinal.com\/fr\/bijoux-senses\/","og_locale":"fr_FR","og_type":"article","og_title":"BIJOUX SENSES - Ambre Cardinal","og_description":"SHOP NOW Emboss\u00e9s dans la mati\u00e8re, les mots en braille diffusent leur message comme un mantra secret. Au contact du corps, le bijou de pens\u00e9e lib\u00e8re l\u2019\u00e9nergie de la parole. Puissance du toucher\u00a0qui d\u2019un doigt effleure la ligne compos\u00e9e d\u2019une succession de points pour se reconnecter \u00e0 son propre corps dans une intense pr\u00e9sence \u00e0 &hellip;","og_url":"https:\/\/ambrecardinal.com\/fr\/bijoux-senses\/","og_site_name":"Ambre Cardinal","article_modified_time":"2022-04-07T18:59:03+00:00","og_image":[{"width":600,"height":900,"url":"https:\/\/ambrecardinal.com\/wp-content\/uploads\/2019\/06\/bijoux-art-direction-shooting-beaute\u0301-photographie-photograhy.jpg","path":"\/home\/ambrecarlm\/www\/wp-content\/uploads\/2019\/06\/bijoux-art-direction-shooting-beaute\u0301-photographie-photograhy.jpg","size":"full","id":1448,"alt":"","pixels":540000,"type":"image\/jpeg"}],"twitter_card":"summary_large_image","twitter_misc":{"Dur\u00e9e de lecture est.":"1 minute"},"schema":{"@context":"https:\/\/schema.org","@graph":[{"@type":"WebSite","@id":"https:\/\/ambrecardinal.com\/#website","url":"https:\/\/ambrecardinal.com\/","name":"Ambre Cardinal","description":"Sculpture - art - Jewelry  -design","potentialAction":[{"@type":"SearchAction","target":{"@type":"EntryPoint","urlTemplate":"https:\/\/ambrecardinal.com\/?s={search_term_string}"},"query-input":"required name=search_term_string"}],"inLanguage":"fr-FR"},{"@type":"ImageObject","@id":"https:\/\/ambrecardinal.com\/bijoux-senses\/#primaryimage","inLanguage":"fr-FR","url":"https:\/\/ambrecardinal.com\/wp-content\/uploads\/2019\/06\/bijoux-art-direction-shooting-beaute\u0301-photographie-photograhy.jpg","contentUrl":"https:\/\/ambrecardinal.com\/wp-content\/uploads\/2019\/06\/bijoux-art-direction-shooting-beaute\u0301-photographie-photograhy.jpg","width":600,"height":900,"caption":"bijoux-art-direction-shooting-beaute\u0301-photographie-photograhy"},{"@type":"WebPage","@id":"https:\/\/ambrecardinal.com\/bijoux-senses\/#webpage","url":"https:\/\/ambrecardinal.com\/bijoux-senses\/","name":"BIJOUX SENSES - Ambre Cardinal","isPartOf":{"@id":"https:\/\/ambrecardinal.com\/#website"},"primaryImageOfPage":{"@id":"https:\/\/ambrecardinal.com\/bijoux-senses\/#primaryimage"},"datePublished":"2019-04-16T08:28:39+00:00","dateModified":"2022-04-07T18:59:03+00:00","breadcrumb":{"@id":"https:\/\/ambrecardinal.com\/bijoux-senses\/#breadcrumb"},"inLanguage":"fr-FR","potentialAction":[{"@type":"ReadAction","target":["https:\/\/ambrecardinal.com\/bijoux-senses\/"]}]},{"@type":"BreadcrumbList","@id":"https:\/\/ambrecardinal.com\/bijoux-senses\/#breadcrumb","itemListElement":[{"@type":"ListItem","position":1,"name":"Accueil","item":"https:\/\/ambrecardinal.com\/"},{"@type":"ListItem","position":2,"name":"BIJOUX SENSES"}]}]}},"_links":{"self":[{"href":"https:\/\/ambrecardinal.com\/fr\/wp-json\/wp\/v2\/pages\/560"}],"collection":[{"href":"https:\/\/ambrecardinal.com\/fr\/wp-json\/wp\/v2\/pages"}],"about":[{"href":"https:\/\/ambrecardinal.com\/fr\/wp-json\/wp\/v2\/types\/page"}],"author":[{"embeddable":true,"href":"https:\/\/ambrecardinal.com\/fr\/wp-json\/wp\/v2\/users\/1"}],"replies":[{"embeddable":true,"href":"https:\/\/ambrecardinal.com\/fr\/wp-json\/wp\/v2\/comments?post=560"}],"version-history":[{"count":39,"href":"https:\/\/ambrecardinal.com\/fr\/wp-json\/wp\/v2\/pages\/560\/revisions"}],"predecessor-version":[{"id":13547,"href":"https:\/\/ambrecardinal.com\/fr\/wp-json\/wp\/v2\/pages\/560\/revisions\/13547"}],"wp:featuredmedia":[{"embeddable":true,"href":"https:\/\/ambrecardinal.com\/fr\/wp-json\/wp\/v2\/media\/1448"}],"wp:attachment":[{"href":"https:\/\/ambrecardinal.com\/fr\/wp-json\/wp\/v2\/media?parent=560"}],"curies":[{"name":"wp","href":"https:\/\/api.w.org\/{rel}","templated":true}]}}