{"id":3176,"date":"2021-08-24T00:32:10","date_gmt":"2021-08-23T22:32:10","guid":{"rendered":"https:\/\/ambrecardinal.com\/?page_id=3176"},"modified":"2023-04-06T11:09:12","modified_gmt":"2023-04-06T09:09:12","slug":"beyond-senses","status":"publish","type":"page","link":"https:\/\/ambrecardinal.com\/fr\/beyond-senses\/","title":{"rendered":"BEYOND SENSES"},"content":{"rendered":"\t\t<div data-elementor-type=\"wp-page\" data-elementor-id=\"3176\" class=\"elementor elementor-3176\" data-elementor-settings=\"[]\">\n\t\t\t\t\t\t<div class=\"elementor-inner\">\n\t\t\t\t\t\t\t<div class=\"elementor-section-wrap\">\n\t\t\t\t\t\t\t<section class=\"elementor-section elementor-top-section elementor-element elementor-element-50002d9 elementor-hidden-desktop elementor-section-boxed elementor-section-height-default elementor-section-height-default\" data-id=\"50002d9\" data-element_type=\"section\">\n\t\t\t\t\t\t<div class=\"elementor-container elementor-column-gap-default\">\n\t\t\t\t\t\t\t<div class=\"elementor-row\">\n\t\t\t\t\t<div class=\"elementor-column elementor-col-100 elementor-top-column elementor-element elementor-element-01f1b2c\" data-id=\"01f1b2c\" data-element_type=\"column\">\n\t\t\t<div class=\"elementor-column-wrap elementor-element-populated\">\n\t\t\t\t\t\t\t<div class=\"elementor-widget-wrap\">\n\t\t\t\t\t\t<div class=\"elementor-element elementor-element-6c2c987 elementor-widget elementor-widget-image\" data-id=\"6c2c987\" data-element_type=\"widget\" data-widget_type=\"image.default\">\n\t\t\t\t<div class=\"elementor-widget-container\">\n\t\t\t\t\t\t\t\t<div class=\"elementor-image\">\n\t\t\t\t\t\t\t\t\t\t\t\t<img width=\"376\" height=\"1024\" src=\"https:\/\/ambrecardinal.com\/wp-content\/uploads\/2021\/08\/suspension-sculpture-minimalist-art-laiton-mobile-ambre-cardinal-artiste-web2-376x1024.jpg\" class=\"attachment-large size-large\" alt=\"\" loading=\"lazy\" srcset=\"https:\/\/ambrecardinal.com\/wp-content\/uploads\/2021\/08\/suspension-sculpture-minimalist-art-laiton-mobile-ambre-cardinal-artiste-web2-376x1024.jpg 376w, https:\/\/ambrecardinal.com\/wp-content\/uploads\/2021\/08\/suspension-sculpture-minimalist-art-laiton-mobile-ambre-cardinal-artiste-web2-110x300.jpg 110w, https:\/\/ambrecardinal.com\/wp-content\/uploads\/2021\/08\/suspension-sculpture-minimalist-art-laiton-mobile-ambre-cardinal-artiste-web2-768x2090.jpg 768w, https:\/\/ambrecardinal.com\/wp-content\/uploads\/2021\/08\/suspension-sculpture-minimalist-art-laiton-mobile-ambre-cardinal-artiste-web2-564x1536.jpg 564w, https:\/\/ambrecardinal.com\/wp-content\/uploads\/2021\/08\/suspension-sculpture-minimalist-art-laiton-mobile-ambre-cardinal-artiste-web2-753x2048.jpg 753w, https:\/\/ambrecardinal.com\/wp-content\/uploads\/2021\/08\/suspension-sculpture-minimalist-art-laiton-mobile-ambre-cardinal-artiste-web2-9x24.jpg 9w, https:\/\/ambrecardinal.com\/wp-content\/uploads\/2021\/08\/suspension-sculpture-minimalist-art-laiton-mobile-ambre-cardinal-artiste-web2-13x36.jpg 13w, https:\/\/ambrecardinal.com\/wp-content\/uploads\/2021\/08\/suspension-sculpture-minimalist-art-laiton-mobile-ambre-cardinal-artiste-web2-18x48.jpg 18w, https:\/\/ambrecardinal.com\/wp-content\/uploads\/2021\/08\/suspension-sculpture-minimalist-art-laiton-mobile-ambre-cardinal-artiste-web2-350x952.jpg 350w, https:\/\/ambrecardinal.com\/wp-content\/uploads\/2021\/08\/suspension-sculpture-minimalist-art-laiton-mobile-ambre-cardinal-artiste-web2-680x1850.jpg 680w, https:\/\/ambrecardinal.com\/wp-content\/uploads\/2021\/08\/suspension-sculpture-minimalist-art-laiton-mobile-ambre-cardinal-artiste-web2-scaled.jpg 941w\" sizes=\"(max-width: 376px) 100vw, 376px\" \/>\t\t\t\t\t\t\t\t\t\t\t\t\t\t<\/div>\n\t\t\t\t\t\t<\/div>\n\t\t\t\t<\/div>\n\t\t\t\t\t\t<\/div>\n\t\t\t\t\t<\/div>\n\t\t<\/div>\n\t\t\t\t\t\t\t\t<\/div>\n\t\t\t\t\t<\/div>\n\t\t<\/section>\n\t\t\t\t<section class=\"elementor-section elementor-top-section elementor-element elementor-element-260fe5b elementor-hidden-tablet elementor-hidden-mobile elementor-section-boxed elementor-section-height-default elementor-section-height-default\" data-id=\"260fe5b\" data-element_type=\"section\">\n\t\t\t\t\t\t<div class=\"elementor-container elementor-column-gap-default\">\n\t\t\t\t\t\t\t<div class=\"elementor-row\">\n\t\t\t\t\t<div class=\"elementor-column elementor-col-100 elementor-top-column elementor-element elementor-element-930804a\" data-id=\"930804a\" data-element_type=\"column\">\n\t\t\t<div class=\"elementor-column-wrap elementor-element-populated\">\n\t\t\t\t\t\t\t<div class=\"elementor-widget-wrap\">\n\t\t\t\t\t\t<div class=\"elementor-element elementor-element-7dd977e elementor-widget elementor-widget-image\" data-id=\"7dd977e\" data-element_type=\"widget\" data-widget_type=\"image.default\">\n\t\t\t\t<div class=\"elementor-widget-container\">\n\t\t\t\t\t\t\t\t<div class=\"elementor-image\">\n\t\t\t\t\t\t\t\t\t\t\t\t<img src=\"https:\/\/ambrecardinal.com\/wp-content\/uploads\/2021\/08\/suspension-sculpture-minimalist-art-laiton-mobile-ambre-cardinal-artiste-1.jpg\" class=\"attachment-full size-full\" alt=\"\" loading=\"lazy\" \/>\t\t\t\t\t\t\t\t\t\t\t\t\t\t<\/div>\n\t\t\t\t\t\t<\/div>\n\t\t\t\t<\/div>\n\t\t\t\t\t\t<\/div>\n\t\t\t\t\t<\/div>\n\t\t<\/div>\n\t\t\t\t\t\t\t\t<\/div>\n\t\t\t\t\t<\/div>\n\t\t<\/section>\n\t\t\t\t<section class=\"elementor-section elementor-top-section elementor-element elementor-element-a60da8e elementor-section-boxed elementor-section-height-default elementor-section-height-default\" data-id=\"a60da8e\" data-element_type=\"section\">\n\t\t\t\t\t\t<div class=\"elementor-container elementor-column-gap-default\">\n\t\t\t\t\t\t\t<div class=\"elementor-row\">\n\t\t\t\t\t<div class=\"elementor-column elementor-col-100 elementor-top-column elementor-element elementor-element-fdf7726\" data-id=\"fdf7726\" data-element_type=\"column\">\n\t\t\t<div class=\"elementor-column-wrap elementor-element-populated\">\n\t\t\t\t\t\t\t<div class=\"elementor-widget-wrap\">\n\t\t\t\t\t\t<div class=\"elementor-element elementor-element-9eb02d8 elementor-widget elementor-widget-spacer\" data-id=\"9eb02d8\" data-element_type=\"widget\" data-widget_type=\"spacer.default\">\n\t\t\t\t<div class=\"elementor-widget-container\">\n\t\t\t\t\t<div class=\"elementor-spacer\">\n\t\t\t<div class=\"elementor-spacer-inner\"><\/div>\n\t\t<\/div>\n\t\t\t\t<\/div>\n\t\t\t\t<\/div>\n\t\t\t\t<div class=\"elementor-element elementor-element-52252f9 elementor-aspect-ratio-169 elementor-widget elementor-widget-video\" data-id=\"52252f9\" data-element_type=\"widget\" data-settings=\"{&quot;video_type&quot;:&quot;vimeo&quot;,&quot;show_image_overlay&quot;:&quot;yes&quot;,&quot;image_overlay&quot;:{&quot;url&quot;:&quot;https:\\\/\\\/ambrecardinal.com\\\/wp-content\\\/uploads\\\/2020\\\/12\\\/Screenshot-2020-09-11-at-21.56.48-copie-scaled.jpg&quot;,&quot;id&quot;:1617,&quot;alt&quot;:&quot;&quot;,&quot;source&quot;:&quot;library&quot;},&quot;start&quot;:2,&quot;aspect_ratio&quot;:&quot;169&quot;}\" data-widget_type=\"video.default\">\n\t\t\t\t<div class=\"elementor-widget-container\">\n\t\t\t\t\t<div class=\"elementor-wrapper elementor-fit-aspect-ratio elementor-open-inline\">\n\t\t\t<iframe class=\"elementor-video-iframe\" allowfullscreen title=\"Lecteur vid\u00e9o vimeo\" src=\"https:\/\/player.vimeo.com\/video\/460333005?color&amp;autopause=0&amp;loop=0&amp;muted=0&amp;title=1&amp;portrait=0&amp;byline=0#t=00h00m02s\"><\/iframe>\t\t\t\t<div class=\"elementor-custom-embed-image-overlay\" style=\"background-image: url(https:\/\/ambrecardinal.com\/wp-content\/uploads\/2020\/12\/Screenshot-2020-09-11-at-21.56.48-copie-scaled.jpg);\">\n\t\t\t\t\t\t\t\t\t\t\t\t\t\t\t\t<div class=\"elementor-custom-embed-play\" role=\"button\">\n\t\t\t\t\t\t\t<i class=\"eicon-play\" aria-hidden=\"true\"><\/i>\n\t\t\t\t\t\t\t<span class=\"elementor-screen-only\">Lire la vid\u00e9o<\/span>\n\t\t\t\t\t\t<\/div>\n\t\t\t\t\t\t\t\t\t<\/div>\n\t\t\t\t\t<\/div>\n\t\t\t\t<\/div>\n\t\t\t\t<\/div>\n\t\t\t\t\t\t<\/div>\n\t\t\t\t\t<\/div>\n\t\t<\/div>\n\t\t\t\t\t\t\t\t<\/div>\n\t\t\t\t\t<\/div>\n\t\t<\/section>\n\t\t\t\t<section class=\"elementor-section elementor-top-section elementor-element elementor-element-fac65a1 elementor-section-boxed elementor-section-height-default elementor-section-height-default\" data-id=\"fac65a1\" data-element_type=\"section\">\n\t\t\t\t\t\t<div class=\"elementor-container elementor-column-gap-default\">\n\t\t\t\t\t\t\t<div class=\"elementor-row\">\n\t\t\t\t\t<div class=\"elementor-column elementor-col-100 elementor-top-column elementor-element elementor-element-5a7cb46\" data-id=\"5a7cb46\" data-element_type=\"column\">\n\t\t\t<div class=\"elementor-column-wrap elementor-element-populated\">\n\t\t\t\t\t\t\t<div class=\"elementor-widget-wrap\">\n\t\t\t\t\t\t<div class=\"elementor-element elementor-element-6b3cf99 elementor-widget-divider--view-line elementor-widget elementor-widget-divider\" data-id=\"6b3cf99\" data-element_type=\"widget\" data-widget_type=\"divider.default\">\n\t\t\t\t<div class=\"elementor-widget-container\">\n\t\t\t\t\t<div class=\"elementor-divider\">\n\t\t\t<span class=\"elementor-divider-separator\">\n\t\t\t\t\t\t<\/span>\n\t\t<\/div>\n\t\t\t\t<\/div>\n\t\t\t\t<\/div>\n\t\t\t\t\t\t<\/div>\n\t\t\t\t\t<\/div>\n\t\t<\/div>\n\t\t\t\t\t\t\t\t<\/div>\n\t\t\t\t\t<\/div>\n\t\t<\/section>\n\t\t\t\t<section class=\"elementor-section elementor-top-section elementor-element elementor-element-82c49a8 elementor-section-boxed elementor-section-height-default elementor-section-height-default\" data-id=\"82c49a8\" data-element_type=\"section\">\n\t\t\t\t\t\t<div class=\"elementor-container elementor-column-gap-default\">\n\t\t\t\t\t\t\t<div class=\"elementor-row\">\n\t\t\t\t\t<div class=\"elementor-column elementor-col-100 elementor-top-column elementor-element elementor-element-4352aab\" data-id=\"4352aab\" data-element_type=\"column\">\n\t\t\t<div class=\"elementor-column-wrap elementor-element-populated\">\n\t\t\t\t\t\t\t<div class=\"elementor-widget-wrap\">\n\t\t\t\t\t\t<div class=\"elementor-element elementor-element-afe779e elementor-widget elementor-widget-text-editor\" data-id=\"afe779e\" data-element_type=\"widget\" data-widget_type=\"text-editor.default\">\n\t\t\t\t<div class=\"elementor-widget-container\">\n\t\t\t\t\t\t\t\t<div class=\"elementor-text-editor elementor-clearfix\">\n\t\t\t\t<p><span style=\"font-size: 14pt;\">La performance<\/span><\/p><p><span style=\"font-size: 14pt;\">\u00ab Habit\u00e9e par les \u0153uvres cin\u00e9tiques de Calder et l\u2019art corporel hybride de Rebecca Horn, la performance me permet de donner vie \u00e0 mes sculptures de corps. La danse qui \u00e9l\u00e8ve le corps dans une forme d\u2019absolu, s\u2019impose \u00e0 moi comme une \u00e9vidence.\u00bb\u00a0La sculpture est danse, le corps est sculpture. Ensemble, ils dessinent de nouveaux contours dans un jeu de connexion et d\u2019\u00e9vitement.<\/span><\/p><p><span style=\"font-size: 14pt;\">Le mobile<\/span><\/p><p><span style=\"font-size: 14pt;\">Entre terre et ciel, anim\u00e9 par sa force cin\u00e9tique, le mobile est derviche tourneur, invitant le spectateur \u00e0 prendre conscience de son propre centre de gravit\u00e9. Le public a la possibilit\u00e9 de d\u00e9ambuler et interagir avec l\u2019\u0153uvre qui joue sur la porosit\u00e9 entre l\u2019environnement et l\u2019int\u00e9riorit\u00e9 du spectateur.<\/span><\/p><p style=\"text-align: right;\"><span style=\"font-size: 14pt;\">\u00ab Longtemps, j\u2019ai pens\u00e9 que le r\u00f4le de l\u2019artiste \u00e9tait de secouer le public. Aujourd\u2019hui je veux lui offrir sur sc\u00e8ne ce que le monde, devenu trop dur, ne lui donne plus : des moments d\u2019amour pur. \u00bb<\/span><\/p><p style=\"text-align: right;\"><span style=\"font-size: 14pt;\">Pina Bausch<\/span><\/p>\t\t\t\t\t<\/div>\n\t\t\t\t\t\t<\/div>\n\t\t\t\t<\/div>\n\t\t\t\t\t\t<\/div>\n\t\t\t\t\t<\/div>\n\t\t<\/div>\n\t\t\t\t\t\t\t\t<\/div>\n\t\t\t\t\t<\/div>\n\t\t<\/section>\n\t\t\t\t<section class=\"elementor-section elementor-top-section elementor-element elementor-element-c69ec34 elementor-section-boxed elementor-section-height-default elementor-section-height-default\" data-id=\"c69ec34\" data-element_type=\"section\">\n\t\t\t\t\t\t<div class=\"elementor-container elementor-column-gap-default\">\n\t\t\t\t\t\t\t<div class=\"elementor-row\">\n\t\t\t\t\t<div class=\"elementor-column elementor-col-100 elementor-top-column elementor-element elementor-element-164d549\" data-id=\"164d549\" data-element_type=\"column\">\n\t\t\t<div class=\"elementor-column-wrap elementor-element-populated\">\n\t\t\t\t\t\t\t<div class=\"elementor-widget-wrap\">\n\t\t\t\t\t\t<div class=\"elementor-element elementor-element-89f040b elementor-widget-divider--view-line elementor-widget elementor-widget-divider\" data-id=\"89f040b\" data-element_type=\"widget\" data-widget_type=\"divider.default\">\n\t\t\t\t<div class=\"elementor-widget-container\">\n\t\t\t\t\t<div class=\"elementor-divider\">\n\t\t\t<span class=\"elementor-divider-separator\">\n\t\t\t\t\t\t<\/span>\n\t\t<\/div>\n\t\t\t\t<\/div>\n\t\t\t\t<\/div>\n\t\t\t\t\t\t<\/div>\n\t\t\t\t\t<\/div>\n\t\t<\/div>\n\t\t\t\t\t\t\t\t<\/div>\n\t\t\t\t\t<\/div>\n\t\t<\/section>\n\t\t\t\t<section class=\"elementor-section elementor-top-section elementor-element elementor-element-f8ee4eb elementor-section-boxed elementor-section-height-default elementor-section-height-default\" data-id=\"f8ee4eb\" data-element_type=\"section\">\n\t\t\t\t\t\t<div class=\"elementor-container elementor-column-gap-default\">\n\t\t\t\t\t\t\t<div class=\"elementor-row\">\n\t\t\t\t\t<div class=\"elementor-column elementor-col-100 elementor-top-column elementor-element elementor-element-1cf1e4e\" data-id=\"1cf1e4e\" data-element_type=\"column\">\n\t\t\t<div class=\"elementor-column-wrap elementor-element-populated\">\n\t\t\t\t\t\t\t<div class=\"elementor-widget-wrap\">\n\t\t\t\t\t\t<div class=\"elementor-element elementor-element-4dabf75 elementor-widget elementor-widget-spacer\" data-id=\"4dabf75\" data-element_type=\"widget\" data-widget_type=\"spacer.default\">\n\t\t\t\t<div class=\"elementor-widget-container\">\n\t\t\t\t\t<div class=\"elementor-spacer\">\n\t\t\t<div class=\"elementor-spacer-inner\"><\/div>\n\t\t<\/div>\n\t\t\t\t<\/div>\n\t\t\t\t<\/div>\n\t\t\t\t\t\t<\/div>\n\t\t\t\t\t<\/div>\n\t\t<\/div>\n\t\t\t\t\t\t\t\t<\/div>\n\t\t\t\t\t<\/div>\n\t\t<\/section>\n\t\t\t\t<section class=\"elementor-section elementor-top-section elementor-element elementor-element-b2efe51 elementor-section-boxed elementor-section-height-default elementor-section-height-default\" data-id=\"b2efe51\" data-element_type=\"section\">\n\t\t\t\t\t\t<div class=\"elementor-container elementor-column-gap-default\">\n\t\t\t\t\t\t\t<div class=\"elementor-row\">\n\t\t\t\t\t<div class=\"elementor-column elementor-col-100 elementor-top-column elementor-element elementor-element-5195925\" data-id=\"5195925\" data-element_type=\"column\">\n\t\t\t<div class=\"elementor-column-wrap elementor-element-populated\">\n\t\t\t\t\t\t\t<div class=\"elementor-widget-wrap\">\n\t\t\t\t\t\t<div class=\"elementor-element elementor-element-387523b elementor-widget-divider--view-line elementor-widget elementor-widget-divider\" data-id=\"387523b\" data-element_type=\"widget\" data-widget_type=\"divider.default\">\n\t\t\t\t<div class=\"elementor-widget-container\">\n\t\t\t\t\t<div class=\"elementor-divider\">\n\t\t\t<span class=\"elementor-divider-separator\">\n\t\t\t\t\t\t<\/span>\n\t\t<\/div>\n\t\t\t\t<\/div>\n\t\t\t\t<\/div>\n\t\t\t\t\t\t<\/div>\n\t\t\t\t\t<\/div>\n\t\t<\/div>\n\t\t\t\t\t\t\t\t<\/div>\n\t\t\t\t\t<\/div>\n\t\t<\/section>\n\t\t\t\t<section class=\"elementor-section elementor-top-section elementor-element elementor-element-4c1a9b3 elementor-section-boxed elementor-section-height-default elementor-section-height-default\" data-id=\"4c1a9b3\" data-element_type=\"section\">\n\t\t\t\t\t\t<div class=\"elementor-container elementor-column-gap-default\">\n\t\t\t\t\t\t\t<div class=\"elementor-row\">\n\t\t\t\t\t<div class=\"elementor-column elementor-col-100 elementor-top-column elementor-element elementor-element-3830852\" data-id=\"3830852\" data-element_type=\"column\">\n\t\t\t<div class=\"elementor-column-wrap elementor-element-populated\">\n\t\t\t\t\t\t\t<div class=\"elementor-widget-wrap\">\n\t\t\t\t\t\t<div class=\"elementor-element elementor-element-5da7825 elementor-widget elementor-widget-text-editor\" data-id=\"5da7825\" data-element_type=\"widget\" data-widget_type=\"text-editor.default\">\n\t\t\t\t<div class=\"elementor-widget-container\">\n\t\t\t\t\t\t\t\t<div class=\"elementor-text-editor elementor-clearfix\">\n\t\t\t\t<div class=\"page\" title=\"Page 3\"><div class=\"layoutArea\"><div class=\"column\"><p>M\u00e9dium : laiton + cuivre + acier + moteur arduino<br \/>Dimension: Diam\u00e8tre 3m \/ hauteur 2m60<br \/>Ann\u00e9e : 2020<\/p><\/div><\/div><\/div>\t\t\t\t\t<\/div>\n\t\t\t\t\t\t<\/div>\n\t\t\t\t<\/div>\n\t\t\t\t\t\t<\/div>\n\t\t\t\t\t<\/div>\n\t\t<\/div>\n\t\t\t\t\t\t\t\t<\/div>\n\t\t\t\t\t<\/div>\n\t\t<\/section>\n\t\t\t\t<section class=\"elementor-section elementor-top-section elementor-element elementor-element-f425e96 elementor-section-boxed elementor-section-height-default elementor-section-height-default\" data-id=\"f425e96\" data-element_type=\"section\">\n\t\t\t\t\t\t<div class=\"elementor-container elementor-column-gap-default\">\n\t\t\t\t\t\t\t<div class=\"elementor-row\">\n\t\t\t\t\t<div class=\"elementor-column elementor-col-100 elementor-top-column elementor-element elementor-element-57cc483\" data-id=\"57cc483\" data-element_type=\"column\">\n\t\t\t<div class=\"elementor-column-wrap elementor-element-populated\">\n\t\t\t\t\t\t\t<div class=\"elementor-widget-wrap\">\n\t\t\t\t\t\t<div class=\"elementor-element elementor-element-25d51df elementor-align-center elementor-widget elementor-widget-button\" data-id=\"25d51df\" data-element_type=\"widget\" data-widget_type=\"button.default\">\n\t\t\t\t<div class=\"elementor-widget-container\">\n\t\t\t\t\t<div class=\"elementor-button-wrapper\">\n\t\t\t<a href=\"\/bijoux-espace\/\" class=\"elementor-button-link elementor-button elementor-size-sm\" role=\"button\">\n\t\t\t\t\t\t<span class=\"elementor-button-content-wrapper\">\n\t\t\t\t\t\t<span class=\"elementor-button-text\">Retour<\/span>\n\t\t<\/span>\n\t\t\t\t\t<\/a>\n\t\t<\/div>\n\t\t\t\t<\/div>\n\t\t\t\t<\/div>\n\t\t\t\t<div class=\"elementor-element elementor-element-cd62e6d elementor-widget elementor-widget-spacer\" data-id=\"cd62e6d\" data-element_type=\"widget\" data-widget_type=\"spacer.default\">\n\t\t\t\t<div class=\"elementor-widget-container\">\n\t\t\t\t\t<div class=\"elementor-spacer\">\n\t\t\t<div class=\"elementor-spacer-inner\"><\/div>\n\t\t<\/div>\n\t\t\t\t<\/div>\n\t\t\t\t<\/div>\n\t\t\t\t\t\t<\/div>\n\t\t\t\t\t<\/div>\n\t\t<\/div>\n\t\t\t\t\t\t\t\t<\/div>\n\t\t\t\t\t<\/div>\n\t\t<\/section>\n\t\t\t\t\t\t<\/div>\n\t\t\t\t\t\t<\/div>\n\t\t\t\t\t<\/div>\n\t\t","protected":false},"excerpt":{"rendered":"<p>La performance \u00ab Habit\u00e9e par les \u0153uvres cin\u00e9tiques de Calder et l\u2019art corporel hybride de Rebecca Horn, la performance me permet de donner vie \u00e0 mes sculptures de corps. La danse qui \u00e9l\u00e8ve le corps dans une forme d\u2019absolu, s\u2019impose \u00e0 moi comme une \u00e9vidence.\u00bb\u00a0La sculpture est danse, le corps est sculpture. Ensemble, ils dessinent &hellip;<\/p>\n","protected":false},"author":1,"featured_media":2972,"parent":0,"menu_order":0,"comment_status":"closed","ping_status":"closed","template":"","meta":[],"yoast_head":"<!-- This site is optimized with the Yoast SEO plugin v17.0 - https:\/\/yoast.com\/wordpress\/plugins\/seo\/ -->\n<title>BEYOND SENSES - Ambre Cardinal<\/title>\n<meta name=\"robots\" content=\"index, follow, max-snippet:-1, max-image-preview:large, max-video-preview:-1\" \/>\n<link rel=\"canonical\" href=\"https:\/\/ambrecardinal.com\/fr\/beyond-senses\/\" \/>\n<meta property=\"og:locale\" content=\"fr_FR\" \/>\n<meta property=\"og:type\" content=\"article\" \/>\n<meta property=\"og:title\" content=\"BEYOND SENSES - Ambre Cardinal\" \/>\n<meta property=\"og:description\" content=\"La performance \u00ab Habit\u00e9e par les \u0153uvres cin\u00e9tiques de Calder et l\u2019art corporel hybride de Rebecca Horn, la performance me permet de donner vie \u00e0 mes sculptures de corps. La danse qui \u00e9l\u00e8ve le corps dans une forme d\u2019absolu, s\u2019impose \u00e0 moi comme une \u00e9vidence.\u00bb\u00a0La sculpture est danse, le corps est sculpture. Ensemble, ils dessinent &hellip;\" \/>\n<meta property=\"og:url\" content=\"https:\/\/ambrecardinal.com\/fr\/beyond-senses\/\" \/>\n<meta property=\"og:site_name\" content=\"Ambre Cardinal\" \/>\n<meta property=\"article:modified_time\" content=\"2023-04-06T09:09:12+00:00\" \/>\n<meta property=\"og:image\" content=\"https:\/\/ambrecardinal.com\/wp-content\/uploads\/2021\/08\/suspension-sculpture-minimalist-art-laiton-mobile-ambre-cardinal.jpg\" \/>\n\t<meta property=\"og:image:width\" content=\"401\" \/>\n\t<meta property=\"og:image:height\" content=\"600\" \/>\n<meta name=\"twitter:card\" content=\"summary_large_image\" \/>\n<meta name=\"twitter:label1\" content=\"Dur\u00e9e de lecture est.\" \/>\n\t<meta name=\"twitter:data1\" content=\"2 minutes\" \/>\n<script type=\"application\/ld+json\" class=\"yoast-schema-graph\">{\"@context\":\"https:\/\/schema.org\",\"@graph\":[{\"@type\":\"WebSite\",\"@id\":\"https:\/\/ambrecardinal.com\/#website\",\"url\":\"https:\/\/ambrecardinal.com\/\",\"name\":\"Ambre Cardinal\",\"description\":\"Sculpture - art - Jewelry  -design\",\"potentialAction\":[{\"@type\":\"SearchAction\",\"target\":{\"@type\":\"EntryPoint\",\"urlTemplate\":\"https:\/\/ambrecardinal.com\/?s={search_term_string}\"},\"query-input\":\"required name=search_term_string\"}],\"inLanguage\":\"fr-FR\"},{\"@type\":\"ImageObject\",\"@id\":\"https:\/\/ambrecardinal.com\/beyond-senses\/#primaryimage\",\"inLanguage\":\"fr-FR\",\"url\":\"https:\/\/ambrecardinal.com\/wp-content\/uploads\/2021\/08\/suspension-sculpture-minimalist-art-laiton-mobile-ambre-cardinal.jpg\",\"contentUrl\":\"https:\/\/ambrecardinal.com\/wp-content\/uploads\/2021\/08\/suspension-sculpture-minimalist-art-laiton-mobile-ambre-cardinal.jpg\",\"width\":401,\"height\":600,\"caption\":\"suspension-sculpture-minimalist-art-laiton-mobile-ambre-cardinal\"},{\"@type\":\"WebPage\",\"@id\":\"https:\/\/ambrecardinal.com\/beyond-senses\/#webpage\",\"url\":\"https:\/\/ambrecardinal.com\/beyond-senses\/\",\"name\":\"BEYOND SENSES - Ambre Cardinal\",\"isPartOf\":{\"@id\":\"https:\/\/ambrecardinal.com\/#website\"},\"primaryImageOfPage\":{\"@id\":\"https:\/\/ambrecardinal.com\/beyond-senses\/#primaryimage\"},\"datePublished\":\"2021-08-23T22:32:10+00:00\",\"dateModified\":\"2023-04-06T09:09:12+00:00\",\"breadcrumb\":{\"@id\":\"https:\/\/ambrecardinal.com\/beyond-senses\/#breadcrumb\"},\"inLanguage\":\"fr-FR\",\"potentialAction\":[{\"@type\":\"ReadAction\",\"target\":[\"https:\/\/ambrecardinal.com\/beyond-senses\/\"]}]},{\"@type\":\"BreadcrumbList\",\"@id\":\"https:\/\/ambrecardinal.com\/beyond-senses\/#breadcrumb\",\"itemListElement\":[{\"@type\":\"ListItem\",\"position\":1,\"name\":\"Accueil\",\"item\":\"https:\/\/ambrecardinal.com\/\"},{\"@type\":\"ListItem\",\"position\":2,\"name\":\"BEYOND SENSES\"}]}]}<\/script>\n<!-- \/ Yoast SEO plugin. -->","yoast_head_json":{"title":"BEYOND SENSES - Ambre Cardinal","robots":{"index":"index","follow":"follow","max-snippet":"max-snippet:-1","max-image-preview":"max-image-preview:large","max-video-preview":"max-video-preview:-1"},"canonical":"https:\/\/ambrecardinal.com\/fr\/beyond-senses\/","og_locale":"fr_FR","og_type":"article","og_title":"BEYOND SENSES - Ambre Cardinal","og_description":"La performance \u00ab Habit\u00e9e par les \u0153uvres cin\u00e9tiques de Calder et l\u2019art corporel hybride de Rebecca Horn, la performance me permet de donner vie \u00e0 mes sculptures de corps. La danse qui \u00e9l\u00e8ve le corps dans une forme d\u2019absolu, s\u2019impose \u00e0 moi comme une \u00e9vidence.\u00bb\u00a0La sculpture est danse, le corps est sculpture. Ensemble, ils dessinent &hellip;","og_url":"https:\/\/ambrecardinal.com\/fr\/beyond-senses\/","og_site_name":"Ambre Cardinal","article_modified_time":"2023-04-06T09:09:12+00:00","og_image":[{"width":401,"height":600,"url":"https:\/\/ambrecardinal.com\/wp-content\/uploads\/2021\/08\/suspension-sculpture-minimalist-art-laiton-mobile-ambre-cardinal.jpg","path":"\/home\/ambrecarlm\/www\/wp-content\/uploads\/2021\/08\/suspension-sculpture-minimalist-art-laiton-mobile-ambre-cardinal.jpg","size":"full","id":2972,"alt":"","pixels":240600,"type":"image\/jpeg"}],"twitter_card":"summary_large_image","twitter_misc":{"Dur\u00e9e de lecture est.":"2 minutes"},"schema":{"@context":"https:\/\/schema.org","@graph":[{"@type":"WebSite","@id":"https:\/\/ambrecardinal.com\/#website","url":"https:\/\/ambrecardinal.com\/","name":"Ambre Cardinal","description":"Sculpture - art - Jewelry  -design","potentialAction":[{"@type":"SearchAction","target":{"@type":"EntryPoint","urlTemplate":"https:\/\/ambrecardinal.com\/?s={search_term_string}"},"query-input":"required name=search_term_string"}],"inLanguage":"fr-FR"},{"@type":"ImageObject","@id":"https:\/\/ambrecardinal.com\/beyond-senses\/#primaryimage","inLanguage":"fr-FR","url":"https:\/\/ambrecardinal.com\/wp-content\/uploads\/2021\/08\/suspension-sculpture-minimalist-art-laiton-mobile-ambre-cardinal.jpg","contentUrl":"https:\/\/ambrecardinal.com\/wp-content\/uploads\/2021\/08\/suspension-sculpture-minimalist-art-laiton-mobile-ambre-cardinal.jpg","width":401,"height":600,"caption":"suspension-sculpture-minimalist-art-laiton-mobile-ambre-cardinal"},{"@type":"WebPage","@id":"https:\/\/ambrecardinal.com\/beyond-senses\/#webpage","url":"https:\/\/ambrecardinal.com\/beyond-senses\/","name":"BEYOND SENSES - Ambre Cardinal","isPartOf":{"@id":"https:\/\/ambrecardinal.com\/#website"},"primaryImageOfPage":{"@id":"https:\/\/ambrecardinal.com\/beyond-senses\/#primaryimage"},"datePublished":"2021-08-23T22:32:10+00:00","dateModified":"2023-04-06T09:09:12+00:00","breadcrumb":{"@id":"https:\/\/ambrecardinal.com\/beyond-senses\/#breadcrumb"},"inLanguage":"fr-FR","potentialAction":[{"@type":"ReadAction","target":["https:\/\/ambrecardinal.com\/beyond-senses\/"]}]},{"@type":"BreadcrumbList","@id":"https:\/\/ambrecardinal.com\/beyond-senses\/#breadcrumb","itemListElement":[{"@type":"ListItem","position":1,"name":"Accueil","item":"https:\/\/ambrecardinal.com\/"},{"@type":"ListItem","position":2,"name":"BEYOND SENSES"}]}]}},"_links":{"self":[{"href":"https:\/\/ambrecardinal.com\/fr\/wp-json\/wp\/v2\/pages\/3176"}],"collection":[{"href":"https:\/\/ambrecardinal.com\/fr\/wp-json\/wp\/v2\/pages"}],"about":[{"href":"https:\/\/ambrecardinal.com\/fr\/wp-json\/wp\/v2\/types\/page"}],"author":[{"embeddable":true,"href":"https:\/\/ambrecardinal.com\/fr\/wp-json\/wp\/v2\/users\/1"}],"replies":[{"embeddable":true,"href":"https:\/\/ambrecardinal.com\/fr\/wp-json\/wp\/v2\/comments?post=3176"}],"version-history":[{"count":61,"href":"https:\/\/ambrecardinal.com\/fr\/wp-json\/wp\/v2\/pages\/3176\/revisions"}],"predecessor-version":[{"id":13728,"href":"https:\/\/ambrecardinal.com\/fr\/wp-json\/wp\/v2\/pages\/3176\/revisions\/13728"}],"wp:featuredmedia":[{"embeddable":true,"href":"https:\/\/ambrecardinal.com\/fr\/wp-json\/wp\/v2\/media\/2972"}],"wp:attachment":[{"href":"https:\/\/ambrecardinal.com\/fr\/wp-json\/wp\/v2\/media?parent=3176"}],"curies":[{"name":"wp","href":"https:\/\/api.w.org\/{rel}","templated":true}]}}