{"id":9529,"date":"2021-10-24T15:29:24","date_gmt":"2021-10-24T13:29:24","guid":{"rendered":"https:\/\/ambrecardinal.com\/?page_id=9529"},"modified":"2022-04-07T21:21:15","modified_gmt":"2022-04-07T19:21:15","slug":"corps-fluides","status":"publish","type":"page","link":"https:\/\/ambrecardinal.com\/en\/corps-fluides\/","title":{"rendered":"CORPS FLUIDES"},"content":{"rendered":"<div data-elementor-type=\"wp-page\" data-elementor-id=\"9529\" class=\"elementor elementor-9529\" data-elementor-settings=\"[]\">\n\t\t\t\t\t\t<div class=\"elementor-inner\">\n\t\t\t\t\t\t\t<div class=\"elementor-section-wrap\">\n\t\t\t\t\t\t\t<section class=\"elementor-section elementor-top-section elementor-element elementor-element-d9226f8 elementor-hidden-desktop elementor-section-boxed elementor-section-height-default elementor-section-height-default\" data-id=\"d9226f8\" data-element_type=\"section\">\n\t\t\t\t\t\t<div class=\"elementor-container elementor-column-gap-default\">\n\t\t\t\t\t\t\t<div class=\"elementor-row\">\n\t\t\t\t\t<div class=\"elementor-column elementor-col-100 elementor-top-column elementor-element elementor-element-e8c9bdb\" data-id=\"e8c9bdb\" data-element_type=\"column\">\n\t\t\t<div class=\"elementor-column-wrap elementor-element-populated\">\n\t\t\t\t\t\t\t<div class=\"elementor-widget-wrap\">\n\t\t\t\t\t\t<div class=\"elementor-element elementor-element-a1b9832 elementor-widget elementor-widget-image\" data-id=\"a1b9832\" data-element_type=\"widget\" data-widget_type=\"image.default\">\n\t\t\t\t<div class=\"elementor-widget-container\">\n\t\t\t\t\t\t\t\t<div class=\"elementor-image\">\n\t\t\t\t\t\t\t\t\t\t\t\t<img width=\"357\" height=\"1024\" src=\"https:\/\/ambrecardinal.com\/wp-content\/uploads\/2021\/12\/mobile-suspension-luminaire-ambre-cardinal-artiste-designer-artisanat-art-sculpture-lighting-357x1024.jpg\" class=\"attachment-large size-large\" alt=\"\" loading=\"lazy\" srcset=\"https:\/\/ambrecardinal.com\/wp-content\/uploads\/2021\/12\/mobile-suspension-luminaire-ambre-cardinal-artiste-designer-artisanat-art-sculpture-lighting-357x1024.jpg 357w, https:\/\/ambrecardinal.com\/wp-content\/uploads\/2021\/12\/mobile-suspension-luminaire-ambre-cardinal-artiste-designer-artisanat-art-sculpture-lighting-105x300.jpg 105w, https:\/\/ambrecardinal.com\/wp-content\/uploads\/2021\/12\/mobile-suspension-luminaire-ambre-cardinal-artiste-designer-artisanat-art-sculpture-lighting-536x1536.jpg 536w, https:\/\/ambrecardinal.com\/wp-content\/uploads\/2021\/12\/mobile-suspension-luminaire-ambre-cardinal-artiste-designer-artisanat-art-sculpture-lighting-8x24.jpg 8w, https:\/\/ambrecardinal.com\/wp-content\/uploads\/2021\/12\/mobile-suspension-luminaire-ambre-cardinal-artiste-designer-artisanat-art-sculpture-lighting-13x36.jpg 13w, https:\/\/ambrecardinal.com\/wp-content\/uploads\/2021\/12\/mobile-suspension-luminaire-ambre-cardinal-artiste-designer-artisanat-art-sculpture-lighting-17x48.jpg 17w, https:\/\/ambrecardinal.com\/wp-content\/uploads\/2021\/12\/mobile-suspension-luminaire-ambre-cardinal-artiste-designer-artisanat-art-sculpture-lighting-350x1003.jpg 350w, https:\/\/ambrecardinal.com\/wp-content\/uploads\/2021\/12\/mobile-suspension-luminaire-ambre-cardinal-artiste-designer-artisanat-art-sculpture-lighting.jpg 628w\" sizes=\"(max-width: 357px) 100vw, 357px\" \/>\t\t\t\t\t\t\t\t\t\t\t\t\t\t<\/div>\n\t\t\t\t\t\t<\/div>\n\t\t\t\t<\/div>\n\t\t\t\t\t\t<\/div>\n\t\t\t\t\t<\/div>\n\t\t<\/div>\n\t\t\t\t\t\t\t\t<\/div>\n\t\t\t\t\t<\/div>\n\t\t<\/section>\n\t\t\t\t<section class=\"elementor-section elementor-top-section elementor-element elementor-element-260fe5b elementor-hidden-tablet elementor-hidden-mobile elementor-section-boxed elementor-section-height-default elementor-section-height-default\" data-id=\"260fe5b\" data-element_type=\"section\">\n\t\t\t\t\t\t<div class=\"elementor-container elementor-column-gap-default\">\n\t\t\t\t\t\t\t<div class=\"elementor-row\">\n\t\t\t\t\t<div class=\"elementor-column elementor-col-100 elementor-top-column elementor-element elementor-element-930804a\" data-id=\"930804a\" data-element_type=\"column\">\n\t\t\t<div class=\"elementor-column-wrap elementor-element-populated\">\n\t\t\t\t\t\t\t<div class=\"elementor-widget-wrap\">\n\t\t\t\t\t\t<div class=\"elementor-element elementor-element-7dd977e elementor-widget elementor-widget-image\" data-id=\"7dd977e\" data-element_type=\"widget\" data-widget_type=\"image.default\">\n\t\t\t\t<div class=\"elementor-widget-container\">\n\t\t\t\t\t\t\t\t<div class=\"elementor-image\">\n\t\t\t\t\t\t\t\t\t\t\t\t<img width=\"628\" height=\"1800\" src=\"https:\/\/ambrecardinal.com\/wp-content\/uploads\/2021\/12\/mobile-suspension-luminaire-ambre-cardinal-artiste-designer-artisanat-art-sculpture-lighting.jpg\" class=\"attachment-full size-full\" alt=\"\" loading=\"lazy\" srcset=\"https:\/\/ambrecardinal.com\/wp-content\/uploads\/2021\/12\/mobile-suspension-luminaire-ambre-cardinal-artiste-designer-artisanat-art-sculpture-lighting.jpg 628w, https:\/\/ambrecardinal.com\/wp-content\/uploads\/2021\/12\/mobile-suspension-luminaire-ambre-cardinal-artiste-designer-artisanat-art-sculpture-lighting-105x300.jpg 105w, https:\/\/ambrecardinal.com\/wp-content\/uploads\/2021\/12\/mobile-suspension-luminaire-ambre-cardinal-artiste-designer-artisanat-art-sculpture-lighting-357x1024.jpg 357w, https:\/\/ambrecardinal.com\/wp-content\/uploads\/2021\/12\/mobile-suspension-luminaire-ambre-cardinal-artiste-designer-artisanat-art-sculpture-lighting-536x1536.jpg 536w, https:\/\/ambrecardinal.com\/wp-content\/uploads\/2021\/12\/mobile-suspension-luminaire-ambre-cardinal-artiste-designer-artisanat-art-sculpture-lighting-8x24.jpg 8w, https:\/\/ambrecardinal.com\/wp-content\/uploads\/2021\/12\/mobile-suspension-luminaire-ambre-cardinal-artiste-designer-artisanat-art-sculpture-lighting-13x36.jpg 13w, https:\/\/ambrecardinal.com\/wp-content\/uploads\/2021\/12\/mobile-suspension-luminaire-ambre-cardinal-artiste-designer-artisanat-art-sculpture-lighting-17x48.jpg 17w, https:\/\/ambrecardinal.com\/wp-content\/uploads\/2021\/12\/mobile-suspension-luminaire-ambre-cardinal-artiste-designer-artisanat-art-sculpture-lighting-350x1003.jpg 350w\" sizes=\"(max-width: 628px) 100vw, 628px\" \/>\t\t\t\t\t\t\t\t\t\t\t\t\t\t<\/div>\n\t\t\t\t\t\t<\/div>\n\t\t\t\t<\/div>\n\t\t\t\t\t\t<\/div>\n\t\t\t\t\t<\/div>\n\t\t<\/div>\n\t\t\t\t\t\t\t\t<\/div>\n\t\t\t\t\t<\/div>\n\t\t<\/section>\n\t\t\t\t<section class=\"elementor-section elementor-top-section elementor-element elementor-element-a60da8e elementor-section-boxed elementor-section-height-default elementor-section-height-default\" data-id=\"a60da8e\" data-element_type=\"section\">\n\t\t\t\t\t\t<div class=\"elementor-container elementor-column-gap-default\">\n\t\t\t\t\t\t\t<div class=\"elementor-row\">\n\t\t\t\t\t<div class=\"elementor-column elementor-col-100 elementor-top-column elementor-element elementor-element-fdf7726\" data-id=\"fdf7726\" data-element_type=\"column\">\n\t\t\t<div class=\"elementor-column-wrap elementor-element-populated\">\n\t\t\t\t\t\t\t<div class=\"elementor-widget-wrap\">\n\t\t\t\t\t\t<div class=\"elementor-element elementor-element-9eb02d8 elementor-widget elementor-widget-spacer\" data-id=\"9eb02d8\" data-element_type=\"widget\" data-widget_type=\"spacer.default\">\n\t\t\t\t<div class=\"elementor-widget-container\">\n\t\t\t\t\t<div class=\"elementor-spacer\">\n\t\t\t<div class=\"elementor-spacer-inner\"><\/div>\n\t\t<\/div>\n\t\t\t\t<\/div>\n\t\t\t\t<\/div>\n\t\t\t\t\t\t<\/div>\n\t\t\t\t\t<\/div>\n\t\t<\/div>\n\t\t\t\t\t\t\t\t<\/div>\n\t\t\t\t\t<\/div>\n\t\t<\/section>\n\t\t\t\t<section class=\"elementor-section elementor-top-section elementor-element elementor-element-fac65a1 elementor-section-boxed elementor-section-height-default elementor-section-height-default\" data-id=\"fac65a1\" data-element_type=\"section\">\n\t\t\t\t\t\t<div class=\"elementor-container elementor-column-gap-default\">\n\t\t\t\t\t\t\t<div class=\"elementor-row\">\n\t\t\t\t\t<div class=\"elementor-column elementor-col-100 elementor-top-column elementor-element elementor-element-5a7cb46\" data-id=\"5a7cb46\" data-element_type=\"column\">\n\t\t\t<div class=\"elementor-column-wrap elementor-element-populated\">\n\t\t\t\t\t\t\t<div class=\"elementor-widget-wrap\">\n\t\t\t\t\t\t<div class=\"elementor-element elementor-element-6b3cf99 elementor-widget-divider--view-line elementor-widget elementor-widget-divider\" data-id=\"6b3cf99\" data-element_type=\"widget\" data-widget_type=\"divider.default\">\n\t\t\t\t<div class=\"elementor-widget-container\">\n\t\t\t\t\t<div class=\"elementor-divider\">\n\t\t\t<span class=\"elementor-divider-separator\">\n\t\t\t\t\t\t<\/span>\n\t\t<\/div>\n\t\t\t\t<\/div>\n\t\t\t\t<\/div>\n\t\t\t\t\t\t<\/div>\n\t\t\t\t\t<\/div>\n\t\t<\/div>\n\t\t\t\t\t\t\t\t<\/div>\n\t\t\t\t\t<\/div>\n\t\t<\/section>\n\t\t\t\t<section class=\"elementor-section elementor-top-section elementor-element elementor-element-82c49a8 elementor-section-boxed elementor-section-height-default elementor-section-height-default\" data-id=\"82c49a8\" data-element_type=\"section\">\n\t\t\t\t\t\t<div class=\"elementor-container elementor-column-gap-default\">\n\t\t\t\t\t\t\t<div class=\"elementor-row\">\n\t\t\t\t\t<div class=\"elementor-column elementor-col-100 elementor-top-column elementor-element elementor-element-4352aab\" data-id=\"4352aab\" data-element_type=\"column\">\n\t\t\t<div class=\"elementor-column-wrap elementor-element-populated\">\n\t\t\t\t\t\t\t<div class=\"elementor-widget-wrap\">\n\t\t\t\t\t\t<div class=\"elementor-element elementor-element-afe779e elementor-widget elementor-widget-text-editor\" data-id=\"afe779e\" data-element_type=\"widget\" data-widget_type=\"text-editor.default\">\n\t\t\t\t<div class=\"elementor-widget-container\">\n\t\t\t\t\t\t\t\t<div class=\"elementor-text-editor elementor-clearfix\">\n\t\t\t\t<p>With heat-conducting materials like copper and brass, Fluid Bodies is a\u00a0sculpture diffusing a particular energy: light.\nFocusing on the relationship between shadow and light in her sculptural\u00a0practice, Ambre Cardinal has partnered\u00a0with L\u00e9anic Pujol to integrate this\u00a0invigorating energy into her work.\n\nThe abstract forms dance and intertwine with the air. The light wanders and creates a hypnotic spectacle in which the imagination is absorbed.<\/p><p>\u201cThere\u00a0is something magical when capturing the elusive light.\u201d<\/p><p style=\"text-align: right;\">\u201cYou\u00a0really appreciate how powerful light is after you go blind.\"\nSonia\u00a0Soberats,\u00a0blind\u00a0photographer<\/p>\t\t\t\t\t<\/div>\n\t\t\t\t\t\t<\/div>\n\t\t\t\t<\/div>\n\t\t\t\t\t\t<\/div>\n\t\t\t\t\t<\/div>\n\t\t<\/div>\n\t\t\t\t\t\t\t\t<\/div>\n\t\t\t\t\t<\/div>\n\t\t<\/section>\n\t\t\t\t<section class=\"elementor-section elementor-top-section elementor-element elementor-element-c69ec34 elementor-section-boxed elementor-section-height-default elementor-section-height-default\" data-id=\"c69ec34\" data-element_type=\"section\">\n\t\t\t\t\t\t<div class=\"elementor-container elementor-column-gap-default\">\n\t\t\t\t\t\t\t<div class=\"elementor-row\">\n\t\t\t\t\t<div class=\"elementor-column elementor-col-100 elementor-top-column elementor-element elementor-element-164d549\" data-id=\"164d549\" data-element_type=\"column\">\n\t\t\t<div class=\"elementor-column-wrap elementor-element-populated\">\n\t\t\t\t\t\t\t<div class=\"elementor-widget-wrap\">\n\t\t\t\t\t\t<div class=\"elementor-element elementor-element-89f040b elementor-widget-divider--view-line elementor-widget elementor-widget-divider\" data-id=\"89f040b\" data-element_type=\"widget\" data-widget_type=\"divider.default\">\n\t\t\t\t<div class=\"elementor-widget-container\">\n\t\t\t\t\t<div class=\"elementor-divider\">\n\t\t\t<span class=\"elementor-divider-separator\">\n\t\t\t\t\t\t<\/span>\n\t\t<\/div>\n\t\t\t\t<\/div>\n\t\t\t\t<\/div>\n\t\t\t\t\t\t<\/div>\n\t\t\t\t\t<\/div>\n\t\t<\/div>\n\t\t\t\t\t\t\t\t<\/div>\n\t\t\t\t\t<\/div>\n\t\t<\/section>\n\t\t\t\t<section class=\"elementor-section elementor-top-section elementor-element elementor-element-f8ee4eb elementor-section-boxed elementor-section-height-default elementor-section-height-default\" data-id=\"f8ee4eb\" data-element_type=\"section\">\n\t\t\t\t\t\t<div class=\"elementor-container elementor-column-gap-default\">\n\t\t\t\t\t\t\t<div class=\"elementor-row\">\n\t\t\t\t\t<div class=\"elementor-column elementor-col-100 elementor-top-column elementor-element elementor-element-1cf1e4e\" data-id=\"1cf1e4e\" data-element_type=\"column\">\n\t\t\t<div class=\"elementor-column-wrap elementor-element-populated\">\n\t\t\t\t\t\t\t<div class=\"elementor-widget-wrap\">\n\t\t\t\t\t\t<div class=\"elementor-element elementor-element-4dabf75 elementor-widget elementor-widget-spacer\" data-id=\"4dabf75\" data-element_type=\"widget\" data-widget_type=\"spacer.default\">\n\t\t\t\t<div class=\"elementor-widget-container\">\n\t\t\t\t\t<div class=\"elementor-spacer\">\n\t\t\t<div class=\"elementor-spacer-inner\"><\/div>\n\t\t<\/div>\n\t\t\t\t<\/div>\n\t\t\t\t<\/div>\n\t\t\t\t\t\t<\/div>\n\t\t\t\t\t<\/div>\n\t\t<\/div>\n\t\t\t\t\t\t\t\t<\/div>\n\t\t\t\t\t<\/div>\n\t\t<\/section>\n\t\t\t\t<section class=\"elementor-section elementor-top-section elementor-element elementor-element-b2efe51 elementor-section-boxed elementor-section-height-default elementor-section-height-default\" data-id=\"b2efe51\" data-element_type=\"section\">\n\t\t\t\t\t\t<div class=\"elementor-container elementor-column-gap-default\">\n\t\t\t\t\t\t\t<div class=\"elementor-row\">\n\t\t\t\t\t<div class=\"elementor-column elementor-col-100 elementor-top-column elementor-element elementor-element-5195925\" data-id=\"5195925\" data-element_type=\"column\">\n\t\t\t<div class=\"elementor-column-wrap elementor-element-populated\">\n\t\t\t\t\t\t\t<div class=\"elementor-widget-wrap\">\n\t\t\t\t\t\t<div class=\"elementor-element elementor-element-387523b elementor-widget-divider--view-line elementor-widget elementor-widget-divider\" data-id=\"387523b\" data-element_type=\"widget\" data-widget_type=\"divider.default\">\n\t\t\t\t<div class=\"elementor-widget-container\">\n\t\t\t\t\t<div class=\"elementor-divider\">\n\t\t\t<span class=\"elementor-divider-separator\">\n\t\t\t\t\t\t<\/span>\n\t\t<\/div>\n\t\t\t\t<\/div>\n\t\t\t\t<\/div>\n\t\t\t\t\t\t<\/div>\n\t\t\t\t\t<\/div>\n\t\t<\/div>\n\t\t\t\t\t\t\t\t<\/div>\n\t\t\t\t\t<\/div>\n\t\t<\/section>\n\t\t\t\t<section class=\"elementor-section elementor-top-section elementor-element elementor-element-4c1a9b3 elementor-section-boxed elementor-section-height-default elementor-section-height-default\" data-id=\"4c1a9b3\" data-element_type=\"section\">\n\t\t\t\t\t\t<div class=\"elementor-container elementor-column-gap-default\">\n\t\t\t\t\t\t\t<div class=\"elementor-row\">\n\t\t\t\t\t<div class=\"elementor-column elementor-col-100 elementor-top-column elementor-element elementor-element-3830852\" data-id=\"3830852\" data-element_type=\"column\">\n\t\t\t<div class=\"elementor-column-wrap elementor-element-populated\">\n\t\t\t\t\t\t\t<div class=\"elementor-widget-wrap\">\n\t\t\t\t\t\t<div class=\"elementor-element elementor-element-5da7825 elementor-widget elementor-widget-text-editor\" data-id=\"5da7825\" data-element_type=\"widget\" data-widget_type=\"text-editor.default\">\n\t\t\t\t<div class=\"elementor-widget-container\">\n\t\t\t\t\t\t\t\t<div class=\"elementor-text-editor elementor-clearfix\">\n\t\t\t\t<div class=\"page\" title=\"Page 3\"><div class=\"layoutArea\"><div class=\"column\"><p>Medium: brass + copper + neon flex + electric cable<br \/>Dimension: long 60cm \/ large 80 cm\u00a0<br \/>Year: 2021<\/p><\/div><\/div><\/div>\t\t\t\t\t<\/div>\n\t\t\t\t\t\t<\/div>\n\t\t\t\t<\/div>\n\t\t\t\t\t\t<\/div>\n\t\t\t\t\t<\/div>\n\t\t<\/div>\n\t\t\t\t\t\t\t\t<\/div>\n\t\t\t\t\t<\/div>\n\t\t<\/section>\n\t\t\t\t<section class=\"elementor-section elementor-top-section elementor-element elementor-element-f425e96 elementor-section-boxed elementor-section-height-default elementor-section-height-default\" data-id=\"f425e96\" data-element_type=\"section\">\n\t\t\t\t\t\t<div class=\"elementor-container elementor-column-gap-default\">\n\t\t\t\t\t\t\t<div class=\"elementor-row\">\n\t\t\t\t\t<div class=\"elementor-column elementor-col-100 elementor-top-column elementor-element elementor-element-57cc483\" data-id=\"57cc483\" data-element_type=\"column\">\n\t\t\t<div class=\"elementor-column-wrap elementor-element-populated\">\n\t\t\t\t\t\t\t<div class=\"elementor-widget-wrap\">\n\t\t\t\t\t\t<div class=\"elementor-element elementor-element-bcaa90a elementor-align-center elementor-tablet-align-center elementor-widget elementor-widget-button\" data-id=\"bcaa90a\" data-element_type=\"widget\" data-widget_type=\"button.default\">\n\t\t\t\t<div class=\"elementor-widget-container\">\n\t\t\t\t\t<div class=\"elementor-button-wrapper\">\n\t\t\t<a href=\"https:\/\/ambrecardinal.com\/en\/bijoux-espace\/\" class=\"elementor-button-link elementor-button elementor-size-sm\" role=\"button\">\n\t\t\t\t\t\t<span class=\"elementor-button-content-wrapper\">\n\t\t\t\t\t\t<span class=\"elementor-button-text\">Back<\/span>\n\t\t<\/span>\n\t\t\t\t\t<\/a>\n\t\t<\/div>\n\t\t\t\t<\/div>\n\t\t\t\t<\/div>\n\t\t\t\t<div class=\"elementor-element elementor-element-cd62e6d elementor-widget elementor-widget-spacer\" data-id=\"cd62e6d\" data-element_type=\"widget\" data-widget_type=\"spacer.default\">\n\t\t\t\t<div class=\"elementor-widget-container\">\n\t\t\t\t\t<div class=\"elementor-spacer\">\n\t\t\t<div class=\"elementor-spacer-inner\"><\/div>\n\t\t<\/div>\n\t\t\t\t<\/div>\n\t\t\t\t<\/div>\n\t\t\t\t\t\t<\/div>\n\t\t\t\t\t<\/div>\n\t\t<\/div>\n\t\t\t\t\t\t\t\t<\/div>\n\t\t\t\t\t<\/div>\n\t\t<\/section>\n\t\t\t\t\t\t<\/div>\n\t\t\t\t\t\t<\/div>\n\t\t\t\t\t<\/div>","protected":false},"excerpt":{"rendered":"<p>En cuivre et laiton, mati\u00e8res conductrices de chaleur, les corps fluides, sculptures connect\u00e9es, diffusent cette \u00e9nergie : la lumi\u00e8re. Intimement confront\u00e9e au rapport de l\u2019ombre et de la lumi\u00e8re dans sa pratique de la sculpture, Ambre Cardinal s\u2019est associ\u00e9e \u00e0 L\u00e9anic Pujol pour int\u00e9grer cette \u00e9nergie vivifiante \u00e0 son travail. Livr\u00e9es \u00e0 l\u2019air et au &hellip;<\/p>","protected":false},"author":1,"featured_media":2972,"parent":0,"menu_order":0,"comment_status":"closed","ping_status":"closed","template":"","meta":[],"yoast_head":"<!-- This site is optimized with the Yoast SEO plugin v17.0 - https:\/\/yoast.com\/wordpress\/plugins\/seo\/ -->\n<title>CORPS FLUIDES - Ambre Cardinal<\/title>\n<meta name=\"robots\" content=\"index, follow, max-snippet:-1, max-image-preview:large, max-video-preview:-1\" \/>\n<link rel=\"canonical\" href=\"https:\/\/ambrecardinal.com\/en\/corps-fluides\/\" \/>\n<meta property=\"og:locale\" content=\"en_US\" \/>\n<meta property=\"og:type\" content=\"article\" \/>\n<meta property=\"og:title\" content=\"CORPS FLUIDES - Ambre Cardinal\" \/>\n<meta property=\"og:description\" content=\"En cuivre et laiton, mati\u00e8res conductrices de chaleur, les corps fluides, sculptures connect\u00e9es, diffusent cette \u00e9nergie : la lumi\u00e8re. Intimement confront\u00e9e au rapport de l\u2019ombre et de la lumi\u00e8re dans sa pratique de la sculpture, Ambre Cardinal s\u2019est associ\u00e9e \u00e0 L\u00e9anic Pujol pour int\u00e9grer cette \u00e9nergie vivifiante \u00e0 son travail. Livr\u00e9es \u00e0 l\u2019air et au &hellip;\" \/>\n<meta property=\"og:url\" content=\"https:\/\/ambrecardinal.com\/en\/corps-fluides\/\" \/>\n<meta property=\"og:site_name\" content=\"Ambre Cardinal\" \/>\n<meta property=\"article:modified_time\" content=\"2022-04-07T19:21:15+00:00\" \/>\n<meta property=\"og:image\" content=\"https:\/\/ambrecardinal.com\/wp-content\/uploads\/2021\/08\/suspension-sculpture-minimalist-art-laiton-mobile-ambre-cardinal.jpg\" \/>\n\t<meta property=\"og:image:width\" content=\"401\" \/>\n\t<meta property=\"og:image:height\" content=\"600\" \/>\n<meta name=\"twitter:card\" content=\"summary_large_image\" \/>\n<meta name=\"twitter:label1\" content=\"Est. reading time\" \/>\n\t<meta name=\"twitter:data1\" content=\"1 minute\" \/>\n<script type=\"application\/ld+json\" class=\"yoast-schema-graph\">{\"@context\":\"https:\/\/schema.org\",\"@graph\":[{\"@type\":\"WebSite\",\"@id\":\"https:\/\/ambrecardinal.com\/#website\",\"url\":\"https:\/\/ambrecardinal.com\/\",\"name\":\"Ambre Cardinal\",\"description\":\"Sculpture - art - Jewelry  -design\",\"potentialAction\":[{\"@type\":\"SearchAction\",\"target\":{\"@type\":\"EntryPoint\",\"urlTemplate\":\"https:\/\/ambrecardinal.com\/?s={search_term_string}\"},\"query-input\":\"required name=search_term_string\"}],\"inLanguage\":\"en-US\"},{\"@type\":\"ImageObject\",\"@id\":\"https:\/\/ambrecardinal.com\/corps-fluides\/#primaryimage\",\"inLanguage\":\"en-US\",\"url\":\"https:\/\/ambrecardinal.com\/wp-content\/uploads\/2021\/08\/suspension-sculpture-minimalist-art-laiton-mobile-ambre-cardinal.jpg\",\"contentUrl\":\"https:\/\/ambrecardinal.com\/wp-content\/uploads\/2021\/08\/suspension-sculpture-minimalist-art-laiton-mobile-ambre-cardinal.jpg\",\"width\":401,\"height\":600,\"caption\":\"suspension-sculpture-minimalist-art-laiton-mobile-ambre-cardinal\"},{\"@type\":\"WebPage\",\"@id\":\"https:\/\/ambrecardinal.com\/corps-fluides\/#webpage\",\"url\":\"https:\/\/ambrecardinal.com\/corps-fluides\/\",\"name\":\"CORPS FLUIDES - Ambre Cardinal\",\"isPartOf\":{\"@id\":\"https:\/\/ambrecardinal.com\/#website\"},\"primaryImageOfPage\":{\"@id\":\"https:\/\/ambrecardinal.com\/corps-fluides\/#primaryimage\"},\"datePublished\":\"2021-10-24T13:29:24+00:00\",\"dateModified\":\"2022-04-07T19:21:15+00:00\",\"breadcrumb\":{\"@id\":\"https:\/\/ambrecardinal.com\/corps-fluides\/#breadcrumb\"},\"inLanguage\":\"en-US\",\"potentialAction\":[{\"@type\":\"ReadAction\",\"target\":[\"https:\/\/ambrecardinal.com\/corps-fluides\/\"]}]},{\"@type\":\"BreadcrumbList\",\"@id\":\"https:\/\/ambrecardinal.com\/corps-fluides\/#breadcrumb\",\"itemListElement\":[{\"@type\":\"ListItem\",\"position\":1,\"name\":\"Accueil\",\"item\":\"https:\/\/ambrecardinal.com\/\"},{\"@type\":\"ListItem\",\"position\":2,\"name\":\"CORPS FLUIDES\"}]}]}<\/script>\n<!-- \/ Yoast SEO plugin. -->","yoast_head_json":{"title":"CORPS FLUIDES - Ambre Cardinal","robots":{"index":"index","follow":"follow","max-snippet":"max-snippet:-1","max-image-preview":"max-image-preview:large","max-video-preview":"max-video-preview:-1"},"canonical":"https:\/\/ambrecardinal.com\/en\/corps-fluides\/","og_locale":"en_US","og_type":"article","og_title":"CORPS FLUIDES - Ambre Cardinal","og_description":"En cuivre et laiton, mati\u00e8res conductrices de chaleur, les corps fluides, sculptures connect\u00e9es, diffusent cette \u00e9nergie : la lumi\u00e8re. Intimement confront\u00e9e au rapport de l\u2019ombre et de la lumi\u00e8re dans sa pratique de la sculpture, Ambre Cardinal s\u2019est associ\u00e9e \u00e0 L\u00e9anic Pujol pour int\u00e9grer cette \u00e9nergie vivifiante \u00e0 son travail. Livr\u00e9es \u00e0 l\u2019air et au &hellip;","og_url":"https:\/\/ambrecardinal.com\/en\/corps-fluides\/","og_site_name":"Ambre Cardinal","article_modified_time":"2022-04-07T19:21:15+00:00","og_image":[{"width":401,"height":600,"url":"https:\/\/ambrecardinal.com\/wp-content\/uploads\/2021\/08\/suspension-sculpture-minimalist-art-laiton-mobile-ambre-cardinal.jpg","path":"\/home\/ambrecarlm\/www\/wp-content\/uploads\/2021\/08\/suspension-sculpture-minimalist-art-laiton-mobile-ambre-cardinal.jpg","size":"full","id":2972,"alt":"","pixels":240600,"type":"image\/jpeg"}],"twitter_card":"summary_large_image","twitter_misc":{"Est. reading time":"1 minute"},"schema":{"@context":"https:\/\/schema.org","@graph":[{"@type":"WebSite","@id":"https:\/\/ambrecardinal.com\/#website","url":"https:\/\/ambrecardinal.com\/","name":"Ambre Cardinal","description":"Sculpture - art - Jewelry  -design","potentialAction":[{"@type":"SearchAction","target":{"@type":"EntryPoint","urlTemplate":"https:\/\/ambrecardinal.com\/?s={search_term_string}"},"query-input":"required name=search_term_string"}],"inLanguage":"en-US"},{"@type":"ImageObject","@id":"https:\/\/ambrecardinal.com\/corps-fluides\/#primaryimage","inLanguage":"en-US","url":"https:\/\/ambrecardinal.com\/wp-content\/uploads\/2021\/08\/suspension-sculpture-minimalist-art-laiton-mobile-ambre-cardinal.jpg","contentUrl":"https:\/\/ambrecardinal.com\/wp-content\/uploads\/2021\/08\/suspension-sculpture-minimalist-art-laiton-mobile-ambre-cardinal.jpg","width":401,"height":600,"caption":"suspension-sculpture-minimalist-art-laiton-mobile-ambre-cardinal"},{"@type":"WebPage","@id":"https:\/\/ambrecardinal.com\/corps-fluides\/#webpage","url":"https:\/\/ambrecardinal.com\/corps-fluides\/","name":"CORPS FLUIDES - Ambre Cardinal","isPartOf":{"@id":"https:\/\/ambrecardinal.com\/#website"},"primaryImageOfPage":{"@id":"https:\/\/ambrecardinal.com\/corps-fluides\/#primaryimage"},"datePublished":"2021-10-24T13:29:24+00:00","dateModified":"2022-04-07T19:21:15+00:00","breadcrumb":{"@id":"https:\/\/ambrecardinal.com\/corps-fluides\/#breadcrumb"},"inLanguage":"en-US","potentialAction":[{"@type":"ReadAction","target":["https:\/\/ambrecardinal.com\/corps-fluides\/"]}]},{"@type":"BreadcrumbList","@id":"https:\/\/ambrecardinal.com\/corps-fluides\/#breadcrumb","itemListElement":[{"@type":"ListItem","position":1,"name":"Accueil","item":"https:\/\/ambrecardinal.com\/"},{"@type":"ListItem","position":2,"name":"CORPS FLUIDES"}]}]}},"_links":{"self":[{"href":"https:\/\/ambrecardinal.com\/en\/wp-json\/wp\/v2\/pages\/9529"}],"collection":[{"href":"https:\/\/ambrecardinal.com\/en\/wp-json\/wp\/v2\/pages"}],"about":[{"href":"https:\/\/ambrecardinal.com\/en\/wp-json\/wp\/v2\/types\/page"}],"author":[{"embeddable":true,"href":"https:\/\/ambrecardinal.com\/en\/wp-json\/wp\/v2\/users\/1"}],"replies":[{"embeddable":true,"href":"https:\/\/ambrecardinal.com\/en\/wp-json\/wp\/v2\/comments?post=9529"}],"version-history":[{"count":19,"href":"https:\/\/ambrecardinal.com\/en\/wp-json\/wp\/v2\/pages\/9529\/revisions"}],"predecessor-version":[{"id":13579,"href":"https:\/\/ambrecardinal.com\/en\/wp-json\/wp\/v2\/pages\/9529\/revisions\/13579"}],"wp:featuredmedia":[{"embeddable":true,"href":"https:\/\/ambrecardinal.com\/en\/wp-json\/wp\/v2\/media\/2972"}],"wp:attachment":[{"href":"https:\/\/ambrecardinal.com\/en\/wp-json\/wp\/v2\/media?parent=9529"}],"curies":[{"name":"wp","href":"https:\/\/api.w.org\/{rel}","templated":true}]}}