{"id":6330,"date":"2021-09-13T21:35:09","date_gmt":"2021-09-13T19:35:09","guid":{"rendered":"https:\/\/ambrecardinal.com\/?page_id=6330"},"modified":"2022-04-07T21:25:04","modified_gmt":"2022-04-07T19:25:04","slug":"okimono","status":"publish","type":"page","link":"https:\/\/ambrecardinal.com\/en\/okimono\/","title":{"rendered":"OKIMONO"},"content":{"rendered":"<div data-elementor-type=\"wp-page\" data-elementor-id=\"6330\" class=\"elementor elementor-6330\" data-elementor-settings=\"[]\">\n\t\t\t\t\t\t<div class=\"elementor-inner\">\n\t\t\t\t\t\t\t<div class=\"elementor-section-wrap\">\n\t\t\t\t\t\t\t<section class=\"elementor-section elementor-top-section elementor-element elementor-element-ec1bf64 elementor-hidden-desktop elementor-section-boxed elementor-section-height-default elementor-section-height-default\" data-id=\"ec1bf64\" data-element_type=\"section\">\n\t\t\t\t\t\t<div class=\"elementor-container elementor-column-gap-default\">\n\t\t\t\t\t\t\t<div class=\"elementor-row\">\n\t\t\t\t\t<div class=\"elementor-column elementor-col-100 elementor-top-column elementor-element elementor-element-bbbc2e2\" data-id=\"bbbc2e2\" data-element_type=\"column\">\n\t\t\t<div class=\"elementor-column-wrap elementor-element-populated\">\n\t\t\t\t\t\t\t<div class=\"elementor-widget-wrap\">\n\t\t\t\t\t\t<div class=\"elementor-element elementor-element-58133e1 elementor-widget elementor-widget-image\" data-id=\"58133e1\" data-element_type=\"widget\" data-widget_type=\"image.default\">\n\t\t\t\t<div class=\"elementor-widget-container\">\n\t\t\t\t\t\t\t\t<div class=\"elementor-image\">\n\t\t\t\t\t\t\t\t\t\t\t\t<img width=\"395\" height=\"1024\" src=\"https:\/\/ambrecardinal.com\/wp-content\/uploads\/2021\/09\/encensoir-objet-design-art-craft-ambrecardinal-395x1024.jpg\" class=\"attachment-large size-large\" alt=\"\" loading=\"lazy\" srcset=\"https:\/\/ambrecardinal.com\/wp-content\/uploads\/2021\/09\/encensoir-objet-design-art-craft-ambrecardinal-395x1024.jpg 395w, https:\/\/ambrecardinal.com\/wp-content\/uploads\/2021\/09\/encensoir-objet-design-art-craft-ambrecardinal-116x300.jpg 116w, https:\/\/ambrecardinal.com\/wp-content\/uploads\/2021\/09\/encensoir-objet-design-art-craft-ambrecardinal-768x1993.jpg 768w, https:\/\/ambrecardinal.com\/wp-content\/uploads\/2021\/09\/encensoir-objet-design-art-craft-ambrecardinal-592x1536.jpg 592w, https:\/\/ambrecardinal.com\/wp-content\/uploads\/2021\/09\/encensoir-objet-design-art-craft-ambrecardinal-789x2048.jpg 789w, https:\/\/ambrecardinal.com\/wp-content\/uploads\/2021\/09\/encensoir-objet-design-art-craft-ambrecardinal-9x24.jpg 9w, https:\/\/ambrecardinal.com\/wp-content\/uploads\/2021\/09\/encensoir-objet-design-art-craft-ambrecardinal-14x36.jpg 14w, https:\/\/ambrecardinal.com\/wp-content\/uploads\/2021\/09\/encensoir-objet-design-art-craft-ambrecardinal-18x48.jpg 18w, https:\/\/ambrecardinal.com\/wp-content\/uploads\/2021\/09\/encensoir-objet-design-art-craft-ambrecardinal-350x908.jpg 350w, https:\/\/ambrecardinal.com\/wp-content\/uploads\/2021\/09\/encensoir-objet-design-art-craft-ambrecardinal-680x1765.jpg 680w\" sizes=\"(max-width: 395px) 100vw, 395px\" \/>\t\t\t\t\t\t\t\t\t\t\t\t\t\t<\/div>\n\t\t\t\t\t\t<\/div>\n\t\t\t\t<\/div>\n\t\t\t\t\t\t<\/div>\n\t\t\t\t\t<\/div>\n\t\t<\/div>\n\t\t\t\t\t\t\t\t<\/div>\n\t\t\t\t\t<\/div>\n\t\t<\/section>\n\t\t\t\t<section class=\"elementor-section elementor-top-section elementor-element elementor-element-e12a14f elementor-hidden-tablet elementor-hidden-mobile elementor-section-boxed elementor-section-height-default elementor-section-height-default\" data-id=\"e12a14f\" data-element_type=\"section\">\n\t\t\t\t\t\t<div class=\"elementor-container elementor-column-gap-default\">\n\t\t\t\t\t\t\t<div class=\"elementor-row\">\n\t\t\t\t\t<div class=\"elementor-column elementor-col-100 elementor-top-column elementor-element elementor-element-baf241c\" data-id=\"baf241c\" data-element_type=\"column\">\n\t\t\t<div class=\"elementor-column-wrap elementor-element-populated\">\n\t\t\t\t\t\t\t<div class=\"elementor-widget-wrap\">\n\t\t\t\t\t\t<div class=\"elementor-element elementor-element-50e9261 elementor-widget elementor-widget-image\" data-id=\"50e9261\" data-element_type=\"widget\" data-widget_type=\"image.default\">\n\t\t\t\t<div class=\"elementor-widget-container\">\n\t\t\t\t\t\t\t\t<div class=\"elementor-image\">\n\t\t\t\t\t\t\t\t\t\t\t\t<img width=\"986\" height=\"2560\" src=\"https:\/\/ambrecardinal.com\/wp-content\/uploads\/2021\/09\/encensoir-objet-design-art-craft-ambrecardinal-scaled.jpg\" class=\"attachment-full size-full\" alt=\"\" loading=\"lazy\" srcset=\"https:\/\/ambrecardinal.com\/wp-content\/uploads\/2021\/09\/encensoir-objet-design-art-craft-ambrecardinal-scaled.jpg 986w, https:\/\/ambrecardinal.com\/wp-content\/uploads\/2021\/09\/encensoir-objet-design-art-craft-ambrecardinal-116x300.jpg 116w, https:\/\/ambrecardinal.com\/wp-content\/uploads\/2021\/09\/encensoir-objet-design-art-craft-ambrecardinal-768x1993.jpg 768w, https:\/\/ambrecardinal.com\/wp-content\/uploads\/2021\/09\/encensoir-objet-design-art-craft-ambrecardinal-592x1536.jpg 592w, https:\/\/ambrecardinal.com\/wp-content\/uploads\/2021\/09\/encensoir-objet-design-art-craft-ambrecardinal-789x2048.jpg 789w, https:\/\/ambrecardinal.com\/wp-content\/uploads\/2021\/09\/encensoir-objet-design-art-craft-ambrecardinal-9x24.jpg 9w, https:\/\/ambrecardinal.com\/wp-content\/uploads\/2021\/09\/encensoir-objet-design-art-craft-ambrecardinal-14x36.jpg 14w, https:\/\/ambrecardinal.com\/wp-content\/uploads\/2021\/09\/encensoir-objet-design-art-craft-ambrecardinal-18x48.jpg 18w, https:\/\/ambrecardinal.com\/wp-content\/uploads\/2021\/09\/encensoir-objet-design-art-craft-ambrecardinal-350x908.jpg 350w, https:\/\/ambrecardinal.com\/wp-content\/uploads\/2021\/09\/encensoir-objet-design-art-craft-ambrecardinal-680x1765.jpg 680w\" sizes=\"(max-width: 986px) 100vw, 986px\" \/>\t\t\t\t\t\t\t\t\t\t\t\t\t\t<\/div>\n\t\t\t\t\t\t<\/div>\n\t\t\t\t<\/div>\n\t\t\t\t\t\t<\/div>\n\t\t\t\t\t<\/div>\n\t\t<\/div>\n\t\t\t\t\t\t\t\t<\/div>\n\t\t\t\t\t<\/div>\n\t\t<\/section>\n\t\t\t\t<section class=\"elementor-section elementor-top-section elementor-element elementor-element-724ce47 elementor-section-boxed elementor-section-height-default elementor-section-height-default\" data-id=\"724ce47\" data-element_type=\"section\">\n\t\t\t\t\t\t<div class=\"elementor-container elementor-column-gap-default\">\n\t\t\t\t\t\t\t<div class=\"elementor-row\">\n\t\t\t\t\t<div class=\"elementor-column elementor-col-100 elementor-top-column elementor-element elementor-element-8b41663\" data-id=\"8b41663\" data-element_type=\"column\">\n\t\t\t<div class=\"elementor-column-wrap elementor-element-populated\">\n\t\t\t\t\t\t\t<div class=\"elementor-widget-wrap\">\n\t\t\t\t\t\t<div class=\"elementor-element elementor-element-ab7b44a elementor-widget-divider--view-line elementor-widget elementor-widget-divider\" data-id=\"ab7b44a\" data-element_type=\"widget\" data-widget_type=\"divider.default\">\n\t\t\t\t<div class=\"elementor-widget-container\">\n\t\t\t\t\t<div class=\"elementor-divider\">\n\t\t\t<span class=\"elementor-divider-separator\">\n\t\t\t\t\t\t<\/span>\n\t\t<\/div>\n\t\t\t\t<\/div>\n\t\t\t\t<\/div>\n\t\t\t\t\t\t<\/div>\n\t\t\t\t\t<\/div>\n\t\t<\/div>\n\t\t\t\t\t\t\t\t<\/div>\n\t\t\t\t\t<\/div>\n\t\t<\/section>\n\t\t\t\t<section class=\"elementor-section elementor-top-section elementor-element elementor-element-72a88ca elementor-section-boxed elementor-section-height-default elementor-section-height-default\" data-id=\"72a88ca\" data-element_type=\"section\">\n\t\t\t\t\t\t<div class=\"elementor-container elementor-column-gap-default\">\n\t\t\t\t\t\t\t<div class=\"elementor-row\">\n\t\t\t\t\t<div class=\"elementor-column elementor-col-100 elementor-top-column elementor-element elementor-element-d9cb8c0\" data-id=\"d9cb8c0\" data-element_type=\"column\">\n\t\t\t<div class=\"elementor-column-wrap elementor-element-populated\">\n\t\t\t\t\t\t\t<div class=\"elementor-widget-wrap\">\n\t\t\t\t\t\t<div class=\"elementor-element elementor-element-ddd4fae elementor-widget elementor-widget-text-editor\" data-id=\"ddd4fae\" data-element_type=\"widget\" data-widget_type=\"text-editor.default\">\n\t\t\t\t<div class=\"elementor-widget-container\">\n\t\t\t\t\t\t\t\t<div class=\"elementor-text-editor elementor-clearfix\">\n\t\t\t\t<p style=\"margin: 0cm 0cm 0.0001pt; font-size: 12pt; font-family: 'Times New Roman'; color: #000000;\"><span style=\"font-family: 'Gowun Dodum'; font-size: 14pt; color: #808080;\">The\u00a0Okimono\u00a0series\u00a0are jewelry for the house. The collection is designed\u00a0to nestle in the heart of the house, in its temple, a space reminiscent of\u00a0Japanese Tokonoma, an alcove\u00a0with a slightly raised floor welcoming refined\u00a0objects. At an intersection of craftsmanship, art, sacredness, hanging ornaments, holders of incense and flowers; they accompany\u00a0everyday life with\u00a0their tranquil presence. Inspired by a refined lifestyle, they transform our everyday\u00a0routines into rituals.<\/span><\/p><p style=\"margin: 0cm 0cm 0.0001pt; font-size: 12pt; font-family: 'Times New Roman'; color: #000000;\"><span style=\"font-family: 'Gowun Dodum'; color: #808080; background-image: initial; background-position: initial; background-size: initial; background-repeat: initial; background-attachment: initial; background-origin: initial; background-clip: initial; font-size: 14pt;\">\u00a0<\/span><\/p><p style=\"margin: 0cm 0cm 0.0001pt; font-size: 12pt; font-family: 'Times New Roman'; color: #000000;\"><span style=\"font-family: 'Gowun Dodum'; color: #808080; background-image: initial; background-position: initial; background-size: initial; background-repeat: initial; background-attachment: initial; background-origin: initial; background-clip: initial; font-size: 14pt;\">\u201cI designed these objects as companions to celebrate the moment.\u201d<\/span><\/p>\t\t\t\t\t<\/div>\n\t\t\t\t\t\t<\/div>\n\t\t\t\t<\/div>\n\t\t\t\t\t\t<\/div>\n\t\t\t\t\t<\/div>\n\t\t<\/div>\n\t\t\t\t\t\t\t\t<\/div>\n\t\t\t\t\t<\/div>\n\t\t<\/section>\n\t\t\t\t<section class=\"elementor-section elementor-top-section elementor-element elementor-element-aa89201 elementor-section-boxed elementor-section-height-default elementor-section-height-default\" data-id=\"aa89201\" data-element_type=\"section\">\n\t\t\t\t\t\t<div class=\"elementor-container elementor-column-gap-default\">\n\t\t\t\t\t\t\t<div class=\"elementor-row\">\n\t\t\t\t\t<div class=\"elementor-column elementor-col-100 elementor-top-column elementor-element elementor-element-3e97e9e\" data-id=\"3e97e9e\" data-element_type=\"column\">\n\t\t\t<div class=\"elementor-column-wrap elementor-element-populated\">\n\t\t\t\t\t\t\t<div class=\"elementor-widget-wrap\">\n\t\t\t\t\t\t<div class=\"elementor-element elementor-element-34c4814 elementor-widget-divider--view-line elementor-widget elementor-widget-divider\" data-id=\"34c4814\" data-element_type=\"widget\" data-widget_type=\"divider.default\">\n\t\t\t\t<div class=\"elementor-widget-container\">\n\t\t\t\t\t<div class=\"elementor-divider\">\n\t\t\t<span class=\"elementor-divider-separator\">\n\t\t\t\t\t\t<\/span>\n\t\t<\/div>\n\t\t\t\t<\/div>\n\t\t\t\t<\/div>\n\t\t\t\t\t\t<\/div>\n\t\t\t\t\t<\/div>\n\t\t<\/div>\n\t\t\t\t\t\t\t\t<\/div>\n\t\t\t\t\t<\/div>\n\t\t<\/section>\n\t\t\t\t<section class=\"elementor-section elementor-top-section elementor-element elementor-element-4137a15 elementor-section-boxed elementor-section-height-default elementor-section-height-default\" data-id=\"4137a15\" data-element_type=\"section\">\n\t\t\t\t\t\t<div class=\"elementor-container elementor-column-gap-default\">\n\t\t\t\t\t\t\t<div class=\"elementor-row\">\n\t\t\t\t\t<div class=\"elementor-column elementor-col-100 elementor-top-column elementor-element elementor-element-bb12b0a\" data-id=\"bb12b0a\" data-element_type=\"column\">\n\t\t\t<div class=\"elementor-column-wrap elementor-element-populated\">\n\t\t\t\t\t\t\t<div class=\"elementor-widget-wrap\">\n\t\t\t\t\t\t<div class=\"elementor-element elementor-element-f25bf01 elementor-widget-divider--view-line elementor-widget elementor-widget-divider\" data-id=\"f25bf01\" data-element_type=\"widget\" data-widget_type=\"divider.default\">\n\t\t\t\t<div class=\"elementor-widget-container\">\n\t\t\t\t\t<div class=\"elementor-divider\">\n\t\t\t<span class=\"elementor-divider-separator\">\n\t\t\t\t\t\t<\/span>\n\t\t<\/div>\n\t\t\t\t<\/div>\n\t\t\t\t<\/div>\n\t\t\t\t\t\t<\/div>\n\t\t\t\t\t<\/div>\n\t\t<\/div>\n\t\t\t\t\t\t\t\t<\/div>\n\t\t\t\t\t<\/div>\n\t\t<\/section>\n\t\t\t\t<section class=\"elementor-section elementor-top-section elementor-element elementor-element-c0bec95 elementor-section-boxed elementor-section-height-default elementor-section-height-default\" data-id=\"c0bec95\" data-element_type=\"section\">\n\t\t\t\t\t\t<div class=\"elementor-container elementor-column-gap-default\">\n\t\t\t\t\t\t\t<div class=\"elementor-row\">\n\t\t\t\t\t<div class=\"elementor-column elementor-col-100 elementor-top-column elementor-element elementor-element-7dc4af9\" data-id=\"7dc4af9\" data-element_type=\"column\">\n\t\t\t<div class=\"elementor-column-wrap elementor-element-populated\">\n\t\t\t\t\t\t\t<div class=\"elementor-widget-wrap\">\n\t\t\t\t\t\t<div class=\"elementor-element elementor-element-d14576d elementor-widget elementor-widget-text-editor\" data-id=\"d14576d\" data-element_type=\"widget\" data-widget_type=\"text-editor.default\">\n\t\t\t\t<div class=\"elementor-widget-container\">\n\t\t\t\t\t\t\t\t<div class=\"elementor-text-editor elementor-clearfix\">\n\t\t\t\t<p>Medium: brass + copper\u00a0<br \/>Size: Various<br \/>Year: 2020<\/p>\t\t\t\t\t<\/div>\n\t\t\t\t\t\t<\/div>\n\t\t\t\t<\/div>\n\t\t\t\t\t\t<\/div>\n\t\t\t\t\t<\/div>\n\t\t<\/div>\n\t\t\t\t\t\t\t\t<\/div>\n\t\t\t\t\t<\/div>\n\t\t<\/section>\n\t\t\t\t<section class=\"elementor-section elementor-top-section elementor-element elementor-element-ae574ec elementor-section-boxed elementor-section-height-default elementor-section-height-default\" data-id=\"ae574ec\" data-element_type=\"section\">\n\t\t\t\t\t\t<div class=\"elementor-container elementor-column-gap-default\">\n\t\t\t\t\t\t\t<div class=\"elementor-row\">\n\t\t\t\t\t<div class=\"elementor-column elementor-col-100 elementor-top-column elementor-element elementor-element-87aaeec\" data-id=\"87aaeec\" data-element_type=\"column\">\n\t\t\t<div class=\"elementor-column-wrap elementor-element-populated\">\n\t\t\t\t\t\t\t<div class=\"elementor-widget-wrap\">\n\t\t\t\t\t\t<div class=\"elementor-element elementor-element-f24b8bb elementor-align-center elementor-widget elementor-widget-button\" data-id=\"f24b8bb\" data-element_type=\"widget\" data-widget_type=\"button.default\">\n\t\t\t\t<div class=\"elementor-widget-container\">\n\t\t\t\t\t<div class=\"elementor-button-wrapper\">\n\t\t\t<a href=\"https:\/\/ambrecardinal.com\/en\/bijoux-espace\/\" class=\"elementor-button-link elementor-button elementor-size-sm\" role=\"button\">\n\t\t\t\t\t\t<span class=\"elementor-button-content-wrapper\">\n\t\t\t\t\t\t<span class=\"elementor-button-text\">Click here<\/span>\n\t\t<\/span>\n\t\t\t\t\t<\/a>\n\t\t<\/div>\n\t\t\t\t<\/div>\n\t\t\t\t<\/div>\n\t\t\t\t\t\t<\/div>\n\t\t\t\t\t<\/div>\n\t\t<\/div>\n\t\t\t\t\t\t\t\t<\/div>\n\t\t\t\t\t<\/div>\n\t\t<\/section>\n\t\t\t\t\t\t<\/div>\n\t\t\t\t\t\t<\/div>\n\t\t\t\t\t<\/div>","protected":false},"excerpt":{"rendered":"<p>Bijoux pour la maison, les Okimonos sont con\u00e7us pour se nicher au c\u0153ur de la maison, dans son temple, un espace qui rappellera le Tokonoma japonais, une alc\u00f4ve au plancher l\u00e9g\u00e8rement sur\u00e9lev\u00e9 accueillant des objets raffin\u00e9s. Au croisement de l\u2019artisanat, de l\u2019art et du sacr\u00e9, suspensions, encensoirs et soliflors, accompagnent le quotidien de leur pr\u00e9sence &hellip;<\/p>","protected":false},"author":1,"featured_media":0,"parent":0,"menu_order":0,"comment_status":"closed","ping_status":"closed","template":"","meta":[],"yoast_head":"<!-- This site is optimized with the Yoast SEO plugin v17.0 - https:\/\/yoast.com\/wordpress\/plugins\/seo\/ -->\n<title>OKIMONO - Ambre Cardinal<\/title>\n<meta name=\"robots\" content=\"index, follow, max-snippet:-1, max-image-preview:large, max-video-preview:-1\" \/>\n<link rel=\"canonical\" href=\"https:\/\/ambrecardinal.com\/en\/okimono\/\" \/>\n<meta property=\"og:locale\" content=\"en_US\" \/>\n<meta property=\"og:type\" content=\"article\" \/>\n<meta property=\"og:title\" content=\"OKIMONO - Ambre Cardinal\" \/>\n<meta property=\"og:description\" content=\"Bijoux pour la maison, les Okimonos sont con\u00e7us pour se nicher au c\u0153ur de la maison, dans son temple, un espace qui rappellera le Tokonoma japonais, une alc\u00f4ve au plancher l\u00e9g\u00e8rement sur\u00e9lev\u00e9 accueillant des objets raffin\u00e9s. Au croisement de l\u2019artisanat, de l\u2019art et du sacr\u00e9, suspensions, encensoirs et soliflors, accompagnent le quotidien de leur pr\u00e9sence &hellip;\" \/>\n<meta property=\"og:url\" content=\"https:\/\/ambrecardinal.com\/en\/okimono\/\" \/>\n<meta property=\"og:site_name\" content=\"Ambre Cardinal\" \/>\n<meta property=\"article:modified_time\" content=\"2022-04-07T19:25:04+00:00\" \/>\n<meta property=\"og:image\" content=\"https:\/\/ambrecardinal.com\/wp-content\/uploads\/2021\/09\/encensoir-objet-design-art-craft-ambrecardinal-395x1024.jpg\" \/>\n<meta name=\"twitter:card\" content=\"summary_large_image\" \/>\n<meta name=\"twitter:label1\" content=\"Est. reading time\" \/>\n\t<meta name=\"twitter:data1\" content=\"1 minute\" \/>\n<script type=\"application\/ld+json\" class=\"yoast-schema-graph\">{\"@context\":\"https:\/\/schema.org\",\"@graph\":[{\"@type\":\"WebSite\",\"@id\":\"https:\/\/ambrecardinal.com\/#website\",\"url\":\"https:\/\/ambrecardinal.com\/\",\"name\":\"Ambre Cardinal\",\"description\":\"Sculpture - art - Jewelry  -design\",\"potentialAction\":[{\"@type\":\"SearchAction\",\"target\":{\"@type\":\"EntryPoint\",\"urlTemplate\":\"https:\/\/ambrecardinal.com\/?s={search_term_string}\"},\"query-input\":\"required name=search_term_string\"}],\"inLanguage\":\"en-US\"},{\"@type\":\"ImageObject\",\"@id\":\"https:\/\/ambrecardinal.com\/okimono\/#primaryimage\",\"inLanguage\":\"en-US\",\"url\":\"https:\/\/ambrecardinal.com\/wp-content\/uploads\/2021\/09\/encensoir-objet-design-art-craft-ambrecardinal-395x1024.jpg\",\"contentUrl\":\"https:\/\/ambrecardinal.com\/wp-content\/uploads\/2021\/09\/encensoir-objet-design-art-craft-ambrecardinal-395x1024.jpg\"},{\"@type\":\"WebPage\",\"@id\":\"https:\/\/ambrecardinal.com\/okimono\/#webpage\",\"url\":\"https:\/\/ambrecardinal.com\/okimono\/\",\"name\":\"OKIMONO - Ambre Cardinal\",\"isPartOf\":{\"@id\":\"https:\/\/ambrecardinal.com\/#website\"},\"primaryImageOfPage\":{\"@id\":\"https:\/\/ambrecardinal.com\/okimono\/#primaryimage\"},\"datePublished\":\"2021-09-13T19:35:09+00:00\",\"dateModified\":\"2022-04-07T19:25:04+00:00\",\"breadcrumb\":{\"@id\":\"https:\/\/ambrecardinal.com\/okimono\/#breadcrumb\"},\"inLanguage\":\"en-US\",\"potentialAction\":[{\"@type\":\"ReadAction\",\"target\":[\"https:\/\/ambrecardinal.com\/okimono\/\"]}]},{\"@type\":\"BreadcrumbList\",\"@id\":\"https:\/\/ambrecardinal.com\/okimono\/#breadcrumb\",\"itemListElement\":[{\"@type\":\"ListItem\",\"position\":1,\"name\":\"Accueil\",\"item\":\"https:\/\/ambrecardinal.com\/\"},{\"@type\":\"ListItem\",\"position\":2,\"name\":\"OKIMONO\"}]}]}<\/script>\n<!-- \/ Yoast SEO plugin. -->","yoast_head_json":{"title":"OKIMONO - Ambre Cardinal","robots":{"index":"index","follow":"follow","max-snippet":"max-snippet:-1","max-image-preview":"max-image-preview:large","max-video-preview":"max-video-preview:-1"},"canonical":"https:\/\/ambrecardinal.com\/en\/okimono\/","og_locale":"en_US","og_type":"article","og_title":"OKIMONO - Ambre Cardinal","og_description":"Bijoux pour la maison, les Okimonos sont con\u00e7us pour se nicher au c\u0153ur de la maison, dans son temple, un espace qui rappellera le Tokonoma japonais, une alc\u00f4ve au plancher l\u00e9g\u00e8rement sur\u00e9lev\u00e9 accueillant des objets raffin\u00e9s. Au croisement de l\u2019artisanat, de l\u2019art et du sacr\u00e9, suspensions, encensoirs et soliflors, accompagnent le quotidien de leur pr\u00e9sence &hellip;","og_url":"https:\/\/ambrecardinal.com\/en\/okimono\/","og_site_name":"Ambre Cardinal","article_modified_time":"2022-04-07T19:25:04+00:00","og_image":[{"url":"https:\/\/ambrecardinal.com\/wp-content\/uploads\/2021\/09\/encensoir-objet-design-art-craft-ambrecardinal-395x1024.jpg"}],"twitter_card":"summary_large_image","twitter_misc":{"Est. reading time":"1 minute"},"schema":{"@context":"https:\/\/schema.org","@graph":[{"@type":"WebSite","@id":"https:\/\/ambrecardinal.com\/#website","url":"https:\/\/ambrecardinal.com\/","name":"Ambre Cardinal","description":"Sculpture - art - Jewelry  -design","potentialAction":[{"@type":"SearchAction","target":{"@type":"EntryPoint","urlTemplate":"https:\/\/ambrecardinal.com\/?s={search_term_string}"},"query-input":"required name=search_term_string"}],"inLanguage":"en-US"},{"@type":"ImageObject","@id":"https:\/\/ambrecardinal.com\/okimono\/#primaryimage","inLanguage":"en-US","url":"https:\/\/ambrecardinal.com\/wp-content\/uploads\/2021\/09\/encensoir-objet-design-art-craft-ambrecardinal-395x1024.jpg","contentUrl":"https:\/\/ambrecardinal.com\/wp-content\/uploads\/2021\/09\/encensoir-objet-design-art-craft-ambrecardinal-395x1024.jpg"},{"@type":"WebPage","@id":"https:\/\/ambrecardinal.com\/okimono\/#webpage","url":"https:\/\/ambrecardinal.com\/okimono\/","name":"OKIMONO - Ambre Cardinal","isPartOf":{"@id":"https:\/\/ambrecardinal.com\/#website"},"primaryImageOfPage":{"@id":"https:\/\/ambrecardinal.com\/okimono\/#primaryimage"},"datePublished":"2021-09-13T19:35:09+00:00","dateModified":"2022-04-07T19:25:04+00:00","breadcrumb":{"@id":"https:\/\/ambrecardinal.com\/okimono\/#breadcrumb"},"inLanguage":"en-US","potentialAction":[{"@type":"ReadAction","target":["https:\/\/ambrecardinal.com\/okimono\/"]}]},{"@type":"BreadcrumbList","@id":"https:\/\/ambrecardinal.com\/okimono\/#breadcrumb","itemListElement":[{"@type":"ListItem","position":1,"name":"Accueil","item":"https:\/\/ambrecardinal.com\/"},{"@type":"ListItem","position":2,"name":"OKIMONO"}]}]}},"_links":{"self":[{"href":"https:\/\/ambrecardinal.com\/en\/wp-json\/wp\/v2\/pages\/6330"}],"collection":[{"href":"https:\/\/ambrecardinal.com\/en\/wp-json\/wp\/v2\/pages"}],"about":[{"href":"https:\/\/ambrecardinal.com\/en\/wp-json\/wp\/v2\/types\/page"}],"author":[{"embeddable":true,"href":"https:\/\/ambrecardinal.com\/en\/wp-json\/wp\/v2\/users\/1"}],"replies":[{"embeddable":true,"href":"https:\/\/ambrecardinal.com\/en\/wp-json\/wp\/v2\/comments?post=6330"}],"version-history":[{"count":14,"href":"https:\/\/ambrecardinal.com\/en\/wp-json\/wp\/v2\/pages\/6330\/revisions"}],"predecessor-version":[{"id":13583,"href":"https:\/\/ambrecardinal.com\/en\/wp-json\/wp\/v2\/pages\/6330\/revisions\/13583"}],"wp:attachment":[{"href":"https:\/\/ambrecardinal.com\/en\/wp-json\/wp\/v2\/media?parent=6330"}],"curies":[{"name":"wp","href":"https:\/\/api.w.org\/{rel}","templated":true}]}}