{"id":3115,"date":"2021-08-23T23:20:22","date_gmt":"2021-08-23T21:20:22","guid":{"rendered":"https:\/\/ambrecardinal.com\/?page_id=3115"},"modified":"2022-04-07T21:06:58","modified_gmt":"2022-04-07T19:06:58","slug":"tableaux-vivants-2","status":"publish","type":"page","link":"https:\/\/ambrecardinal.com\/en\/tableaux-vivants-2\/","title":{"rendered":"TABLEAUX VIVANTS"},"content":{"rendered":"<div data-elementor-type=\"wp-page\" data-elementor-id=\"3115\" class=\"elementor elementor-3115\" data-elementor-settings=\"[]\">\n\t\t\t\t\t\t<div class=\"elementor-inner\">\n\t\t\t\t\t\t\t<div class=\"elementor-section-wrap\">\n\t\t\t\t\t\t\t<section class=\"elementor-section elementor-top-section elementor-element elementor-element-90a7ef8 elementor-hidden-desktop elementor-section-boxed elementor-section-height-default elementor-section-height-default\" data-id=\"90a7ef8\" data-element_type=\"section\">\n\t\t\t\t\t\t<div class=\"elementor-container elementor-column-gap-default\">\n\t\t\t\t\t\t\t<div class=\"elementor-row\">\n\t\t\t\t\t<div class=\"elementor-column elementor-col-100 elementor-top-column elementor-element elementor-element-a1532f7\" data-id=\"a1532f7\" data-element_type=\"column\">\n\t\t\t<div class=\"elementor-column-wrap elementor-element-populated\">\n\t\t\t\t\t\t\t<div class=\"elementor-widget-wrap\">\n\t\t\t\t\t\t<div class=\"elementor-element elementor-element-5610bec elementor-widget elementor-widget-image\" data-id=\"5610bec\" data-element_type=\"widget\" data-widget_type=\"image.default\">\n\t\t\t\t<div class=\"elementor-widget-container\">\n\t\t\t\t\t\t\t\t<div class=\"elementor-image\">\n\t\t\t\t\t\t\t\t\t\t\t\t<img width=\"465\" height=\"1024\" src=\"https:\/\/ambrecardinal.com\/wp-content\/uploads\/2021\/08\/tableau-vivat-photographie-art-artiste-ambre-cardinal-bois-metal-web-2-465x1024.jpg\" class=\"attachment-large size-large\" alt=\"\" loading=\"lazy\" srcset=\"https:\/\/ambrecardinal.com\/wp-content\/uploads\/2021\/08\/tableau-vivat-photographie-art-artiste-ambre-cardinal-bois-metal-web-2-465x1024.jpg 465w, https:\/\/ambrecardinal.com\/wp-content\/uploads\/2021\/08\/tableau-vivat-photographie-art-artiste-ambre-cardinal-bois-metal-web-2-136x300.jpg 136w, https:\/\/ambrecardinal.com\/wp-content\/uploads\/2021\/08\/tableau-vivat-photographie-art-artiste-ambre-cardinal-bois-metal-web-2-768x1690.jpg 768w, https:\/\/ambrecardinal.com\/wp-content\/uploads\/2021\/08\/tableau-vivat-photographie-art-artiste-ambre-cardinal-bois-metal-web-2-698x1536.jpg 698w, https:\/\/ambrecardinal.com\/wp-content\/uploads\/2021\/08\/tableau-vivat-photographie-art-artiste-ambre-cardinal-bois-metal-web-2-11x24.jpg 11w, https:\/\/ambrecardinal.com\/wp-content\/uploads\/2021\/08\/tableau-vivat-photographie-art-artiste-ambre-cardinal-bois-metal-web-2-16x36.jpg 16w, https:\/\/ambrecardinal.com\/wp-content\/uploads\/2021\/08\/tableau-vivat-photographie-art-artiste-ambre-cardinal-bois-metal-web-2-22x48.jpg 22w, https:\/\/ambrecardinal.com\/wp-content\/uploads\/2021\/08\/tableau-vivat-photographie-art-artiste-ambre-cardinal-bois-metal-web-2-350x770.jpg 350w, https:\/\/ambrecardinal.com\/wp-content\/uploads\/2021\/08\/tableau-vivat-photographie-art-artiste-ambre-cardinal-bois-metal-web-2-680x1496.jpg 680w, https:\/\/ambrecardinal.com\/wp-content\/uploads\/2021\/08\/tableau-vivat-photographie-art-artiste-ambre-cardinal-bois-metal-web-2.jpg 909w\" sizes=\"(max-width: 465px) 100vw, 465px\" \/>\t\t\t\t\t\t\t\t\t\t\t\t\t\t<\/div>\n\t\t\t\t\t\t<\/div>\n\t\t\t\t<\/div>\n\t\t\t\t\t\t<\/div>\n\t\t\t\t\t<\/div>\n\t\t<\/div>\n\t\t\t\t\t\t\t\t<\/div>\n\t\t\t\t\t<\/div>\n\t\t<\/section>\n\t\t\t\t<section class=\"elementor-section elementor-top-section elementor-element elementor-element-260fe5b elementor-hidden-tablet elementor-hidden-mobile elementor-section-boxed elementor-section-height-default elementor-section-height-default\" data-id=\"260fe5b\" data-element_type=\"section\">\n\t\t\t\t\t\t<div class=\"elementor-container elementor-column-gap-default\">\n\t\t\t\t\t\t\t<div class=\"elementor-row\">\n\t\t\t\t\t<div class=\"elementor-column elementor-col-100 elementor-top-column elementor-element elementor-element-930804a\" data-id=\"930804a\" data-element_type=\"column\">\n\t\t\t<div class=\"elementor-column-wrap elementor-element-populated\">\n\t\t\t\t\t\t\t<div class=\"elementor-widget-wrap\">\n\t\t\t\t\t\t<div class=\"elementor-element elementor-element-7dd977e elementor-widget elementor-widget-image\" data-id=\"7dd977e\" data-element_type=\"widget\" data-widget_type=\"image.default\">\n\t\t\t\t<div class=\"elementor-widget-container\">\n\t\t\t\t\t\t\t\t<div class=\"elementor-image\">\n\t\t\t\t\t\t\t\t\t\t\t\t<img width=\"909\" height=\"2000\" src=\"https:\/\/ambrecardinal.com\/wp-content\/uploads\/2021\/08\/tableau-vivat-photographie-art-artiste-ambre-cardinal-bois-metal-web-2.jpg\" class=\"attachment-full size-full\" alt=\"\" loading=\"lazy\" srcset=\"https:\/\/ambrecardinal.com\/wp-content\/uploads\/2021\/08\/tableau-vivat-photographie-art-artiste-ambre-cardinal-bois-metal-web-2.jpg 909w, https:\/\/ambrecardinal.com\/wp-content\/uploads\/2021\/08\/tableau-vivat-photographie-art-artiste-ambre-cardinal-bois-metal-web-2-136x300.jpg 136w, https:\/\/ambrecardinal.com\/wp-content\/uploads\/2021\/08\/tableau-vivat-photographie-art-artiste-ambre-cardinal-bois-metal-web-2-465x1024.jpg 465w, https:\/\/ambrecardinal.com\/wp-content\/uploads\/2021\/08\/tableau-vivat-photographie-art-artiste-ambre-cardinal-bois-metal-web-2-768x1690.jpg 768w, https:\/\/ambrecardinal.com\/wp-content\/uploads\/2021\/08\/tableau-vivat-photographie-art-artiste-ambre-cardinal-bois-metal-web-2-698x1536.jpg 698w, https:\/\/ambrecardinal.com\/wp-content\/uploads\/2021\/08\/tableau-vivat-photographie-art-artiste-ambre-cardinal-bois-metal-web-2-11x24.jpg 11w, https:\/\/ambrecardinal.com\/wp-content\/uploads\/2021\/08\/tableau-vivat-photographie-art-artiste-ambre-cardinal-bois-metal-web-2-16x36.jpg 16w, https:\/\/ambrecardinal.com\/wp-content\/uploads\/2021\/08\/tableau-vivat-photographie-art-artiste-ambre-cardinal-bois-metal-web-2-22x48.jpg 22w, https:\/\/ambrecardinal.com\/wp-content\/uploads\/2021\/08\/tableau-vivat-photographie-art-artiste-ambre-cardinal-bois-metal-web-2-350x770.jpg 350w, https:\/\/ambrecardinal.com\/wp-content\/uploads\/2021\/08\/tableau-vivat-photographie-art-artiste-ambre-cardinal-bois-metal-web-2-680x1496.jpg 680w\" sizes=\"(max-width: 909px) 100vw, 909px\" \/>\t\t\t\t\t\t\t\t\t\t\t\t\t\t<\/div>\n\t\t\t\t\t\t<\/div>\n\t\t\t\t<\/div>\n\t\t\t\t\t\t<\/div>\n\t\t\t\t\t<\/div>\n\t\t<\/div>\n\t\t\t\t\t\t\t\t<\/div>\n\t\t\t\t\t<\/div>\n\t\t<\/section>\n\t\t\t\t<section class=\"elementor-section elementor-top-section elementor-element elementor-element-4358895 elementor-section-boxed elementor-section-height-default elementor-section-height-default\" data-id=\"4358895\" data-element_type=\"section\">\n\t\t\t\t\t\t<div class=\"elementor-container elementor-column-gap-default\">\n\t\t\t\t\t\t\t<div class=\"elementor-row\">\n\t\t\t\t\t<div class=\"elementor-column elementor-col-100 elementor-top-column elementor-element elementor-element-e4b1a04\" data-id=\"e4b1a04\" data-element_type=\"column\">\n\t\t\t<div class=\"elementor-column-wrap elementor-element-populated\">\n\t\t\t\t\t\t\t<div class=\"elementor-widget-wrap\">\n\t\t\t\t\t\t<div class=\"elementor-element elementor-element-1dc4d57 elementor-widget-divider--view-line elementor-widget elementor-widget-divider\" data-id=\"1dc4d57\" data-element_type=\"widget\" data-widget_type=\"divider.default\">\n\t\t\t\t<div class=\"elementor-widget-container\">\n\t\t\t\t\t<div class=\"elementor-divider\">\n\t\t\t<span class=\"elementor-divider-separator\">\n\t\t\t\t\t\t<\/span>\n\t\t<\/div>\n\t\t\t\t<\/div>\n\t\t\t\t<\/div>\n\t\t\t\t\t\t<\/div>\n\t\t\t\t\t<\/div>\n\t\t<\/div>\n\t\t\t\t\t\t\t\t<\/div>\n\t\t\t\t\t<\/div>\n\t\t<\/section>\n\t\t\t\t<section class=\"elementor-section elementor-top-section elementor-element elementor-element-82c49a8 elementor-section-boxed elementor-section-height-default elementor-section-height-default\" data-id=\"82c49a8\" data-element_type=\"section\">\n\t\t\t\t\t\t<div class=\"elementor-container elementor-column-gap-default\">\n\t\t\t\t\t\t\t<div class=\"elementor-row\">\n\t\t\t\t\t<div class=\"elementor-column elementor-col-100 elementor-top-column elementor-element elementor-element-4352aab\" data-id=\"4352aab\" data-element_type=\"column\">\n\t\t\t<div class=\"elementor-column-wrap elementor-element-populated\">\n\t\t\t\t\t\t\t<div class=\"elementor-widget-wrap\">\n\t\t\t\t\t\t<div class=\"elementor-element elementor-element-afe779e elementor-widget elementor-widget-text-editor\" data-id=\"afe779e\" data-element_type=\"widget\" data-widget_type=\"text-editor.default\">\n\t\t\t\t<div class=\"elementor-widget-container\">\n\t\t\t\t\t\t\t\t<div class=\"elementor-text-editor elementor-clearfix\">\n\t\t\t\t<p><span style=\"font-size: 14pt;\">On the photo-printed\u00a0yakisugi, or Japanese burnt wood, each piece of jewelry is set in designated places \u2013 it is where the tale of dreams start.<\/span><\/p><p><span style=\"font-size: 14pt;\">Magnified by the jewelry, the diversity of women bodies comes to life. Along with the graceful details of the tableau and jewelry, what was perceived as a two-dimensional image becomes a three-dimensional sculpture. Once removed from the tableau, the jewelry adorns another moving body.<\/span><\/p><p><span style=\"font-size: 14pt;\">\u201cThese pieces\u00a0were inspired by a painting I discovered by chance in a small chapel at Br\u00e9hat Island in Brittany.\u00a0The painting depicted an angel armed with a spear, which seemed to be connected to an actual rope hanging from the ceiling.\u201d\u00a0<\/span><\/p><p>\u00a0<\/p><p style=\"text-align: right;\"><span style=\"font-size: 14pt;\">\u201cOne should either be a work of art, or wear a work of art.\u201d\nOscar Wilde<\/span><\/p>\t\t\t\t\t<\/div>\n\t\t\t\t\t\t<\/div>\n\t\t\t\t<\/div>\n\t\t\t\t\t\t<\/div>\n\t\t\t\t\t<\/div>\n\t\t<\/div>\n\t\t\t\t\t\t\t\t<\/div>\n\t\t\t\t\t<\/div>\n\t\t<\/section>\n\t\t\t\t<section class=\"elementor-section elementor-top-section elementor-element elementor-element-1c3cfdc elementor-section-boxed elementor-section-height-default elementor-section-height-default\" data-id=\"1c3cfdc\" data-element_type=\"section\">\n\t\t\t\t\t\t<div class=\"elementor-container elementor-column-gap-default\">\n\t\t\t\t\t\t\t<div class=\"elementor-row\">\n\t\t\t\t\t<div class=\"elementor-column elementor-col-100 elementor-top-column elementor-element elementor-element-b57a3d6\" data-id=\"b57a3d6\" data-element_type=\"column\">\n\t\t\t<div class=\"elementor-column-wrap elementor-element-populated\">\n\t\t\t\t\t\t\t<div class=\"elementor-widget-wrap\">\n\t\t\t\t\t\t<div class=\"elementor-element elementor-element-6ac8b98 elementor-widget-divider--view-line elementor-widget elementor-widget-divider\" data-id=\"6ac8b98\" data-element_type=\"widget\" data-widget_type=\"divider.default\">\n\t\t\t\t<div class=\"elementor-widget-container\">\n\t\t\t\t\t<div class=\"elementor-divider\">\n\t\t\t<span class=\"elementor-divider-separator\">\n\t\t\t\t\t\t<\/span>\n\t\t<\/div>\n\t\t\t\t<\/div>\n\t\t\t\t<\/div>\n\t\t\t\t\t\t<\/div>\n\t\t\t\t\t<\/div>\n\t\t<\/div>\n\t\t\t\t\t\t\t\t<\/div>\n\t\t\t\t\t<\/div>\n\t\t<\/section>\n\t\t\t\t<section class=\"elementor-section elementor-top-section elementor-element elementor-element-b2efe51 elementor-section-boxed elementor-section-height-default elementor-section-height-default\" data-id=\"b2efe51\" data-element_type=\"section\">\n\t\t\t\t\t\t<div class=\"elementor-container elementor-column-gap-default\">\n\t\t\t\t\t\t\t<div class=\"elementor-row\">\n\t\t\t\t\t<div class=\"elementor-column elementor-col-100 elementor-top-column elementor-element elementor-element-5195925\" data-id=\"5195925\" data-element_type=\"column\">\n\t\t\t<div class=\"elementor-column-wrap elementor-element-populated\">\n\t\t\t\t\t\t\t<div class=\"elementor-widget-wrap\">\n\t\t\t\t\t\t<div class=\"elementor-element elementor-element-387523b elementor-widget-divider--view-line elementor-widget elementor-widget-divider\" data-id=\"387523b\" data-element_type=\"widget\" data-widget_type=\"divider.default\">\n\t\t\t\t<div class=\"elementor-widget-container\">\n\t\t\t\t\t<div class=\"elementor-divider\">\n\t\t\t<span class=\"elementor-divider-separator\">\n\t\t\t\t\t\t<\/span>\n\t\t<\/div>\n\t\t\t\t<\/div>\n\t\t\t\t<\/div>\n\t\t\t\t\t\t<\/div>\n\t\t\t\t\t<\/div>\n\t\t<\/div>\n\t\t\t\t\t\t\t\t<\/div>\n\t\t\t\t\t<\/div>\n\t\t<\/section>\n\t\t\t\t<section class=\"elementor-section elementor-top-section elementor-element elementor-element-4c1a9b3 elementor-section-boxed elementor-section-height-default elementor-section-height-default\" data-id=\"4c1a9b3\" data-element_type=\"section\">\n\t\t\t\t\t\t<div class=\"elementor-container elementor-column-gap-default\">\n\t\t\t\t\t\t\t<div class=\"elementor-row\">\n\t\t\t\t\t<div class=\"elementor-column elementor-col-100 elementor-top-column elementor-element elementor-element-3830852\" data-id=\"3830852\" data-element_type=\"column\">\n\t\t\t<div class=\"elementor-column-wrap elementor-element-populated\">\n\t\t\t\t\t\t\t<div class=\"elementor-widget-wrap\">\n\t\t\t\t\t\t<div class=\"elementor-element elementor-element-5da7825 elementor-widget elementor-widget-text-editor\" data-id=\"5da7825\" data-element_type=\"widget\" data-widget_type=\"text-editor.default\">\n\t\t\t\t<div class=\"elementor-widget-container\">\n\t\t\t\t\t\t\t\t<div class=\"elementor-text-editor elementor-clearfix\">\n\t\t\t\t<div class=\"page\" title=\"Page 3\">\n<div class=\"layoutArea\">\n<div class=\"column\">\n<p>Medium : burnt wood + 24 carat gold plated brass\u00a0<br \/>Size: Various\u00a0<br \/>Year: 2021<\/p>\n<\/div>\n<\/div>\n<\/div>\t\t\t\t\t<\/div>\n\t\t\t\t\t\t<\/div>\n\t\t\t\t<\/div>\n\t\t\t\t\t\t<\/div>\n\t\t\t\t\t<\/div>\n\t\t<\/div>\n\t\t\t\t\t\t\t\t<\/div>\n\t\t\t\t\t<\/div>\n\t\t<\/section>\n\t\t\t\t<section class=\"elementor-section elementor-top-section elementor-element elementor-element-f425e96 elementor-section-boxed elementor-section-height-default elementor-section-height-default\" data-id=\"f425e96\" data-element_type=\"section\">\n\t\t\t\t\t\t<div class=\"elementor-container elementor-column-gap-default\">\n\t\t\t\t\t\t\t<div class=\"elementor-row\">\n\t\t\t\t\t<div class=\"elementor-column elementor-col-100 elementor-top-column elementor-element elementor-element-57cc483\" data-id=\"57cc483\" data-element_type=\"column\">\n\t\t\t<div class=\"elementor-column-wrap elementor-element-populated\">\n\t\t\t\t\t\t\t<div class=\"elementor-widget-wrap\">\n\t\t\t\t\t\t<div class=\"elementor-element elementor-element-a5414c7 elementor-mobile-align-center elementor-widget elementor-widget-button\" data-id=\"a5414c7\" data-element_type=\"widget\" data-widget_type=\"button.default\">\n\t\t\t\t<div class=\"elementor-widget-container\">\n\t\t\t\t\t<div class=\"elementor-button-wrapper\">\n\t\t\t<a href=\"https:\/\/ambrecardinal.com\/en\/sculpture-de-corps\/\" class=\"elementor-button-link elementor-button elementor-size-sm\" role=\"button\">\n\t\t\t\t\t\t<span class=\"elementor-button-content-wrapper\">\n\t\t\t\t\t\t<span class=\"elementor-button-text\">Back<\/span>\n\t\t<\/span>\n\t\t\t\t\t<\/a>\n\t\t<\/div>\n\t\t\t\t<\/div>\n\t\t\t\t<\/div>\n\t\t\t\t<div class=\"elementor-element elementor-element-cd62e6d elementor-widget elementor-widget-spacer\" data-id=\"cd62e6d\" data-element_type=\"widget\" data-widget_type=\"spacer.default\">\n\t\t\t\t<div class=\"elementor-widget-container\">\n\t\t\t\t\t<div class=\"elementor-spacer\">\n\t\t\t<div class=\"elementor-spacer-inner\"><\/div>\n\t\t<\/div>\n\t\t\t\t<\/div>\n\t\t\t\t<\/div>\n\t\t\t\t\t\t<\/div>\n\t\t\t\t\t<\/div>\n\t\t<\/div>\n\t\t\t\t\t\t\t\t<\/div>\n\t\t\t\t\t<\/div>\n\t\t<\/section>\n\t\t\t\t\t\t<\/div>\n\t\t\t\t\t\t<\/div>\n\t\t\t\t\t<\/div>","protected":false},"excerpt":{"rendered":"<p>Photos imprim\u00e9es sur Yakisugi, bois br\u00fbl\u00e9 japonais, sur lesquelles s\u2019inscrivent les bijoux, socle de r\u00e9el pour une parcelle de r\u00eave. L\u2019image devient alors sculpture. Magnifi\u00e9s par le bijou, les corps de femme prennent vie dans leur diversit\u00e9. Passer de deux dimensions \u00e0 trois par la gr\u00e2ce d\u2019un d\u00e9tail qui n\u2019en est pas un\u00a0: une fois &hellip;<\/p>","protected":false},"author":1,"featured_media":1395,"parent":0,"menu_order":0,"comment_status":"closed","ping_status":"closed","template":"","meta":[],"yoast_head":"<!-- This site is optimized with the Yoast SEO plugin v17.0 - https:\/\/yoast.com\/wordpress\/plugins\/seo\/ -->\n<title>TABLEAUX VIVANTS - Ambre Cardinal<\/title>\n<meta name=\"robots\" content=\"index, follow, max-snippet:-1, max-image-preview:large, max-video-preview:-1\" \/>\n<link rel=\"canonical\" href=\"https:\/\/ambrecardinal.com\/en\/tableaux-vivants-2\/\" \/>\n<meta property=\"og:locale\" content=\"en_US\" \/>\n<meta property=\"og:type\" content=\"article\" \/>\n<meta property=\"og:title\" content=\"TABLEAUX VIVANTS - Ambre Cardinal\" \/>\n<meta property=\"og:description\" content=\"Photos imprim\u00e9es sur Yakisugi, bois br\u00fbl\u00e9 japonais, sur lesquelles s\u2019inscrivent les bijoux, socle de r\u00e9el pour une parcelle de r\u00eave. L\u2019image devient alors sculpture. Magnifi\u00e9s par le bijou, les corps de femme prennent vie dans leur diversit\u00e9. Passer de deux dimensions \u00e0 trois par la gr\u00e2ce d\u2019un d\u00e9tail qui n\u2019en est pas un\u00a0: une fois &hellip;\" \/>\n<meta property=\"og:url\" content=\"https:\/\/ambrecardinal.com\/en\/tableaux-vivants-2\/\" \/>\n<meta property=\"og:site_name\" content=\"Ambre Cardinal\" \/>\n<meta property=\"article:modified_time\" content=\"2022-04-07T19:06:58+00:00\" \/>\n<meta property=\"og:image\" content=\"https:\/\/ambrecardinal.com\/wp-content\/uploads\/2019\/06\/tableau-photo-photography-ambre-cardinal-art-bois-photographie-art-direction-dance-contemporaine-bijoux-corps-mouvement.jpg\" \/>\n\t<meta property=\"og:image:width\" content=\"600\" \/>\n\t<meta property=\"og:image:height\" content=\"405\" \/>\n<meta name=\"twitter:card\" content=\"summary_large_image\" \/>\n<meta name=\"twitter:label1\" content=\"Est. reading time\" \/>\n\t<meta name=\"twitter:data1\" content=\"1 minute\" \/>\n<script type=\"application\/ld+json\" class=\"yoast-schema-graph\">{\"@context\":\"https:\/\/schema.org\",\"@graph\":[{\"@type\":\"WebSite\",\"@id\":\"https:\/\/ambrecardinal.com\/#website\",\"url\":\"https:\/\/ambrecardinal.com\/\",\"name\":\"Ambre Cardinal\",\"description\":\"Sculpture - art - Jewelry  -design\",\"potentialAction\":[{\"@type\":\"SearchAction\",\"target\":{\"@type\":\"EntryPoint\",\"urlTemplate\":\"https:\/\/ambrecardinal.com\/?s={search_term_string}\"},\"query-input\":\"required name=search_term_string\"}],\"inLanguage\":\"en-US\"},{\"@type\":\"ImageObject\",\"@id\":\"https:\/\/ambrecardinal.com\/tableaux-vivants-2\/#primaryimage\",\"inLanguage\":\"en-US\",\"url\":\"https:\/\/ambrecardinal.com\/wp-content\/uploads\/2019\/06\/tableau-photo-photography-ambre-cardinal-art-bois-photographie-art-direction-dance-contemporaine-bijoux-corps-mouvement.jpg\",\"contentUrl\":\"https:\/\/ambrecardinal.com\/wp-content\/uploads\/2019\/06\/tableau-photo-photography-ambre-cardinal-art-bois-photographie-art-direction-dance-contemporaine-bijoux-corps-mouvement.jpg\",\"width\":600,\"height\":405},{\"@type\":\"WebPage\",\"@id\":\"https:\/\/ambrecardinal.com\/tableaux-vivants-2\/#webpage\",\"url\":\"https:\/\/ambrecardinal.com\/tableaux-vivants-2\/\",\"name\":\"TABLEAUX VIVANTS - Ambre Cardinal\",\"isPartOf\":{\"@id\":\"https:\/\/ambrecardinal.com\/#website\"},\"primaryImageOfPage\":{\"@id\":\"https:\/\/ambrecardinal.com\/tableaux-vivants-2\/#primaryimage\"},\"datePublished\":\"2021-08-23T21:20:22+00:00\",\"dateModified\":\"2022-04-07T19:06:58+00:00\",\"breadcrumb\":{\"@id\":\"https:\/\/ambrecardinal.com\/tableaux-vivants-2\/#breadcrumb\"},\"inLanguage\":\"en-US\",\"potentialAction\":[{\"@type\":\"ReadAction\",\"target\":[\"https:\/\/ambrecardinal.com\/tableaux-vivants-2\/\"]}]},{\"@type\":\"BreadcrumbList\",\"@id\":\"https:\/\/ambrecardinal.com\/tableaux-vivants-2\/#breadcrumb\",\"itemListElement\":[{\"@type\":\"ListItem\",\"position\":1,\"name\":\"Accueil\",\"item\":\"https:\/\/ambrecardinal.com\/\"},{\"@type\":\"ListItem\",\"position\":2,\"name\":\"TABLEAUX VIVANTS\"}]}]}<\/script>\n<!-- \/ Yoast SEO plugin. -->","yoast_head_json":{"title":"TABLEAUX VIVANTS - Ambre Cardinal","robots":{"index":"index","follow":"follow","max-snippet":"max-snippet:-1","max-image-preview":"max-image-preview:large","max-video-preview":"max-video-preview:-1"},"canonical":"https:\/\/ambrecardinal.com\/en\/tableaux-vivants-2\/","og_locale":"en_US","og_type":"article","og_title":"TABLEAUX VIVANTS - Ambre Cardinal","og_description":"Photos imprim\u00e9es sur Yakisugi, bois br\u00fbl\u00e9 japonais, sur lesquelles s\u2019inscrivent les bijoux, socle de r\u00e9el pour une parcelle de r\u00eave. L\u2019image devient alors sculpture. Magnifi\u00e9s par le bijou, les corps de femme prennent vie dans leur diversit\u00e9. Passer de deux dimensions \u00e0 trois par la gr\u00e2ce d\u2019un d\u00e9tail qui n\u2019en est pas un\u00a0: une fois &hellip;","og_url":"https:\/\/ambrecardinal.com\/en\/tableaux-vivants-2\/","og_site_name":"Ambre Cardinal","article_modified_time":"2022-04-07T19:06:58+00:00","og_image":[{"width":600,"height":405,"url":"https:\/\/ambrecardinal.com\/wp-content\/uploads\/2019\/06\/tableau-photo-photography-ambre-cardinal-art-bois-photographie-art-direction-dance-contemporaine-bijoux-corps-mouvement.jpg","path":"\/home\/ambrecarlm\/www\/wp-content\/uploads\/2019\/06\/tableau-photo-photography-ambre-cardinal-art-bois-photographie-art-direction-dance-contemporaine-bijoux-corps-mouvement.jpg","size":"full","id":1395,"alt":"","pixels":243000,"type":"image\/jpeg"}],"twitter_card":"summary_large_image","twitter_misc":{"Est. reading time":"1 minute"},"schema":{"@context":"https:\/\/schema.org","@graph":[{"@type":"WebSite","@id":"https:\/\/ambrecardinal.com\/#website","url":"https:\/\/ambrecardinal.com\/","name":"Ambre Cardinal","description":"Sculpture - art - Jewelry  -design","potentialAction":[{"@type":"SearchAction","target":{"@type":"EntryPoint","urlTemplate":"https:\/\/ambrecardinal.com\/?s={search_term_string}"},"query-input":"required name=search_term_string"}],"inLanguage":"en-US"},{"@type":"ImageObject","@id":"https:\/\/ambrecardinal.com\/tableaux-vivants-2\/#primaryimage","inLanguage":"en-US","url":"https:\/\/ambrecardinal.com\/wp-content\/uploads\/2019\/06\/tableau-photo-photography-ambre-cardinal-art-bois-photographie-art-direction-dance-contemporaine-bijoux-corps-mouvement.jpg","contentUrl":"https:\/\/ambrecardinal.com\/wp-content\/uploads\/2019\/06\/tableau-photo-photography-ambre-cardinal-art-bois-photographie-art-direction-dance-contemporaine-bijoux-corps-mouvement.jpg","width":600,"height":405},{"@type":"WebPage","@id":"https:\/\/ambrecardinal.com\/tableaux-vivants-2\/#webpage","url":"https:\/\/ambrecardinal.com\/tableaux-vivants-2\/","name":"TABLEAUX VIVANTS - Ambre Cardinal","isPartOf":{"@id":"https:\/\/ambrecardinal.com\/#website"},"primaryImageOfPage":{"@id":"https:\/\/ambrecardinal.com\/tableaux-vivants-2\/#primaryimage"},"datePublished":"2021-08-23T21:20:22+00:00","dateModified":"2022-04-07T19:06:58+00:00","breadcrumb":{"@id":"https:\/\/ambrecardinal.com\/tableaux-vivants-2\/#breadcrumb"},"inLanguage":"en-US","potentialAction":[{"@type":"ReadAction","target":["https:\/\/ambrecardinal.com\/tableaux-vivants-2\/"]}]},{"@type":"BreadcrumbList","@id":"https:\/\/ambrecardinal.com\/tableaux-vivants-2\/#breadcrumb","itemListElement":[{"@type":"ListItem","position":1,"name":"Accueil","item":"https:\/\/ambrecardinal.com\/"},{"@type":"ListItem","position":2,"name":"TABLEAUX VIVANTS"}]}]}},"_links":{"self":[{"href":"https:\/\/ambrecardinal.com\/en\/wp-json\/wp\/v2\/pages\/3115"}],"collection":[{"href":"https:\/\/ambrecardinal.com\/en\/wp-json\/wp\/v2\/pages"}],"about":[{"href":"https:\/\/ambrecardinal.com\/en\/wp-json\/wp\/v2\/types\/page"}],"author":[{"embeddable":true,"href":"https:\/\/ambrecardinal.com\/en\/wp-json\/wp\/v2\/users\/1"}],"replies":[{"embeddable":true,"href":"https:\/\/ambrecardinal.com\/en\/wp-json\/wp\/v2\/comments?post=3115"}],"version-history":[{"count":23,"href":"https:\/\/ambrecardinal.com\/en\/wp-json\/wp\/v2\/pages\/3115\/revisions"}],"predecessor-version":[{"id":13555,"href":"https:\/\/ambrecardinal.com\/en\/wp-json\/wp\/v2\/pages\/3115\/revisions\/13555"}],"wp:featuredmedia":[{"embeddable":true,"href":"https:\/\/ambrecardinal.com\/en\/wp-json\/wp\/v2\/media\/1395"}],"wp:attachment":[{"href":"https:\/\/ambrecardinal.com\/en\/wp-json\/wp\/v2\/media?parent=3115"}],"curies":[{"name":"wp","href":"https:\/\/api.w.org\/{rel}","templated":true}]}}